{"id":3455,"date":"2024-02-07T17:44:22","date_gmt":"2024-02-07T17:44:22","guid":{"rendered":""},"modified":"2026-04-13T09:13:11","modified_gmt":"2026-04-13T07:13:11","slug":"stativruehrwerk-fuer-kleingebinde-antrieb-atex-zone-1","status":"publish","type":"product","link":"https:\/\/ptm-mechatronics.com\/pt\/product\/stativruehrwerk-fuer-kleingebinde-antrieb-atex-zone-1\/","title":{"rendered":"Batedeira pneum\u00e1tica para pequenos contentores e laborat\u00f3rio - ATEX"},"content":{"rendered":"<p>A misturadora de p\u00e9 para pequenos recipientes e laborat\u00f3rios \u00e9 a solu\u00e7\u00e3o ideal para processos de mistura eficientes e seguros na produ\u00e7\u00e3o. Combina a mais moderna tecnologia com uma opera\u00e7\u00e3o f\u00e1cil de utilizar, permitindo assim um processo de agita\u00e7\u00e3o optimizado em pequenos recipientes.<\/p>\n<h3><span style=\"font-size: 90%;\">Carater\u00edsticas e vantagens:<\/span><\/h3>\n<ul>\n<li>Acionamento pneum\u00e1tico potente: Para um desempenho de agita\u00e7\u00e3o fi\u00e1vel e constante.<\/li>\n<li>Manuseamento ergon\u00f3mico e seguro: O dispositivo de eleva\u00e7\u00e3o autom\u00e1tica facilita o processo de mistura e a mudan\u00e7a de recipientes e assegura um m\u00e9todo de trabalho ergon\u00f3mico.<\/li>\n<li>Flexibilidade gra\u00e7as \u00e0s alturas de agita\u00e7\u00e3o ajust\u00e1veis: Gra\u00e7as ao trav\u00e3o mec\u00e2nico, o suporte pode ser ajustado com precis\u00e3o a diferentes alturas de agita\u00e7\u00e3o. Isto assegura uma elevada precis\u00e3o de repeti\u00e7\u00e3o no processo de produ\u00e7\u00e3o e reduz os tempos de prepara\u00e7\u00e3o.<\/li>\n<li>Adapta\u00e7\u00e3o a diferentes tamanhos de recipientes: O suporte de fixa\u00e7\u00e3o permite a fixa\u00e7\u00e3o segura de recipientes de diferentes alturas e di\u00e2metros e garante a estabilidade durante o processo de mistura.<\/li>\n<li>Controlo simples: O pr\u00e1tico painel de controlo permite um funcionamento intuitivo e um controlo total do processo de mistura.<\/li>\n<\/ul>\n<p>Esta batedeira combina efici\u00eancia, seguran\u00e7a e versatilidade e \u00e9 a escolha perfeita para aplica\u00e7\u00f5es exigentes no processamento de pequenos recipientes.<\/p>\n<p>\u00c2mbito de fornecimento sem mesa e contentor<\/p>","protected":false},"excerpt":{"rendered":"<p>Batedeira potente para recipientes pequenos at\u00e9 30 litros - acionamento certificado para ATEX Zona 1 - elevada seguran\u00e7a no trabalho.<\/p>","protected":false},"featured_media":15351,"comment_status":"open","ping_status":"closed","template":"","meta":{"_acf_changed":false},"product_brand":[],"product_cat":[595,612],"product_tag":[2819,2820,2821,2822,2549,2814,2815,2816,2817,2818],"class_list":{"0":"post-3455","1":"product","2":"type-product","3":"status-publish","4":"has-post-thumbnail","6":"product_cat-ruehrwerkstechnik","7":"product_cat-kleingebinderuehrwerke","8":"product_tag-ruehrwerk-fuer-gefahrstoffe","9":"product_tag-kleingebinderuehrwerk-atex","10":"product_tag-ex-geschuetztes-ruehrwerk","11":"product_tag-atex-zertifiziertes-ruehrwerk","12":"product_tag-pneumatisches-ruehrwerk-atex","13":"product_tag-atex-ruehrwerk","14":"product_tag-stativruehrwerk-kleingebinde","15":"product_tag-explosionsgeschuetztes-ruehrwerk","16":"product_tag-ruehrwerk-zone-1","17":"product_tag-ptm-ruehrtechnik","18":"product_shipping_class-europalette-speditionsversand","19":"pa_antriebsart-pneumatisch","20":"pa_atex-fuer-atex-zone-1","21":"pa_atex-zone-122122","22":"pa_behaeltervolumen-10-20-liter","23":"pa_deckeldurchmesser-380mm","24":"pa_dichtung-ptfe","25":"pa_drehmoment-4nm","26":"pa_drehzahl-0-300-1-min","27":"pa_durchmesser-ruehrwelle-16mm","28":"pa_ex-gas-ex-ii-2-g-ex-h-iic-t5-gb-x","29":"pa_ex-staub-ex-ii-2-d-ex-h-iiic-t100c-db-x","30":"pa_geeignete-fassdurchmesser-30-liter","31":"pa_geraeuschpegel-75db","32":"pa_gesamtbreite-440mm","33":"pa_gesamthoehe-1335mm","34":"pa_gesamttiefe-600mm","35":"pa_labs-oel-und-silikonfrei","36":"pa_laenge-ruehrwelle-ca-360mm-ab-deckloberkante","37":"pa_material-deckel-v4a-edelstahl-1-4404","38":"pa_mittlerer-luftverbrauch-50l-min","39":"pa_model-eco-station-30","40":"pa_ruehrorgan-becherruehrorgan-eco-cup-170mm","41":"pa_stativverfahrweg-500mm","42":"pa_typ-stativruehrwerk","43":"pa_versorgung-5-6bar","45":"first","46":"instock","47":"taxable","48":"shipping-taxable","49":"purchasable","50":"product-type-simple"},"bundled_by":[],"bundle_stock_status":"instock","bundle_stock_quantity":null,"bundle_virtual":false,"bundle_layout":"","bundle_add_to_cart_form_location":"","bundle_editable_in_cart":false,"bundle_sold_individually_context":"","bundle_item_grouping":"","bundle_min_size":"","bundle_max_size":"","bundle_price":[],"bundled_items":[],"bundle_sell_ids":[],"exclude_global_add_ons":[],"addons":[],"acf":[],"_links":{"self":[{"href":"https:\/\/ptm-mechatronics.com\/pt\/wp-json\/wp\/v2\/product\/3455","targetHints":{"allow":["GET"]}}],"collection":[{"href":"https:\/\/ptm-mechatronics.com\/pt\/wp-json\/wp\/v2\/product"}],"about":[{"href":"https:\/\/ptm-mechatronics.com\/pt\/wp-json\/wp\/v2\/types\/product"}],"replies":[{"embeddable":true,"href":"https:\/\/ptm-mechatronics.com\/pt\/wp-json\/wp\/v2\/comments?post=3455"}],"wp:featuredmedia":[{"embeddable":true,"href":"https:\/\/ptm-mechatronics.com\/pt\/wp-json\/wp\/v2\/media\/15351"}],"wp:attachment":[{"href":"https:\/\/ptm-mechatronics.com\/pt\/wp-json\/wp\/v2\/media?parent=3455"}],"wp:term":[{"taxonomy":"product_brand","embeddable":true,"href":"https:\/\/ptm-mechatronics.com\/pt\/wp-json\/wp\/v2\/product_brand?post=3455"},{"taxonomy":"product_cat","embeddable":true,"href":"https:\/\/ptm-mechatronics.com\/pt\/wp-json\/wp\/v2\/product_cat?post=3455"},{"taxonomy":"product_tag","embeddable":true,"href":"https:\/\/ptm-mechatronics.com\/pt\/wp-json\/wp\/v2\/product_tag?post=3455"}],"curies":[{"name":"wp","href":"https:\/\/api.w.org\/{rel}","templated":true}]}}