{"id":3411,"date":"2024-02-07T17:44:21","date_gmt":"2024-02-07T17:44:21","guid":{"rendered":""},"modified":"2025-11-07T15:50:44","modified_gmt":"2025-11-07T14:50:44","slug":"ruehrwerk-fuer-60-liter-spundfass-antrieb-atex-zone-1","status":"publish","type":"product","link":"https:\/\/ptm-mechatronics.com\/pt\/product\/ruehrwerk-fuer-60-liter-spundfass-antrieb-atex-zone-1\/","title":{"rendered":"Agitador para barril de batoque de 60 litros - acionamento ATEX Zona 1"},"content":{"rendered":"<h1 data-start=\"224\" data-end=\"307\"><span style=\"font-size: 75%;\">Agitador pneum\u00e1tico para bid\u00f5es - certificado ATEX, robusto, flex\u00edvel, pronto a ser utilizado imediatamente<\/span><\/h1>\n<p data-start=\"309\" data-end=\"686\">O potente agitador pneum\u00e1tico para bid\u00f5es \u00e9 ideal para misturar de forma fi\u00e1vel uma vasta gama de meios - de baixa a alta viscosidade. A barra transversal ajust\u00e1vel, fabricada em a\u00e7o inoxid\u00e1vel V4A 1.4404 de alta qualidade, \u00e9 particularmente robusta e pode ser adaptada de forma flex\u00edvel aos di\u00e2metros dos contentores de 378 a 613 mm. O sistema \u00e9 fixado de forma segura atrav\u00e9s de dois grampos de liberta\u00e7\u00e3o r\u00e1pida.<\/p>\n<p data-start=\"688\" data-end=\"996\">O orif\u00edcio de ventila\u00e7\u00e3o, em conformidade com a norma DIN 6643 - G3\/4, permanece livremente acess\u00edvel. Gra\u00e7as ao misturador de l\u00e2minas inclinadas articulado fornecido, o agitador \u00e9 ideal para aberturas de barris de 2\u2033. Um eixo de agitador de a\u00e7o inoxid\u00e1vel correspondente est\u00e1 inclu\u00eddo no \u00e2mbito da entrega - o sistema est\u00e1, portanto, pronto para uso imediato.<\/p>\n<p data-start=\"688\" data-end=\"996\">Nota: Os barris de tamp\u00e3o n\u00e3o s\u00e3o normalizados. Verifique cuidadosamente as dimens\u00f5es e a profundidade do seu bid\u00e3o. Em alguns casos, pode ser necess\u00e1rio adaptar o eixo do agitador. Teremos todo o prazer em o aconselhar pessoalmente.<\/p>\n<p data-start=\"1202\" data-end=\"1247\">\u00c2mbito de fornecimento sem tambor e sem mangueira.<\/p>","protected":false},"excerpt":{"rendered":"<p>Agitador pneum\u00e1tico com travessa V4A para bid\u00f5es de batoque, pronto a ser utilizado imediatamente, ajust\u00e1vel de forma flex\u00edvel e ideal para aberturas de bid\u00f5es de 2\u2033.<\/p>","protected":false},"featured_media":15347,"comment_status":"open","ping_status":"closed","template":"","meta":{"_acf_changed":false},"product_brand":[],"product_cat":[603,595],"product_tag":[],"class_list":{"0":"post-3411","1":"product","2":"type-product","3":"status-publish","4":"has-post-thumbnail","6":"product_cat-fassruehrwerke","7":"product_cat-ruehrwerkstechnik","8":"product_shipping_class-karton-paketversand","9":"pa_antriebsart-pneumatisch","10":"pa_atex-zone-122122","11":"pa_behaeltervolumen-60-liter","12":"pa_dichtung-ptfe","13":"pa_drehmoment-8nm","14":"pa_drehzahl-0-300-1-min","15":"pa_durchmesser-ruehrwelle-20mm","16":"pa_ex-gas-ex-ii-2-g-ex-h-iic-t5-gb-x","17":"pa_ex-staub-ex-ii-2-d-ex-h-iiic-t100c-db-x","18":"pa_geeignete-fassdurchmesser-fuer-60-bis-200-liter-spundfaesser","19":"pa_geraeuschpegel-75db","20":"pa_labs-oel-und-silikonfrei","21":"pa_laenge-ruehrwelle-ca-545mm-ab-deckeloberkante","22":"pa_material-gehaeuse-aluminium-eloxiert","23":"pa_material-traverse-v4a-edelstahl-1-4404","24":"pa_mittlerer-luftverbrauch-50l-min","25":"pa_ruehrorgan-klapp-schraegblattmischer-d150mm","26":"pa_schutzart-ip67","27":"pa_steckverschraubung-abluft-schlauch-o10mm","28":"pa_steckverschraubung-zuluft-schlauch-o6mm","29":"pa_traversenspannweite-zwischen-378-und-613mm-einstellbar","30":"pa_typ-traversenruehrwerk","31":"pa_typ-spundfassruehrwerk","32":"pa_versorgung-5-6bar","34":"first","35":"instock","36":"taxable","37":"shipping-taxable","38":"purchasable","39":"product-type-simple"},"bundled_by":[],"bundle_stock_status":"instock","bundle_stock_quantity":null,"bundle_virtual":false,"bundle_layout":"","bundle_add_to_cart_form_location":"","bundle_editable_in_cart":false,"bundle_sold_individually_context":"","bundle_item_grouping":"","bundle_min_size":"","bundle_max_size":"","bundle_price":[],"bundled_items":[],"bundle_sell_ids":[],"exclude_global_add_ons":[],"addons":[],"acf":[],"_links":{"self":[{"href":"https:\/\/ptm-mechatronics.com\/pt\/wp-json\/wp\/v2\/product\/3411","targetHints":{"allow":["GET"]}}],"collection":[{"href":"https:\/\/ptm-mechatronics.com\/pt\/wp-json\/wp\/v2\/product"}],"about":[{"href":"https:\/\/ptm-mechatronics.com\/pt\/wp-json\/wp\/v2\/types\/product"}],"replies":[{"embeddable":true,"href":"https:\/\/ptm-mechatronics.com\/pt\/wp-json\/wp\/v2\/comments?post=3411"}],"wp:featuredmedia":[{"embeddable":true,"href":"https:\/\/ptm-mechatronics.com\/pt\/wp-json\/wp\/v2\/media\/15347"}],"wp:attachment":[{"href":"https:\/\/ptm-mechatronics.com\/pt\/wp-json\/wp\/v2\/media?parent=3411"}],"wp:term":[{"taxonomy":"product_brand","embeddable":true,"href":"https:\/\/ptm-mechatronics.com\/pt\/wp-json\/wp\/v2\/product_brand?post=3411"},{"taxonomy":"product_cat","embeddable":true,"href":"https:\/\/ptm-mechatronics.com\/pt\/wp-json\/wp\/v2\/product_cat?post=3411"},{"taxonomy":"product_tag","embeddable":true,"href":"https:\/\/ptm-mechatronics.com\/pt\/wp-json\/wp\/v2\/product_tag?post=3411"}],"curies":[{"name":"wp","href":"https:\/\/api.w.org\/{rel}","templated":true}]}}