{"id":3392,"date":"2024-02-07T17:44:21","date_gmt":"2024-02-07T17:44:21","guid":{"rendered":""},"modified":"2025-11-07T15:50:41","modified_gmt":"2025-11-07T14:50:41","slug":"deckelruehrwerk-fuer-ibc-container-ibc-light-antrieb-atex-zone-1","status":"publish","type":"product","link":"https:\/\/ptm-mechatronics.com\/pt\/product\/deckelruehrwerk-fuer-ibc-container-ibc-light-antrieb-atex-zone-1\/","title":{"rendered":"Agitador de tampas para IBC e contentor IBC light - acionamento ATEX zona 0\/1"},"content":{"rendered":"<p>O potente agitador de tampa pneum\u00e1tico IBC light para IBCs e contentores pode ser facilmente enroscado na abertura do contentor atrav\u00e9s da tampa de rosca. Com um peso de apenas 10,5 kg, o agitador leve pode ser manuseado por apenas uma pessoa. O agitador \u00e9 fornecido pronto a ser utilizado com um veio agitador adequado e um elemento agitador articulado a condizer.<\/p>\n<p>Nota: Infelizmente, os IBC n\u00e3o s\u00e3o normalizados. Por favor, verifique cuidadosamente as dimens\u00f5es. Pode contactar-nos a qualquer momento, teremos todo o prazer em aconselh\u00e1-lo.<\/p>\n<p>\u00c2mbito de fornecimento sem contentor<\/p>","protected":false},"excerpt":{"rendered":"<p>Agitador de tampa de IBC potente e extra leve, apenas 10,5 kg de peso total, incluindo agitador de copo<\/p>","protected":false},"featured_media":15342,"comment_status":"open","ping_status":"closed","template":"","meta":{"_acf_changed":false},"product_brand":[],"product_cat":[595,614],"product_tag":[],"class_list":{"0":"post-3392","1":"product","2":"type-product","3":"status-publish","4":"has-post-thumbnail","6":"product_cat-ruehrwerkstechnik","7":"product_cat-containerruehrwerke","8":"product_shipping_class-karton-paketversand","9":"pa_antriebsart-pneumatisch","10":"pa_atex-zone-0-1","11":"pa_behaeltervolumen-ibc","12":"pa_dichtung-ptfe","13":"pa_drehmoment-16nm","14":"pa_drehzahl-0-300-1-min","15":"pa_durchmesser-ruehrwelle-25mm","16":"pa_ex-gas-ex-ii-1-2-g-ex-h-iic-t5-ga-gb","17":"pa_ex-staub-ex-ii-1-2-d-ex-h-iiic-t100c-da-db","18":"pa_geeignete-ibc-groessen-600-1200-liter","19":"pa_geraeuschpegel-75db","20":"pa_labs-oel-und-silikonfrei","21":"pa_laenge-ruehrwelle-ca-795mm-ab-deckeloberkante","22":"pa_material-gehaeuse-aluminium-eloxiert","23":"pa_mittlerer-luftverbrauch-100l-min","24":"pa_oeffnung-dn160-und-dn225","25":"pa_ruehrorgan-becherruehrorgan-eco-cup-500mm","26":"pa_schutzart-ip67","27":"pa_steckverschraubung-abluft-schlauch-o12mm","28":"pa_steckverschraubung-zuluft-schlauch-o8mm","29":"pa_typ-deckelruehrwerk","30":"pa_versorgung-5-6bar","32":"first","33":"instock","34":"taxable","35":"shipping-taxable","36":"purchasable","37":"product-type-simple"},"bundled_by":[],"bundle_stock_status":"instock","bundle_stock_quantity":null,"bundle_virtual":false,"bundle_layout":"","bundle_add_to_cart_form_location":"","bundle_editable_in_cart":false,"bundle_sold_individually_context":"","bundle_item_grouping":"","bundle_min_size":"","bundle_max_size":"","bundle_price":[],"bundled_items":[],"bundle_sell_ids":[],"exclude_global_add_ons":[],"addons":[],"acf":[],"_links":{"self":[{"href":"https:\/\/ptm-mechatronics.com\/pt\/wp-json\/wp\/v2\/product\/3392","targetHints":{"allow":["GET"]}}],"collection":[{"href":"https:\/\/ptm-mechatronics.com\/pt\/wp-json\/wp\/v2\/product"}],"about":[{"href":"https:\/\/ptm-mechatronics.com\/pt\/wp-json\/wp\/v2\/types\/product"}],"replies":[{"embeddable":true,"href":"https:\/\/ptm-mechatronics.com\/pt\/wp-json\/wp\/v2\/comments?post=3392"}],"wp:featuredmedia":[{"embeddable":true,"href":"https:\/\/ptm-mechatronics.com\/pt\/wp-json\/wp\/v2\/media\/15342"}],"wp:attachment":[{"href":"https:\/\/ptm-mechatronics.com\/pt\/wp-json\/wp\/v2\/media?parent=3392"}],"wp:term":[{"taxonomy":"product_brand","embeddable":true,"href":"https:\/\/ptm-mechatronics.com\/pt\/wp-json\/wp\/v2\/product_brand?post=3392"},{"taxonomy":"product_cat","embeddable":true,"href":"https:\/\/ptm-mechatronics.com\/pt\/wp-json\/wp\/v2\/product_cat?post=3392"},{"taxonomy":"product_tag","embeddable":true,"href":"https:\/\/ptm-mechatronics.com\/pt\/wp-json\/wp\/v2\/product_tag?post=3392"}],"curies":[{"name":"wp","href":"https:\/\/api.w.org\/{rel}","templated":true}]}}