{"id":3264,"date":"2024-02-07T17:44:19","date_gmt":"2024-02-07T17:44:19","guid":{"rendered":""},"modified":"2026-03-09T10:32:03","modified_gmt":"2026-03-09T09:32:03","slug":"stativ-fuer-laborruehrer-125x200mm","status":"publish","type":"product","link":"https:\/\/ptm-mechatronics.com\/pt\/product\/stativ-fuer-laborruehrer-125x200mm\/","title":{"rendered":"Suporte para agitador de laborat\u00f3rio 125x200mm"},"content":{"rendered":"<p>O pr\u00e1tico suporte oferece-lhe uma op\u00e7\u00e3o de montagem est\u00e1vel e r\u00e1pida para agitadores de laborat\u00f3rio e outros equipamentos de laborat\u00f3rio. O equipamento pode ser fixado de forma flex\u00edvel ao suporte atrav\u00e9s de dois grampos de parafuso, para que a sua aplica\u00e7\u00e3o esteja pronta a ser utilizada de forma r\u00e1pida e fi\u00e1vel.<\/p>\n<p>Os nossos agitadores de laborat\u00f3rio eco-Lab e eco-Lab INOX podem ser montados direta e facilmente no suporte gra\u00e7as \u00e0 sua haste de montagem integrada. Isto permite um posicionamento seguro e um manuseamento conveniente para uma vasta gama de aplica\u00e7\u00f5es laboratoriais.<\/p>","protected":false},"excerpt":{"rendered":"<p>Suporte pequeno e pr\u00e1tico para recipientes com um di\u00e2metro m\u00e1ximo de 150 mm, incluindo dois grampos de parafuso.<\/p>","protected":false},"featured_media":15327,"comment_status":"open","ping_status":"closed","template":"","meta":{"_acf_changed":false},"product_brand":[],"product_cat":[595,596],"product_tag":[],"class_list":{"0":"post-3264","1":"product","2":"type-product","3":"status-publish","4":"has-post-thumbnail","6":"product_cat-ruehrwerkstechnik","7":"product_cat-laborruehrer","8":"product_shipping_class-karton-paketversand","9":"pa_grundflaeche-125x200mm","10":"pa_hoehe-500mm","11":"pa_stabdurchmesser-10mm","13":"first","14":"instock","15":"taxable","16":"shipping-taxable","17":"purchasable","18":"product-type-simple"},"bundled_by":[],"bundle_stock_status":"instock","bundle_stock_quantity":null,"bundle_virtual":false,"bundle_layout":"","bundle_add_to_cart_form_location":"","bundle_editable_in_cart":false,"bundle_sold_individually_context":"","bundle_item_grouping":"","bundle_min_size":"","bundle_max_size":"","bundle_price":[],"bundled_items":[],"bundle_sell_ids":[],"exclude_global_add_ons":[],"addons":[],"acf":[],"_links":{"self":[{"href":"https:\/\/ptm-mechatronics.com\/pt\/wp-json\/wp\/v2\/product\/3264","targetHints":{"allow":["GET"]}}],"collection":[{"href":"https:\/\/ptm-mechatronics.com\/pt\/wp-json\/wp\/v2\/product"}],"about":[{"href":"https:\/\/ptm-mechatronics.com\/pt\/wp-json\/wp\/v2\/types\/product"}],"replies":[{"embeddable":true,"href":"https:\/\/ptm-mechatronics.com\/pt\/wp-json\/wp\/v2\/comments?post=3264"}],"wp:featuredmedia":[{"embeddable":true,"href":"https:\/\/ptm-mechatronics.com\/pt\/wp-json\/wp\/v2\/media\/15327"}],"wp:attachment":[{"href":"https:\/\/ptm-mechatronics.com\/pt\/wp-json\/wp\/v2\/media?parent=3264"}],"wp:term":[{"taxonomy":"product_brand","embeddable":true,"href":"https:\/\/ptm-mechatronics.com\/pt\/wp-json\/wp\/v2\/product_brand?post=3264"},{"taxonomy":"product_cat","embeddable":true,"href":"https:\/\/ptm-mechatronics.com\/pt\/wp-json\/wp\/v2\/product_cat?post=3264"},{"taxonomy":"product_tag","embeddable":true,"href":"https:\/\/ptm-mechatronics.com\/pt\/wp-json\/wp\/v2\/product_tag?post=3264"}],"curies":[{"name":"wp","href":"https:\/\/api.w.org\/{rel}","templated":true}]}}