{"id":3256,"date":"2024-02-07T17:44:19","date_gmt":"2024-02-07T17:44:19","guid":{"rendered":""},"modified":"2026-03-09T10:30:45","modified_gmt":"2026-03-09T09:30:45","slug":"laborruehrer-eco-lab-900g-inox","status":"publish","type":"product","link":"https:\/\/ptm-mechatronics.com\/pt\/product\/laborruehrer-eco-lab-900g-inox\/","title":{"rendered":"Agitador de laborat\u00f3rio eco-Lab 900G INOX"},"content":{"rendered":"<p class=\"translation-block\" data-start=\"196\" data-end=\"555\">O <strong data-start=\"200\" data-end=\"228\">agitador de laborat\u00f3rio eco-Lab INOX<\/strong> \u00e9 feito de <strong data-start=\"251\" data-end=\"275\">a\u00e7o inoxid\u00e1vel V4A 1.4404<\/strong> de alta qualidade e impressiona pela sua excecional robustez, higiene e desempenho. Equipado com o eficiente <strong data-start=\"406\" data-end=\"428\">motoreco agitador<\/strong>, <strong data-start=\"430\" data-end=\"452\">mandril de a\u00e7\u00e3o r\u00e1pida<\/strong> e <strong data-start=\"457\" data-end=\"472\">haste de montagem<\/strong>, o eco-Lab INOX pode ser integrado sem esfor\u00e7o numa vasta gama de aplica\u00e7\u00f5es.<\/p>\n<p class=\"translation-block\" data-start=\"557\" data-end=\"961\">A sua <strong data-start=\"563\" data-end=\"583\">baixa velocidade<\/strong> combinada com o <strong data-start=\"601\" data-end=\"626\">muito elevado bin\u00e1rio<\/strong> permite uma mistura fi\u00e1vel e uniforme de todas as subst\u00e2ncias - desde meios de baixa viscosidade a meios de alta viscosidade. Gra\u00e7as \u00e0s <strong data-start=\"749\" data-end=\"783\">superf\u00edcies de a\u00e7o inoxid\u00e1vel polido<\/strong> e ao <strong data-start=\"788\" data-end=\"808\">design de bordas suaves<\/strong> (poucas bordas e rebaixos), o eco-Lab INOX foi especialmente concebido para utiliza\u00e7\u00e3o em <strong data-start=\"896\" data-end=\"910\">salas limpas<\/strong> e <strong data-start=\"915\" data-end=\"949\">\u00e1reas sens\u00edveis do ponto de vista higi\u00e9nico<\/strong>.<\/p>\n<p class=\"\" data-start=\"963\" data-end=\"994\">Vantagens num piscar de olhos:<\/p>\n<ul>\n<li data-start=\"997\" data-end=\"1033\">Fabricado em a\u00e7o inoxid\u00e1vel V4A 1.4404<\/li>\n<li data-start=\"997\" data-end=\"1033\">Elevado padr\u00e3o de higiene para salas limpas<\/li>\n<li data-start=\"997\" data-end=\"1033\">Adequado para meios de baixa e alta viscosidade<\/li>\n<li data-start=\"997\" data-end=\"1033\">Bin\u00e1rio elevado a baixa velocidade<\/li>\n<li data-start=\"997\" data-end=\"1033\">Integra\u00e7\u00e3o r\u00e1pida gra\u00e7as \u00e0 haste de montagem e ao mandril de aperto r\u00e1pido<\/li>\n<li data-start=\"997\" data-end=\"1033\">Superf\u00edcies polidas e resistentes<\/li>\n<li data-start=\"997\" data-end=\"1033\">Dur\u00e1vel e de f\u00e1cil manuten\u00e7\u00e3o<\/li>\n<\/ul>\n<p><span style=\"font-size: 75%;\">\u00c2mbito de fornecimento sem suporte e contentor<\/span><\/p>","protected":false},"excerpt":{"rendered":"<p>Agitador de laborat\u00f3rio em a\u00e7o inoxid\u00e1vel V4A 1.4404 de alta qualidade com bin\u00e1rio elevado a baixa velocidade, design higi\u00e9nico para uma utiliza\u00e7\u00e3o fi\u00e1vel em salas limpas, para subst\u00e2ncias de baixa a alta viscosidade.<\/p>","protected":false},"featured_media":15326,"comment_status":"open","ping_status":"closed","template":"","meta":{"_acf_changed":false},"product_brand":[],"product_cat":[595,596],"product_tag":[2835,2836,2837,2838,2839,2840,2841,2842,2843,2834],"class_list":{"0":"post-3256","1":"product","2":"type-product","3":"status-publish","4":"has-post-thumbnail","6":"product_cat-ruehrwerkstechnik","7":"product_cat-laborruehrer","8":"product_tag-eco-lab-inox","9":"product_tag-ruehrwerk-v4a-edelstahl","10":"product_tag-laborruehrwerk-kaufen","11":"product_tag-hygieneruehrwerk-reinraum","12":"product_tag-ruehrwerk-fuer-hochviskose-substanzen","13":"product_tag-ruehrwerk-mit-hohem-drehmoment","14":"product_tag-schnellspannfutter-ruehrwerk","15":"product_tag-laborruehrer-fuer-reinraum","16":"product_tag-hygienisches-ruehrwerk-edelstahl","17":"product_tag-laborruehrer-edelstahl","18":"product_shipping_class-karton-paketversand","19":"pa_antriebsart-pneumatisch","20":"pa_atex-zone-122122","21":"pa_dichtung-ptfe-fda-konform","22":"pa_drehmoment-4nm","23":"pa_drehzahl-0-600-1-min","24":"pa_durchmesser-106mm","25":"pa_ex-gas-ex-ii-2-g-ex-h-iic-t5-gb-x","26":"pa_ex-staub-ex-ii-2-d-ex-h-iiic-t100c-db-x","27":"pa_geraeuschpegel-75db","28":"pa_labeling-lasergravur","29":"pa_labs-oel-und-silikonfrei","30":"pa_material-gehaeuse-v4a-edelstahl-1-4404-elektropoliert","31":"pa_mittlerer-luftverbrauch-50l-min","32":"pa_model-eco-lab-900g-inox","33":"pa_montagestab-d12mm","34":"pa_reinraumklassifizierung-iso1-nach-din14644","35":"pa_schutzart-ip68","36":"pa_steckverschraubung-abluft-schlauch-o10mm","37":"pa_steckverschraubung-zuluft-schlauch-o6mm","38":"pa_versorgung-5-6bar","40":"first","41":"instock","42":"taxable","43":"shipping-taxable","44":"purchasable","45":"product-type-simple"},"bundled_by":[],"bundle_stock_status":"instock","bundle_stock_quantity":null,"bundle_virtual":false,"bundle_layout":"","bundle_add_to_cart_form_location":"","bundle_editable_in_cart":false,"bundle_sold_individually_context":"","bundle_item_grouping":"","bundle_min_size":"","bundle_max_size":"","bundle_price":[],"bundled_items":[],"bundle_sell_ids":[],"exclude_global_add_ons":[],"addons":[],"acf":[],"_links":{"self":[{"href":"https:\/\/ptm-mechatronics.com\/pt\/wp-json\/wp\/v2\/product\/3256","targetHints":{"allow":["GET"]}}],"collection":[{"href":"https:\/\/ptm-mechatronics.com\/pt\/wp-json\/wp\/v2\/product"}],"about":[{"href":"https:\/\/ptm-mechatronics.com\/pt\/wp-json\/wp\/v2\/types\/product"}],"replies":[{"embeddable":true,"href":"https:\/\/ptm-mechatronics.com\/pt\/wp-json\/wp\/v2\/comments?post=3256"}],"wp:featuredmedia":[{"embeddable":true,"href":"https:\/\/ptm-mechatronics.com\/pt\/wp-json\/wp\/v2\/media\/15326"}],"wp:attachment":[{"href":"https:\/\/ptm-mechatronics.com\/pt\/wp-json\/wp\/v2\/media?parent=3256"}],"wp:term":[{"taxonomy":"product_brand","embeddable":true,"href":"https:\/\/ptm-mechatronics.com\/pt\/wp-json\/wp\/v2\/product_brand?post=3256"},{"taxonomy":"product_cat","embeddable":true,"href":"https:\/\/ptm-mechatronics.com\/pt\/wp-json\/wp\/v2\/product_cat?post=3256"},{"taxonomy":"product_tag","embeddable":true,"href":"https:\/\/ptm-mechatronics.com\/pt\/wp-json\/wp\/v2\/product_tag?post=3256"}],"curies":[{"name":"wp","href":"https:\/\/api.w.org\/{rel}","templated":true}]}}