{"id":3240,"date":"2024-02-07T17:44:19","date_gmt":"2024-02-07T17:44:19","guid":{"rendered":""},"modified":"2026-03-09T10:29:18","modified_gmt":"2026-03-09T09:29:18","slug":"laborruehrer-eco-lab-900g","status":"publish","type":"product","link":"https:\/\/ptm-mechatronics.com\/pt\/product\/laborruehrer-eco-lab-900g\/","title":{"rendered":"Agitador de laborat\u00f3rio eco-Lab 900G"},"content":{"rendered":"<p data-start=\"211\" data-end=\"592\"><span class=\"_fadeIn_pfttw_8\">O <\/span><span class=\"_fadeIn_pfttw_8\">Agitador de laborat\u00f3rio <\/span><span class=\"_fadeIn_pfttw_8\">eco-<\/span><span class=\"_fadeIn_pfttw_8\">Laborat\u00f3rio<\/span> <span class=\"_fadeIn_pfttw_8\">\u00e9 <\/span><span class=\"_fadeIn_pfttw_8\">com <\/span><span class=\"_fadeIn_pfttw_8\">a <\/span><span class=\"_fadeIn_pfttw_8\">poderoso <\/span><span class=\"_fadeIn_pfttw_8\">Motor do agitador <\/span><span class=\"_fadeIn_pfttw_8\">ecol\u00f3gico<\/span><span class=\"_fadeIn_pfttw_8\">, <\/span><span class=\"_fadeIn_pfttw_8\">um <\/span><span class=\"_fadeIn_pfttw_8\">Mandril de aperto r\u00e1pido<\/span> <span class=\"_fadeIn_pfttw_8\">e <\/span><span class=\"_fadeIn_pfttw_8\">Haste de montagem<\/span> <span class=\"_fadeIn_pfttw_8\">equipado <\/span><span class=\"_fadeIn_pfttw_8\">e <\/span><span class=\"_fadeIn_pfttw_8\">folhas <\/span><span class=\"_fadeIn_pfttw_8\">em si <\/span><span class=\"_fadeIn_pfttw_8\">sem esfor\u00e7o <\/span><span class=\"_fadeIn_pfttw_8\">em <\/span><span class=\"_fadeIn_pfttw_8\">mais diversificada <\/span><span class=\"_fadeIn_pfttw_8\">Processos <\/span><span class=\"_fadeIn_pfttw_8\">integrar. <\/span><span class=\"_fadeIn_pfttw_8\">Agradecimentos a <\/span><span class=\"_fadeIn_pfttw_8\">ATEX-<\/span><span class=\"_fadeIn_pfttw_8\">Certifica\u00e7\u00e3o <\/span><span class=\"_fadeIn_pfttw_8\">para <\/span><span class=\"_fadeIn_pfttw_8\">Zona <\/span><span class=\"_fadeIn_pfttw_8\">1<\/span> <span class=\"_fadeIn_pfttw_8\">adequado <\/span><span class=\"_fadeIn_pfttw_8\">em si <\/span><span class=\"_fadeIn_pfttw_8\">a <\/span><span class=\"_fadeIn_pfttw_8\">Agitador <\/span><span class=\"_fadeIn_pfttw_8\">ideal <\/span><span class=\"_fadeIn_pfttw_8\">para <\/span><span class=\"_fadeIn_pfttw_8\">o <\/span><span class=\"_fadeIn_pfttw_8\">Utiliza\u00e7\u00e3o <\/span><span class=\"_fadeIn_pfttw_8\">em <\/span><span class=\"_fadeIn_pfttw_8\">atmosferas potencialmente explosivas <\/span><span class=\"_fadeIn_pfttw_8\">\u00c1reas<\/span> <span class=\"_fadeIn_pfttw_8\">a <\/span><span class=\"_fadeIn_pfttw_8\">Qu\u00edmica, <\/span><span class=\"_fadeIn_pfttw_8\">Farmac\u00eautico <\/span><span class=\"_fadeIn_pfttw_8\">ou <\/span><span class=\"_fadeIn_pfttw_8\">Ind\u00fastria de processamento<\/span><span class=\"_fadeIn_pfttw_8\">.<\/span><\/p>\n<p data-start=\"594\" data-end=\"1051\"><span class=\"_fadeIn_pfttw_8\">O seu <\/span><span class=\"_fadeIn_pfttw_8\">baixo <\/span><span class=\"_fadeIn_pfttw_8\">N\u00edvel de velocidade<\/span> <span class=\"_fadeIn_pfttw_8\">com <\/span><span class=\"_fadeIn_pfttw_8\">ao mesmo tempo <\/span><span class=\"_fadeIn_pfttw_8\">muito <\/span><span class=\"_fadeIn_pfttw_8\">elevado <\/span><span class=\"_fadeIn_pfttw_8\">Bin\u00e1rio<\/span> <span class=\"_fadeIn_pfttw_8\">fornece <\/span><span class=\"_fadeIn_pfttw_8\">para <\/span><span class=\"_fadeIn_pfttw_8\">um <\/span><span class=\"_fadeIn_pfttw_8\">mesmo, <\/span><span class=\"_fadeIn_pfttw_8\">fi\u00e1vel <\/span><span class=\"_fadeIn_pfttw_8\">Mistura <\/span><span class=\"_fadeIn_pfttw_8\">todos <\/span><span class=\"_fadeIn_pfttw_8\">Subst\u00e2ncias - <\/span><span class=\"_fadeIn_pfttw_8\">de <\/span><span class=\"_fadeIn_pfttw_8\">baixa viscosidade <\/span><span class=\"_fadeIn_pfttw_8\">L\u00edquidos <\/span><span class=\"_fadeIn_pfttw_8\">at\u00e9 <\/span><span class=\"_fadeIn_pfttw_8\">para <\/span><span class=\"_fadeIn_pfttw_8\">muito viscoso <\/span><span class=\"_fadeIn_pfttw_8\">Media<\/span><span class=\"_fadeIn_pfttw_8\">. <\/span><span class=\"_fadeIn_pfttw_8\">A <\/span><span class=\"_fadeIn_pfttw_8\">mais integrado <\/span><span class=\"_fadeIn_pfttw_8\">Bloco de liga\u00e7\u00e3o<\/span> <span class=\"_fadeIn_pfttw_8\">permite <\/span><span class=\"_fadeIn_pfttw_8\">o <\/span><span class=\"_fadeIn_pfttw_8\">simples <\/span><span class=\"_fadeIn_pfttw_8\">Liga\u00e7\u00e3o <\/span><span class=\"_fadeIn_pfttw_8\">de <\/span><span class=\"_fadeIn_pfttw_8\">Zu- <\/span><span class=\"_fadeIn_pfttw_8\">e <\/span><span class=\"_fadeIn_pfttw_8\">Ar de exaust\u00e3o<\/span><span class=\"_fadeIn_pfttw_8\">, <\/span><span class=\"_fadeIn_pfttw_8\">enquanto <\/span><span class=\"_fadeIn_pfttw_8\">a <\/span><span class=\"_fadeIn_pfttw_8\">exato <\/span><span class=\"_fadeIn_pfttw_8\">V\u00e1lvula de agulha <\/span><span class=\"_fadeIn_pfttw_8\">com <\/span><span class=\"_fadeIn_pfttw_8\">Escala<\/span> <span class=\"_fadeIn_pfttw_8\">a <\/span><span class=\"_fadeIn_pfttw_8\">cont\u00ednuo <\/span><span class=\"_fadeIn_pfttw_8\">Controlo da velocidade <\/span><span class=\"_fadeIn_pfttw_8\">permitido <\/span><span class=\"_fadeIn_pfttw_8\">e <\/span><span class=\"_fadeIn_pfttw_8\">em si <\/span><span class=\"_fadeIn_pfttw_8\">por <\/span><span class=\"_fadeIn_pfttw_8\">Premir o bot\u00e3o <\/span><span class=\"_fadeIn_pfttw_8\">seguro <\/span><span class=\"_fadeIn_pfttw_8\">fechadura<\/span> <span class=\"_fadeIn_pfttw_8\">folhas.<\/span><\/p>\n<p data-start=\"1053\" data-end=\"1084\"><span class=\"_fadeIn_pfttw_8\">Vantagens <\/span><span class=\"_fadeIn_pfttw_8\">sobre <\/span><span class=\"_fadeIn_pfttw_8\">um <\/span><span class=\"_fadeIn_pfttw_8\">Ver:<\/span><\/p>\n<ul>\n<li data-start=\"1087\" data-end=\"1117\"><span class=\"_fadeIn_pfttw_8\">ATEX-<\/span><span class=\"_fadeIn_pfttw_8\">certificado <\/span><span class=\"_fadeIn_pfttw_8\">para <\/span><span class=\"_fadeIn_pfttw_8\">Zona <\/span><span class=\"_fadeIn_pfttw_8\">1<\/span><\/li>\n<li data-start=\"1087\" data-end=\"1117\"><span class=\"_fadeIn_pfttw_8\">Mais eficiente <\/span><span class=\"_fadeIn_pfttw_8\">Motor do agitador <\/span><span class=\"_fadeIn_pfttw_8\">ecol\u00f3gico<\/span><\/li>\n<li data-start=\"1087\" data-end=\"1117\"><span class=\"_fadeIn_pfttw_8\">Mandril de aperto r\u00e1pido &amp; <\/span><span class=\"_fadeIn_pfttw_8\">Haste de montagem <\/span><span class=\"_fadeIn_pfttw_8\">inclusive<\/span><\/li>\n<li data-start=\"1087\" data-end=\"1117\"><span class=\"_fadeIn_pfttw_8\">Para <\/span><span class=\"_fadeIn_pfttw_8\">baixo <\/span><span class=\"_fadeIn_pfttw_8\">e <\/span><span class=\"_fadeIn_pfttw_8\">alta viscosidade <\/span><span class=\"_fadeIn_pfttw_8\">Media<\/span><\/li>\n<li data-start=\"1087\" data-end=\"1117\"><span class=\"_fadeIn_pfttw_8\">Bin\u00e1rio elevado <\/span><span class=\"_fadeIn_pfttw_8\">com <\/span><span class=\"_fadeIn_pfttw_8\">inferior <\/span><span class=\"_fadeIn_pfttw_8\">Velocidade<\/span><\/li>\n<li data-start=\"1087\" data-end=\"1117\"><span class=\"_fadeIn_pfttw_8\">Sem etapas <\/span><span class=\"_fadeIn_pfttw_8\">Controlo da velocidade <\/span><span class=\"_fadeIn_pfttw_8\">com <\/span><span class=\"_fadeIn_pfttw_8\">V\u00e1lvula de agulha<\/span><\/li>\n<li data-start=\"1087\" data-end=\"1117\"><span class=\"_fadeIn_pfttw_8\">Simples <\/span><span class=\"_fadeIn_pfttw_8\">Liga\u00e7\u00f5es de ar <\/span><span class=\"_fadeIn_pfttw_8\">sobre <\/span><span class=\"_fadeIn_pfttw_8\">Bloco de liga\u00e7\u00e3o<\/span><\/li>\n<li data-start=\"1087\" data-end=\"1117\"><span class=\"_fadeIn_pfttw_8\">Seguro <\/span><span class=\"_fadeIn_pfttw_8\">Bloque\u00e1vel <\/span><span class=\"_fadeIn_pfttw_8\">atrav\u00e9s de <\/span><span class=\"_fadeIn_pfttw_8\">Bot\u00e3o de press\u00e3o<\/span><\/li>\n<\/ul>\n<p><span style=\"font-size: 75%;\">\u00c2mbito de fornecimento sem suporte e contentor<\/span><\/p>","protected":false},"excerpt":{"rendered":"<p class=\"translation-block\"><span class=\"_fadeIn_pfttw_8\">ATEX-<\/span><span class=\"_fadeIn_pfttw_8\">certificado <\/span><span class=\"_fadeIn_pfttw_8\">agitador de laborat\u00f3rio<\/span> <span class=\"_fadeIn_pfttw_8\">com <\/span><span class=\"_fadeIn_pfttw_8\">motor de agita\u00e7\u00e3o potente<\/span><span class=\"_fadeIn_pfttw_8\">, <\/span><span class=\"_fadeIn_pfttw_8\"> mandril de a\u00e7\u00e3o r\u00e1pida<\/span><span class=\"_fadeIn_pfttw_8\">e <\/span><span class=\"_fadeIn_pfttw_8\">infinitamente <\/span><span class=\"_fadeIn_pfttw_8\">regul\u00e1vel <\/span><span class=\"_fadeIn_pfttw_8\">em velocidade<\/span><span class=\"_fadeIn_pfttw_8\">, <\/span><span class=\"_fadeIn_pfttw_8\">para <\/span><span class=\"_fadeIn_pfttw_8\">zonas suscept\u00edveis de explos\u00e3o<\/span><span class=\"_fadeIn_pfttw_8\"><\/span><span class=\"_fadeIn_pfttw_8\">da <\/span><span class=\"_fadeIn_pfttw_8\">ATEX <\/span><span class=\"_fadeIn_pfttw_8\">zona <\/span><span class=\"_fadeIn_pfttw_8\">1, para<\/span> <span class=\"_fadeIn_pfttw_8\">subst\u00e2ncias de baixa <\/span><span class=\"_fadeIn_pfttw_8\">a <\/span><span class=\"_fadeIn_pfttw_8\">alta <\/span><span class=\"_fadeIn_pfttw_8\">viscosidade<\/span><span class=\"_fadeIn_pfttw_8\">.<\/span><\/p>","protected":false},"featured_media":15322,"comment_status":"open","ping_status":"closed","template":"","meta":{"_acf_changed":false},"product_brand":[],"product_cat":[595,596],"product_tag":[],"class_list":{"0":"post-3240","1":"product","2":"type-product","3":"status-publish","4":"has-post-thumbnail","6":"product_cat-ruehrwerkstechnik","7":"product_cat-laborruehrer","8":"product_shipping_class-karton-paketversand","9":"pa_antriebsart-pneumatisch","10":"pa_atex-zone-122122","11":"pa_dichtung-ptfe","12":"pa_drehmoment-4nm","13":"pa_drehzahl-0-600-1-min","14":"pa_durchmesser-106mm","15":"pa_ex-gas-ex-ii-2-g-ex-h-iic-t5-gb-x","16":"pa_ex-staub-ex-ii-2-d-ex-h-iiic-t100c-db-x","17":"pa_geraeuschpegel-75db","18":"pa_labs-oel-und-silikonfrei","19":"pa_material-gehaeuse-aluminium-eloxiert","20":"pa_mittlerer-luftverbrauch-50l-min","21":"pa_model-eco-lab-900g","22":"pa_montagestab-d12mm","23":"pa_schutzart-ip67","24":"pa_steckverschraubung-abluft-schlauch-o10mm","25":"pa_steckverschraubung-zuluft-schlauch-o6mm","26":"pa_versorgung-5-6bar","28":"first","29":"instock","30":"taxable","31":"shipping-taxable","32":"purchasable","33":"product-type-simple"},"bundled_by":[],"bundle_stock_status":"instock","bundle_stock_quantity":null,"bundle_virtual":false,"bundle_layout":"","bundle_add_to_cart_form_location":"","bundle_editable_in_cart":false,"bundle_sold_individually_context":"","bundle_item_grouping":"","bundle_min_size":"","bundle_max_size":"","bundle_price":[],"bundled_items":[],"bundle_sell_ids":[],"exclude_global_add_ons":[],"addons":[],"acf":[],"_links":{"self":[{"href":"https:\/\/ptm-mechatronics.com\/pt\/wp-json\/wp\/v2\/product\/3240","targetHints":{"allow":["GET"]}}],"collection":[{"href":"https:\/\/ptm-mechatronics.com\/pt\/wp-json\/wp\/v2\/product"}],"about":[{"href":"https:\/\/ptm-mechatronics.com\/pt\/wp-json\/wp\/v2\/types\/product"}],"replies":[{"embeddable":true,"href":"https:\/\/ptm-mechatronics.com\/pt\/wp-json\/wp\/v2\/comments?post=3240"}],"wp:featuredmedia":[{"embeddable":true,"href":"https:\/\/ptm-mechatronics.com\/pt\/wp-json\/wp\/v2\/media\/15322"}],"wp:attachment":[{"href":"https:\/\/ptm-mechatronics.com\/pt\/wp-json\/wp\/v2\/media?parent=3240"}],"wp:term":[{"taxonomy":"product_brand","embeddable":true,"href":"https:\/\/ptm-mechatronics.com\/pt\/wp-json\/wp\/v2\/product_brand?post=3240"},{"taxonomy":"product_cat","embeddable":true,"href":"https:\/\/ptm-mechatronics.com\/pt\/wp-json\/wp\/v2\/product_cat?post=3240"},{"taxonomy":"product_tag","embeddable":true,"href":"https:\/\/ptm-mechatronics.com\/pt\/wp-json\/wp\/v2\/product_tag?post=3240"}],"curies":[{"name":"wp","href":"https:\/\/api.w.org\/{rel}","templated":true}]}}