{"id":3216,"date":"2024-02-07T17:44:19","date_gmt":"2024-02-07T17:44:19","guid":{"rendered":""},"modified":"2025-11-07T15:50:25","modified_gmt":"2025-11-07T14:50:25","slug":"90-anschluss-fuer-ptm-antrieb-450-900","status":"publish","type":"product","link":"https:\/\/ptm-mechatronics.com\/pt\/product\/90-anschluss-fuer-ptm-antrieb-450-900\/","title":{"rendered":"Liga\u00e7\u00e3o de 90\u00b0 para o atuador PTM 450\/900"},"content":{"rendered":"<p>Para aplica\u00e7\u00f5es com espa\u00e7o limitado, os motores PTM com liga\u00e7\u00e3o a 90\u00b0 podem ser integrados para poupar espa\u00e7o.<\/p>","protected":false},"excerpt":{"rendered":"<p>Liga\u00e7\u00e3o de 90\u00b0 com rosca de 1\/8\u2033, incl. conetor de mangueira de 6 mm<\/p>","protected":false},"featured_media":15317,"comment_status":"open","ping_status":"closed","template":"","meta":{"_acf_changed":false},"product_brand":[],"product_cat":[428,594,1906],"product_tag":[],"class_list":{"0":"post-3216","1":"product","2":"type-product","3":"status-publish","4":"has-post-thumbnail","6":"product_cat-antriebstechnik","7":"product_cat-zubehoer","8":"product_cat-zubehoer-druckluftmotor","9":"product_shipping_class-karton-paketversand","10":"pa_anschluss-90-mit-1-8-gewinde","11":"pa_schlauchsteckverbindung-6mm","13":"first","14":"instock","15":"taxable","16":"shipping-taxable","17":"purchasable","18":"product-type-simple"},"bundled_by":["4335","4344","4345"],"bundle_stock_status":"instock","bundle_stock_quantity":null,"bundle_virtual":false,"bundle_layout":"","bundle_add_to_cart_form_location":"","bundle_editable_in_cart":false,"bundle_sold_individually_context":"","bundle_item_grouping":"","bundle_min_size":"","bundle_max_size":"","bundle_price":[],"bundled_items":[],"bundle_sell_ids":[],"exclude_global_add_ons":[],"addons":[],"acf":[],"_links":{"self":[{"href":"https:\/\/ptm-mechatronics.com\/pt\/wp-json\/wp\/v2\/product\/3216","targetHints":{"allow":["GET"]}}],"collection":[{"href":"https:\/\/ptm-mechatronics.com\/pt\/wp-json\/wp\/v2\/product"}],"about":[{"href":"https:\/\/ptm-mechatronics.com\/pt\/wp-json\/wp\/v2\/types\/product"}],"replies":[{"embeddable":true,"href":"https:\/\/ptm-mechatronics.com\/pt\/wp-json\/wp\/v2\/comments?post=3216"}],"wp:featuredmedia":[{"embeddable":true,"href":"https:\/\/ptm-mechatronics.com\/pt\/wp-json\/wp\/v2\/media\/15317"}],"wp:attachment":[{"href":"https:\/\/ptm-mechatronics.com\/pt\/wp-json\/wp\/v2\/media?parent=3216"}],"wp:term":[{"taxonomy":"product_brand","embeddable":true,"href":"https:\/\/ptm-mechatronics.com\/pt\/wp-json\/wp\/v2\/product_brand?post=3216"},{"taxonomy":"product_cat","embeddable":true,"href":"https:\/\/ptm-mechatronics.com\/pt\/wp-json\/wp\/v2\/product_cat?post=3216"},{"taxonomy":"product_tag","embeddable":true,"href":"https:\/\/ptm-mechatronics.com\/pt\/wp-json\/wp\/v2\/product_tag?post=3216"}],"curies":[{"name":"wp","href":"https:\/\/api.w.org\/{rel}","templated":true}]}}