{"id":15717,"date":"2025-12-01T13:26:30","date_gmt":"2025-12-01T12:26:30","guid":{"rendered":"https:\/\/ptm-mechatronics.com\/?post_type=product&#038;p=15717"},"modified":"2026-01-21T09:13:17","modified_gmt":"2026-01-21T08:13:17","slug":"fasspumpe-hygienic-design-max-foerderhoehe","status":"publish","type":"product","link":"https:\/\/ptm-mechatronics.com\/pt\/product\/fasspumpe-hygienic-design-max-foerderhoehe\/","title":{"rendered":"Bomba de tambor Design higi\u00e9nico 2,2 bar"},"content":{"rendered":"<h1 data-start=\"227\" data-end=\"303\"><span style=\"font-size: 75%;\">Conjunto de bomba de tambor de conce\u00e7\u00e3o higi\u00e9nica para uma cabe\u00e7a de d\u00e9bito m\u00e1xima<\/span><\/h1>\n<p>Esta bomba de tambor de design higi\u00e9nico foi especialmente concebida para aplica\u00e7\u00f5es em que \u00e9 necess\u00e1ria uma altura de transporte particularmente elevada e um design higi\u00e9nico - por exemplo, nas ind\u00fastrias alimentar, cosm\u00e9tica ou qu\u00edmica. O robusto motor AC de 850 W (230 V, 8500 rpm) est\u00e1 equipado com prote\u00e7\u00e3o contra sobrecarga t\u00e9rmica, liberta\u00e7\u00e3o de subtens\u00e3o de acordo com a Diretiva de M\u00e1quinas 2006\/42\/CE e classe de prote\u00e7\u00e3o IP24.<\/p>\n<p>A unidade de bombagem em a\u00e7o inoxid\u00e1vel (1.4571) tem tr\u00eas impulsores radiais, um vedante mec\u00e2nico duradouro e uma profundidade de imers\u00e3o de 1000 mm. A liga\u00e7\u00e3o do lado da press\u00e3o tem uma rosca externa G 1 \u00bc\u201c, ideal para liga\u00e7\u00e3o a solu\u00e7\u00f5es de enchimento profissionais. A certifica\u00e7\u00e3o ATEX II 1\/2 G IIB T3 permite uma utiliza\u00e7\u00e3o segura em atmosferas potencialmente explosivas.<\/p>\n<p>O conjunto de acess\u00f3rios fornecido cont\u00e9m<\/p>\n<ul>\n<li>Mangueira de tecido PVC de 2 m DN25<\/li>\n<li>2x conectores de mangueira de a\u00e7o inoxid\u00e1vel DN25<\/li>\n<li>2x bra\u00e7adeiras de a\u00e7o inoxid\u00e1vel para mangueiras<\/li>\n<li>1x bocal de gasolina em a\u00e7o inoxid\u00e1vel\/PTFE<\/li>\n<li>1x adaptador de barril PP<\/li>\n<\/ul>","protected":false},"excerpt":{"rendered":"<p>Bomba de tambor de conce\u00e7\u00e3o higi\u00e9nica com unidade de bombagem em a\u00e7o inoxid\u00e1vel, tr\u00eas impulsores radiais e acess\u00f3rios para aplica\u00e7\u00f5es higi\u00e9nicas com elevados requisitos de d\u00e9bito e zonas ATEX.<\/p>","protected":false},"featured_media":15716,"comment_status":"closed","ping_status":"closed","template":"","meta":{"_acf_changed":false},"product_brand":[],"product_cat":[3206,3224,3266],"product_tag":[3251,3252,3253,3254,3255,3227,3248,3249,3250],"class_list":{"0":"post-15717","1":"product","2":"type-product","3":"status-publish","4":"has-post-thumbnail","6":"product_cat-pumpentechnik","7":"product_cat-fasspumpen","8":"product_cat-hygienic-design-pumpen","9":"product_tag-hastelloy-c-pumpwerk","10":"product_tag-zapfpistole-pvdf-fep","11":"product_tag-schlauch-dn25-chemie","12":"product_tag-fasspumpe-aggressiv","13":"product_tag-pumpwerk-dl-pvdf-hc","14":"product_tag-fasspumpen-komplettset","15":"product_tag-chemie-fasspumpe","16":"product_tag-fasspumpen-set-chemikalien","17":"product_tag-pvdf-pumpe","18":"product_shipping_class-karton-paketversand","19":"pa_foerderleistung-max-100-l-min","20":"pa_leistung-850-watt","21":"pa_material-edelstahl","22":"pa_schutzart-ip24","23":"pa_spannung-230v","25":"first","26":"instock","27":"taxable","28":"shipping-taxable","29":"purchasable","30":"product-type-simple"},"bundled_by":[],"bundle_stock_status":"instock","bundle_stock_quantity":null,"bundle_virtual":false,"bundle_layout":"","bundle_add_to_cart_form_location":"","bundle_editable_in_cart":false,"bundle_sold_individually_context":"","bundle_item_grouping":"","bundle_min_size":"","bundle_max_size":"","bundle_price":[],"bundled_items":[],"bundle_sell_ids":[],"exclude_global_add_ons":[],"addons":[],"acf":[],"_links":{"self":[{"href":"https:\/\/ptm-mechatronics.com\/pt\/wp-json\/wp\/v2\/product\/15717","targetHints":{"allow":["GET"]}}],"collection":[{"href":"https:\/\/ptm-mechatronics.com\/pt\/wp-json\/wp\/v2\/product"}],"about":[{"href":"https:\/\/ptm-mechatronics.com\/pt\/wp-json\/wp\/v2\/types\/product"}],"replies":[{"embeddable":true,"href":"https:\/\/ptm-mechatronics.com\/pt\/wp-json\/wp\/v2\/comments?post=15717"}],"wp:featuredmedia":[{"embeddable":true,"href":"https:\/\/ptm-mechatronics.com\/pt\/wp-json\/wp\/v2\/media\/15716"}],"wp:attachment":[{"href":"https:\/\/ptm-mechatronics.com\/pt\/wp-json\/wp\/v2\/media?parent=15717"}],"wp:term":[{"taxonomy":"product_brand","embeddable":true,"href":"https:\/\/ptm-mechatronics.com\/pt\/wp-json\/wp\/v2\/product_brand?post=15717"},{"taxonomy":"product_cat","embeddable":true,"href":"https:\/\/ptm-mechatronics.com\/pt\/wp-json\/wp\/v2\/product_cat?post=15717"},{"taxonomy":"product_tag","embeddable":true,"href":"https:\/\/ptm-mechatronics.com\/pt\/wp-json\/wp\/v2\/product_tag?post=15717"}],"curies":[{"name":"wp","href":"https:\/\/api.w.org\/{rel}","templated":true}]}}