{"id":15710,"date":"2025-12-01T09:36:52","date_gmt":"2025-12-01T08:36:52","guid":{"rendered":"https:\/\/ptm-mechatronics.com\/?post_type=product&#038;p=15710"},"modified":"2026-01-21T09:12:13","modified_gmt":"2026-01-21T08:12:13","slug":"fasspumpe-hygienic-design-max-foerderleistung","status":"publish","type":"product","link":"https:\/\/ptm-mechatronics.com\/pt\/product\/fasspumpe-hygienic-design-max-foerderleistung\/","title":{"rendered":"Bomba de tambor Design higi\u00e9nico 0,8 bar"},"content":{"rendered":"<h1 data-start=\"227\" data-end=\"303\"><span style=\"font-size: 75%;\">Conjunto de bombas de tambor de conce\u00e7\u00e3o higi\u00e9nica para uma capacidade de d\u00e9bito m\u00e1xima<\/span><\/h1>\n<p>Esta potente bomba de tambor de design higi\u00e9nico foi especialmente desenvolvida para aplica\u00e7\u00f5es higienicamente exigentes e combina a capacidade m\u00e1xima de fornecimento com uma seguran\u00e7a operacional fi\u00e1vel. O potente motor de corrente alternada (850 W, 230 V, 8500 rpm) est\u00e1 equipado com prote\u00e7\u00e3o contra sobrecargas t\u00e9rmicas, um desbloqueio de subtens\u00e3o em conformidade com a Diretiva M\u00e1quinas 2006\/42\/CE e classe de prote\u00e7\u00e3o IP24 - ideal para utiliza\u00e7\u00e3o em \u00e1reas sens\u00edveis, como as ind\u00fastrias alimentar, cosm\u00e9tica ou farmac\u00eautica.<\/p>\n<p>A unidade de bombagem \u00e9 feita de a\u00e7o inoxid\u00e1vel de alta qualidade (1.4571) e tem um vedante mec\u00e2nico dur\u00e1vel de carbono\/cer\u00e2mica\/A4\/FKM e um impulsor de fluxo axial. A profundidade de imers\u00e3o \u00e9 de 1000 mm com um di\u00e2metro de tubo de 40 mm. O sistema \u00e9 certificado pela ATEX para a Zona II 1\/2 G IIB T3 e, por conseguinte, tamb\u00e9m \u00e9 adequado para atmosferas potencialmente explosivas.<\/p>\n<p>O conjunto de acess\u00f3rios inclui todos os componentes necess\u00e1rios para um arranque imediato:<\/p>\n<ul>\n<li>Mangueira de tecido PVC de 2 m DN25<\/li>\n<li>2x conectores de mangueira de a\u00e7o inoxid\u00e1vel DN25<\/li>\n<li>2x bra\u00e7adeiras de a\u00e7o inoxid\u00e1vel para mangueiras<\/li>\n<li>1x bocal de gasolina em a\u00e7o inoxid\u00e1vel\/PTFE<\/li>\n<li>1x adaptador de barril PP<\/li>\n<li>1x suporte de parede<\/li>\n<\/ul>","protected":false},"excerpt":{"rendered":"<p>Bomba de tambor de conce\u00e7\u00e3o higi\u00e9nica com motor de 850 W, grupo de bombagem em a\u00e7o inoxid\u00e1vel e conjunto de acess\u00f3rios para aplica\u00e7\u00f5es sens\u00edveis do ponto de vista higi\u00e9nico com elevados d\u00e9bitos.<\/p>","protected":false},"featured_media":15716,"comment_status":"closed","ping_status":"closed","template":"","meta":{"_acf_changed":false},"product_brand":[],"product_cat":[3206,3224,3266],"product_tag":[3253,3254,3255,3227,3248,3249,3250,3251,3252],"class_list":{"0":"post-15710","1":"product","2":"type-product","3":"status-publish","4":"has-post-thumbnail","6":"product_cat-pumpentechnik","7":"product_cat-fasspumpen","8":"product_cat-hygienic-design-pumpen","9":"product_tag-schlauch-dn25-chemie","10":"product_tag-fasspumpe-aggressiv","11":"product_tag-pumpwerk-dl-pvdf-hc","12":"product_tag-fasspumpen-komplettset","13":"product_tag-chemie-fasspumpe","14":"product_tag-fasspumpen-set-chemikalien","15":"product_tag-pvdf-pumpe","16":"product_tag-hastelloy-c-pumpwerk","17":"product_tag-zapfpistole-pvdf-fep","18":"product_shipping_class-karton-paketversand","19":"pa_dichtung-kohle-keramik-a4-fkm","20":"pa_foerderleistung-max-100-l-min","21":"pa_leistung-850-watt","22":"pa_material-edelstahl","23":"pa_schutzart-ip24","24":"pa_spannung-230v","26":"first","27":"instock","28":"taxable","29":"shipping-taxable","30":"purchasable","31":"product-type-simple"},"bundled_by":[],"bundle_stock_status":"instock","bundle_stock_quantity":null,"bundle_virtual":false,"bundle_layout":"","bundle_add_to_cart_form_location":"","bundle_editable_in_cart":false,"bundle_sold_individually_context":"","bundle_item_grouping":"","bundle_min_size":"","bundle_max_size":"","bundle_price":[],"bundled_items":[],"bundle_sell_ids":[],"exclude_global_add_ons":[],"addons":[],"acf":[],"_links":{"self":[{"href":"https:\/\/ptm-mechatronics.com\/pt\/wp-json\/wp\/v2\/product\/15710","targetHints":{"allow":["GET"]}}],"collection":[{"href":"https:\/\/ptm-mechatronics.com\/pt\/wp-json\/wp\/v2\/product"}],"about":[{"href":"https:\/\/ptm-mechatronics.com\/pt\/wp-json\/wp\/v2\/types\/product"}],"replies":[{"embeddable":true,"href":"https:\/\/ptm-mechatronics.com\/pt\/wp-json\/wp\/v2\/comments?post=15710"}],"wp:featuredmedia":[{"embeddable":true,"href":"https:\/\/ptm-mechatronics.com\/pt\/wp-json\/wp\/v2\/media\/15716"}],"wp:attachment":[{"href":"https:\/\/ptm-mechatronics.com\/pt\/wp-json\/wp\/v2\/media?parent=15710"}],"wp:term":[{"taxonomy":"product_brand","embeddable":true,"href":"https:\/\/ptm-mechatronics.com\/pt\/wp-json\/wp\/v2\/product_brand?post=15710"},{"taxonomy":"product_cat","embeddable":true,"href":"https:\/\/ptm-mechatronics.com\/pt\/wp-json\/wp\/v2\/product_cat?post=15710"},{"taxonomy":"product_tag","embeddable":true,"href":"https:\/\/ptm-mechatronics.com\/pt\/wp-json\/wp\/v2\/product_tag?post=15710"}],"curies":[{"name":"wp","href":"https:\/\/api.w.org\/{rel}","templated":true}]}}