{"id":15638,"date":"2025-11-21T09:19:29","date_gmt":"2025-11-21T08:19:29","guid":{"rendered":"https:\/\/ptm-mechatronics.com\/?post_type=product&#038;p=15638"},"modified":"2025-12-01T09:27:19","modified_gmt":"2025-12-01T08:27:19","slug":"pumpwerk-fuer-faesser-oele-neutrale-fluessigkeiten","status":"publish","type":"product","link":"https:\/\/ptm-mechatronics.com\/pt\/product\/pumpwerk-fuer-faesser-oele-neutrale-fluessigkeiten\/","title":{"rendered":"Esta\u00e7\u00e3o de bombagem de bid\u00f5es, \u00f3leos\/l\u00edquidos neutros"},"content":{"rendered":"<h1 data-start=\"242\" data-end=\"330\"><span style=\"font-size: 75%;\"><strong data-start=\"242\" data-end=\"330\">Esta\u00e7\u00e3o de bombagem de 1.000 mm para bid\u00f5es<br \/>\n<\/strong><\/span><span style=\"font-size: 75%;\">- Veio sem veda\u00e7\u00e3o, axial, em a\u00e7o inoxid\u00e1vel<\/span><\/h1>\n<p>A esta\u00e7\u00e3o de bombagem \u00e9 a solu\u00e7\u00e3o robusta e de baixa manuten\u00e7\u00e3o para bombear \u00f3leos e l\u00edquidos neutros.<\/p>\n<p>A sua caixa de alum\u00ednio de alta qualidade assegura uma elevada capacidade de carga mec\u00e2nica, enquanto o veio de acionamento em a\u00e7o inoxid\u00e1vel proporciona uma prote\u00e7\u00e3o fi\u00e1vel contra a corros\u00e3o. O design de bombagem axial permite que o meio seja bombeado de forma uniforme e eficiente. O design sem veda\u00e7\u00e3o torna a unidade de bombagem praticamente isenta de manuten\u00e7\u00e3o - ideal para utiliza\u00e7\u00e3o a longo prazo em oficinas, na ind\u00fastria ou na produ\u00e7\u00e3o.<\/p>\n<p>A unidade de bombagem \u00e9 compat\u00edvel com o sistema de bomba de tambor para \u00f3leos e l\u00edquidos neutros da PTM mechatronics e permite uma mudan\u00e7a r\u00e1pida para diferentes aplica\u00e7\u00f5es ou meios.<\/p>\n<p>\u00c2mbito de fornecimento sem motor<\/p>","protected":false},"excerpt":{"rendered":"<p>Unidade de bombagem de alum\u00ednio sem veda\u00e7\u00e3o com veio de a\u00e7o inoxid\u00e1vel para uma bombagem fi\u00e1vel de \u00f3leo e meios neutros.<\/p>","protected":false},"featured_media":15706,"comment_status":"closed","ping_status":"closed","template":"","meta":{"_acf_changed":false},"product_brand":[],"product_cat":[3206,3224],"product_tag":[],"class_list":{"0":"post-15638","1":"product","2":"type-product","3":"status-publish","4":"has-post-thumbnail","6":"product_cat-pumpentechnik","7":"product_cat-fasspumpen","8":"product_shipping_class-karton-paketversand","9":"pa_laenge-1000mm","10":"pa_material-alu","11":"pa_material-edelstahl","13":"first","14":"instock","15":"taxable","16":"shipping-taxable","17":"purchasable","18":"product-type-simple"},"bundled_by":[],"bundle_stock_status":"instock","bundle_stock_quantity":null,"bundle_virtual":false,"bundle_layout":"","bundle_add_to_cart_form_location":"","bundle_editable_in_cart":false,"bundle_sold_individually_context":"","bundle_item_grouping":"","bundle_min_size":"","bundle_max_size":"","bundle_price":[],"bundled_items":[],"bundle_sell_ids":[],"exclude_global_add_ons":[],"addons":[],"acf":[],"_links":{"self":[{"href":"https:\/\/ptm-mechatronics.com\/pt\/wp-json\/wp\/v2\/product\/15638","targetHints":{"allow":["GET"]}}],"collection":[{"href":"https:\/\/ptm-mechatronics.com\/pt\/wp-json\/wp\/v2\/product"}],"about":[{"href":"https:\/\/ptm-mechatronics.com\/pt\/wp-json\/wp\/v2\/types\/product"}],"replies":[{"embeddable":true,"href":"https:\/\/ptm-mechatronics.com\/pt\/wp-json\/wp\/v2\/comments?post=15638"}],"wp:featuredmedia":[{"embeddable":true,"href":"https:\/\/ptm-mechatronics.com\/pt\/wp-json\/wp\/v2\/media\/15706"}],"wp:attachment":[{"href":"https:\/\/ptm-mechatronics.com\/pt\/wp-json\/wp\/v2\/media?parent=15638"}],"wp:term":[{"taxonomy":"product_brand","embeddable":true,"href":"https:\/\/ptm-mechatronics.com\/pt\/wp-json\/wp\/v2\/product_brand?post=15638"},{"taxonomy":"product_cat","embeddable":true,"href":"https:\/\/ptm-mechatronics.com\/pt\/wp-json\/wp\/v2\/product_cat?post=15638"},{"taxonomy":"product_tag","embeddable":true,"href":"https:\/\/ptm-mechatronics.com\/pt\/wp-json\/wp\/v2\/product_tag?post=15638"}],"curies":[{"name":"wp","href":"https:\/\/api.w.org\/{rel}","templated":true}]}}