{"id":15636,"date":"2025-11-21T09:08:42","date_gmt":"2025-11-21T08:08:42","guid":{"rendered":"https:\/\/ptm-mechatronics.com\/?post_type=product&#038;p=15636"},"modified":"2025-11-28T11:26:31","modified_gmt":"2025-11-28T10:26:31","slug":"pumpwerk-fuer-faesser-konzentrierte-saeuren-laugen","status":"publish","type":"product","link":"https:\/\/ptm-mechatronics.com\/pt\/product\/pumpwerk-fuer-faesser-konzentrierte-saeuren-laugen\/","title":{"rendered":"Esta\u00e7\u00e3o de bombagem para tambores, \u00e1cidos concentrados\/\u00e1lcalis"},"content":{"rendered":"<h1 data-start=\"242\" data-end=\"330\"><span style=\"font-size: 75%;\"><strong data-start=\"242\" data-end=\"330\">Esta\u00e7\u00e3o de bombagem de 1.000 mm para bid\u00f5es<br \/>\n<\/strong><\/span><span style=\"font-size: 75%;\">- Veio sem veda\u00e7\u00e3o, radial, Hastelloy<\/span><\/h1>\n<p>A esta\u00e7\u00e3o de bombagem com carater\u00edsticas de entrega radial \u00e9 a solu\u00e7\u00e3o ideal para o manuseamento seguro e de baixa manuten\u00e7\u00e3o de meios quimicamente agressivos e de baixa viscosidade.<\/p>\n<p>A caixa \u00e9 feita de polipropileno (PP) resistente a produtos qu\u00edmicos, enquanto o robusto veio de acionamento feito de Hastelloy (HC) de alto desempenho oferece uma excelente prote\u00e7\u00e3o contra a corros\u00e3o, mesmo em condi\u00e7\u00f5es extremas. O design sem vedantes minimiza os requisitos de manuten\u00e7\u00e3o e os tempos de paragem - ideal para aplica\u00e7\u00f5es industriais exigentes.<\/p>\n<p>\u00c2mbito de fornecimento sem motor<\/p>","protected":false},"excerpt":{"rendered":"<p>Esta\u00e7\u00e3o de bombagem de PP sem veda\u00e7\u00e3o com veio em Hastelloy e sa\u00edda radial para meios qu\u00edmicos agressivos.<\/p>","protected":false},"featured_media":15696,"comment_status":"closed","ping_status":"closed","template":"","meta":{"_acf_changed":false},"product_brand":[],"product_cat":[3206,3224],"product_tag":[],"class_list":{"0":"post-15636","1":"product","2":"type-product","3":"status-publish","4":"has-post-thumbnail","6":"product_cat-pumpentechnik","7":"product_cat-fasspumpen","8":"product_shipping_class-karton-paketversand","9":"pa_laenge-1000mm","10":"pa_material-polypropylen-pp","11":"pa_material-hastelloy-c","13":"first","14":"instock","15":"taxable","16":"shipping-taxable","17":"purchasable","18":"product-type-simple"},"bundled_by":[],"bundle_stock_status":"instock","bundle_stock_quantity":null,"bundle_virtual":false,"bundle_layout":"","bundle_add_to_cart_form_location":"","bundle_editable_in_cart":false,"bundle_sold_individually_context":"","bundle_item_grouping":"","bundle_min_size":"","bundle_max_size":"","bundle_price":[],"bundled_items":[],"bundle_sell_ids":[],"exclude_global_add_ons":[],"addons":[],"acf":[],"_links":{"self":[{"href":"https:\/\/ptm-mechatronics.com\/pt\/wp-json\/wp\/v2\/product\/15636","targetHints":{"allow":["GET"]}}],"collection":[{"href":"https:\/\/ptm-mechatronics.com\/pt\/wp-json\/wp\/v2\/product"}],"about":[{"href":"https:\/\/ptm-mechatronics.com\/pt\/wp-json\/wp\/v2\/types\/product"}],"replies":[{"embeddable":true,"href":"https:\/\/ptm-mechatronics.com\/pt\/wp-json\/wp\/v2\/comments?post=15636"}],"wp:featuredmedia":[{"embeddable":true,"href":"https:\/\/ptm-mechatronics.com\/pt\/wp-json\/wp\/v2\/media\/15696"}],"wp:attachment":[{"href":"https:\/\/ptm-mechatronics.com\/pt\/wp-json\/wp\/v2\/media?parent=15636"}],"wp:term":[{"taxonomy":"product_brand","embeddable":true,"href":"https:\/\/ptm-mechatronics.com\/pt\/wp-json\/wp\/v2\/product_brand?post=15636"},{"taxonomy":"product_cat","embeddable":true,"href":"https:\/\/ptm-mechatronics.com\/pt\/wp-json\/wp\/v2\/product_cat?post=15636"},{"taxonomy":"product_tag","embeddable":true,"href":"https:\/\/ptm-mechatronics.com\/pt\/wp-json\/wp\/v2\/product_tag?post=15636"}],"curies":[{"name":"wp","href":"https:\/\/api.w.org\/{rel}","templated":true}]}}