{"id":15628,"date":"2025-11-18T15:03:55","date_gmt":"2025-11-18T14:03:55","guid":{"rendered":"https:\/\/ptm-mechatronics.com\/?post_type=product&#038;p=15628"},"modified":"2025-12-03T12:54:30","modified_gmt":"2025-12-03T11:54:30","slug":"fasspumpe-fuer-oel-neutrale-fluessigkeiten","status":"publish","type":"product","link":"https:\/\/ptm-mechatronics.com\/pt\/product\/fasspumpe-fuer-oel-neutrale-fluessigkeiten\/","title":{"rendered":"Bomba de tambor para \u00f3leo e l\u00edquidos neutros"},"content":{"rendered":"<h1 data-start=\"227\" data-end=\"303\"><span style=\"font-size: 75%;\">Conjunto de bombas de tambor para \u00f3leo e l\u00edquidos neutros, pronto para utiliza\u00e7\u00e3o imediata<\/span><\/h1>\n<p data-start=\"716\" data-end=\"1056\">O conjunto de bombas para bid\u00f5es de \u00f3leo \u00e9 a sua solu\u00e7\u00e3o pr\u00e1tica e completa para o enchimento simples e seguro de \u00f3leo e l\u00edquidos neutros no sector industrial. Com o seu motor el\u00e9trico robusto e a unidade de bombagem duradoura, o conjunto \u00e9 ideal para a utiliza\u00e7\u00e3o di\u00e1ria. Gra\u00e7as \u00e0 mangueira de PVC refor\u00e7ada com tecido de 2 m de comprimento (DN25) e ao bocal de distribui\u00e7\u00e3o de alum\u00ednio de alta qualidade, mesmo grandes quantidades podem ser enchidas rapidamente e de forma controlada. O adaptador de bid\u00e3o e o suporte de parede inclu\u00eddos garantem uma instala\u00e7\u00e3o simples e econ\u00f3mica em termos de espa\u00e7o.<\/p>\n<p data-start=\"716\" data-end=\"1056\">A carater\u00edstica especial: O motor pode ser separado da esta\u00e7\u00e3o de bombagem sem ferramentas e ligado a outras esta\u00e7\u00f5es de bombagem. Isto significa que um motor pode ser utilizado de forma flex\u00edvel em v\u00e1rias esta\u00e7\u00f5es de bombagem. Os componentes adicionais tamb\u00e9m est\u00e3o dispon\u00edveis individualmente na loja - para m\u00e1xima modularidade e adaptabilidade.<\/p>\n<p data-start=\"644\" data-end=\"1136\">Componentes do conjunto:<\/p>\n<ul>\n<li>Motor universal 230V, 50Hz, 4,5 A, 850W, IP24<\/li>\n<li>Unidade de bombagem em alum\u00ednio sem veda\u00e7\u00e3o, axial, veio em a\u00e7o inoxid\u00e1vel (Niro)<\/li>\n<li>Mangueira de tecido PVC de 2 m DN25<\/li>\n<li>Conector de mangueira em alum\u00ednio DN25<\/li>\n<li>2x bra\u00e7adeiras de a\u00e7o inoxid\u00e1vel para mangueiras<\/li>\n<li>Bocal de distribui\u00e7\u00e3o em alum\u00ednio DN25<\/li>\n<li>Adaptador do cano PP<\/li>\n<li>Suporte de parede<\/li>\n<\/ul>","protected":false},"excerpt":{"rendered":"<p>Conjunto de bombas para bid\u00f5es de \u00f3leo para o enchimento seguro de \u00f3leos e l\u00edquidos neutros, pronto a ser utilizado imediatamente<\/p>","protected":false},"featured_media":15658,"comment_status":"closed","ping_status":"closed","template":"","meta":{"_acf_changed":false},"product_brand":[],"product_cat":[3206,3224],"product_tag":[],"class_list":{"0":"post-15628","1":"product","2":"type-product","3":"status-publish","4":"has-post-thumbnail","6":"product_cat-pumpentechnik","7":"product_cat-fasspumpen","8":"product_shipping_class-karton-paketversand","9":"pa_dichtung-fep","10":"pa_foerderleistung-50-80-l-min","11":"pa_leistung-850-watt","12":"pa_material-edelstahl","13":"pa_material-polypropylen-pp","14":"pa_material-alu","15":"pa_schutzart-ip24","16":"pa_spannung-230v","18":"first","19":"instock","20":"taxable","21":"shipping-taxable","22":"purchasable","23":"product-type-simple"},"bundled_by":[],"bundle_stock_status":"instock","bundle_stock_quantity":null,"bundle_virtual":false,"bundle_layout":"","bundle_add_to_cart_form_location":"","bundle_editable_in_cart":false,"bundle_sold_individually_context":"","bundle_item_grouping":"","bundle_min_size":"","bundle_max_size":"","bundle_price":[],"bundled_items":[],"bundle_sell_ids":[],"exclude_global_add_ons":[],"addons":[],"acf":[],"_links":{"self":[{"href":"https:\/\/ptm-mechatronics.com\/pt\/wp-json\/wp\/v2\/product\/15628","targetHints":{"allow":["GET"]}}],"collection":[{"href":"https:\/\/ptm-mechatronics.com\/pt\/wp-json\/wp\/v2\/product"}],"about":[{"href":"https:\/\/ptm-mechatronics.com\/pt\/wp-json\/wp\/v2\/types\/product"}],"replies":[{"embeddable":true,"href":"https:\/\/ptm-mechatronics.com\/pt\/wp-json\/wp\/v2\/comments?post=15628"}],"wp:featuredmedia":[{"embeddable":true,"href":"https:\/\/ptm-mechatronics.com\/pt\/wp-json\/wp\/v2\/media\/15658"}],"wp:attachment":[{"href":"https:\/\/ptm-mechatronics.com\/pt\/wp-json\/wp\/v2\/media?parent=15628"}],"wp:term":[{"taxonomy":"product_brand","embeddable":true,"href":"https:\/\/ptm-mechatronics.com\/pt\/wp-json\/wp\/v2\/product_brand?post=15628"},{"taxonomy":"product_cat","embeddable":true,"href":"https:\/\/ptm-mechatronics.com\/pt\/wp-json\/wp\/v2\/product_cat?post=15628"},{"taxonomy":"product_tag","embeddable":true,"href":"https:\/\/ptm-mechatronics.com\/pt\/wp-json\/wp\/v2\/product_tag?post=15628"}],"curies":[{"name":"wp","href":"https:\/\/api.w.org\/{rel}","templated":true}]}}