{"id":15627,"date":"2025-11-18T10:24:39","date_gmt":"2025-11-18T09:24:39","guid":{"rendered":"https:\/\/ptm-mechatronics.com\/?post_type=product&#038;p=15627"},"modified":"2025-12-03T12:55:20","modified_gmt":"2025-12-03T11:55:20","slug":"fasspumpe-fuer-chemikalien","status":"publish","type":"product","link":"https:\/\/ptm-mechatronics.com\/pt\/product\/fasspumpe-fuer-chemikalien\/","title":{"rendered":"Bomba de tambor para produtos qu\u00edmicos"},"content":{"rendered":"<h1 data-start=\"227\" data-end=\"303\"><span style=\"font-size: 75%;\">Conjunto de bomba de tambor para produtos qu\u00edmicos, pronto a ser utilizado imediatamente<\/span><\/h1>\n<p data-start=\"272\" data-end=\"714\">Este conjunto de bomba de tambor \u00e9 a solu\u00e7\u00e3o completa ideal para o manuseamento seguro de produtos qu\u00edmicos agressivos. Cont\u00e9m um potente motor el\u00e9trico e uma unidade de bombagem resistente a produtos qu\u00edmicos com um veio em Hastelloy C de alta qualidade. Isto torna o conjunto ideal para o enchimento de \u00e1cidos altamente corrosivos, \u00e1lcalis e outros meios agressivos - tanto no laborat\u00f3rio como no sector industrial.<\/p>\n<p data-start=\"716\" data-end=\"1056\">Uma mangueira qu\u00edmica universal de 2 m de comprimento (DN25) com dois conectores de mangueira PVDF garante uma liga\u00e7\u00e3o segura e estanque. O bocal de distribui\u00e7\u00e3o integrado feito de PVDF com veda\u00e7\u00e3o FEP garante uma distribui\u00e7\u00e3o precisa mesmo com meios sens\u00edveis. Gra\u00e7as ao adaptador de bid\u00e3o e ao suporte de parede, o conjunto pode ser utilizado de forma flex\u00edvel e com economia de espa\u00e7o.<\/p>\n<p data-start=\"716\" data-end=\"1056\">A carater\u00edstica especial: O motor pode ser separado da esta\u00e7\u00e3o de bombagem sem ferramentas e ligado a outras esta\u00e7\u00f5es de bombagem. Isto significa que um motor pode ser utilizado de forma flex\u00edvel em v\u00e1rias esta\u00e7\u00f5es de bombagem. Os componentes adicionais tamb\u00e9m est\u00e3o dispon\u00edveis individualmente na loja - para m\u00e1xima modularidade e adaptabilidade.<\/p>\n<p data-start=\"644\" data-end=\"1136\">Componentes do conjunto:<\/p>\n<ul>\n<li>Motor universal 230V, 50Hz, 4,5 A, 850W, IP24<\/li>\n<li>Esta\u00e7\u00e3o de bombagem sem vedante, axial, <span class=\"T286Pc\" data-sfc-cp=\"\" data-complete=\"true\">Fluoreto de polivinilideno (PVDF)<\/span>, Eixo de Hastelloy (HC)<\/li>\n<li>Mangueira qu\u00edmica universal de 2 m DN25<\/li>\n<li>2x conetor de mangueira PVDF DN25<\/li>\n<li>2x bra\u00e7adeiras de a\u00e7o inoxid\u00e1vel para mangueiras<\/li>\n<li>Bocal de distribui\u00e7\u00e3o PVDF\/FEP 1 \u00bc\u201c<\/li>\n<li>Adaptador do cano PP<\/li>\n<li>Suporte de parede<\/li>\n<\/ul>","protected":false},"excerpt":{"rendered":"<p>Conjunto de bomba de tambor para o enchimento seguro de produtos qu\u00edmicos - totalmente equipado e pronto para utiliza\u00e7\u00e3o imediata.<\/p>","protected":false},"featured_media":15657,"comment_status":"closed","ping_status":"closed","template":"","meta":{"_acf_changed":false},"product_brand":[],"product_cat":[3206,3224],"product_tag":[3227,3248,3249,3250,3251,3252,3253,3254,3255],"class_list":{"0":"post-15627","1":"product","2":"type-product","3":"status-publish","4":"has-post-thumbnail","6":"product_cat-pumpentechnik","7":"product_cat-fasspumpen","8":"product_tag-fasspumpen-komplettset","9":"product_tag-chemie-fasspumpe","10":"product_tag-fasspumpen-set-chemikalien","11":"product_tag-pvdf-pumpe","12":"product_tag-hastelloy-c-pumpwerk","13":"product_tag-zapfpistole-pvdf-fep","14":"product_tag-schlauch-dn25-chemie","15":"product_tag-fasspumpe-aggressiv","16":"product_tag-pumpwerk-dl-pvdf-hc","17":"product_shipping_class-karton-paketversand","18":"pa_dichtung-fep","19":"pa_foerderleistung-50-80-l-min","20":"pa_leistung-850-watt","21":"pa_material-polyvinylidenfluorid-pvdf","22":"pa_material-edelstahl","23":"pa_material-polypropylen-pp","24":"pa_material-hastelloy-c","25":"pa_schutzart-ip24","26":"pa_spannung-230v","28":"first","29":"instock","30":"taxable","31":"shipping-taxable","32":"purchasable","33":"product-type-simple"},"bundled_by":[],"bundle_stock_status":"instock","bundle_stock_quantity":null,"bundle_virtual":false,"bundle_layout":"","bundle_add_to_cart_form_location":"","bundle_editable_in_cart":false,"bundle_sold_individually_context":"","bundle_item_grouping":"","bundle_min_size":"","bundle_max_size":"","bundle_price":[],"bundled_items":[],"bundle_sell_ids":[],"exclude_global_add_ons":[],"addons":[],"acf":[],"_links":{"self":[{"href":"https:\/\/ptm-mechatronics.com\/pt\/wp-json\/wp\/v2\/product\/15627","targetHints":{"allow":["GET"]}}],"collection":[{"href":"https:\/\/ptm-mechatronics.com\/pt\/wp-json\/wp\/v2\/product"}],"about":[{"href":"https:\/\/ptm-mechatronics.com\/pt\/wp-json\/wp\/v2\/types\/product"}],"replies":[{"embeddable":true,"href":"https:\/\/ptm-mechatronics.com\/pt\/wp-json\/wp\/v2\/comments?post=15627"}],"wp:featuredmedia":[{"embeddable":true,"href":"https:\/\/ptm-mechatronics.com\/pt\/wp-json\/wp\/v2\/media\/15657"}],"wp:attachment":[{"href":"https:\/\/ptm-mechatronics.com\/pt\/wp-json\/wp\/v2\/media?parent=15627"}],"wp:term":[{"taxonomy":"product_brand","embeddable":true,"href":"https:\/\/ptm-mechatronics.com\/pt\/wp-json\/wp\/v2\/product_brand?post=15627"},{"taxonomy":"product_cat","embeddable":true,"href":"https:\/\/ptm-mechatronics.com\/pt\/wp-json\/wp\/v2\/product_cat?post=15627"},{"taxonomy":"product_tag","embeddable":true,"href":"https:\/\/ptm-mechatronics.com\/pt\/wp-json\/wp\/v2\/product_tag?post=15627"}],"curies":[{"name":"wp","href":"https:\/\/api.w.org\/{rel}","templated":true}]}}