{"id":15626,"date":"2025-11-18T10:02:52","date_gmt":"2025-11-18T09:02:52","guid":{"rendered":"https:\/\/ptm-mechatronics.com\/?post_type=product&#038;p=15626"},"modified":"2026-01-12T10:10:59","modified_gmt":"2026-01-12T09:10:59","slug":"fasspumpe-fuer-konzentrierte-saeuren-laugen","status":"publish","type":"product","link":"https:\/\/ptm-mechatronics.com\/pt\/product\/fasspumpe-fuer-konzentrierte-saeuren-laugen\/","title":{"rendered":"Bomba de tambor para \u00e1cidos e \u00e1lcalis concentrados"},"content":{"rendered":"<h1 data-start=\"227\" data-end=\"303\"><span style=\"font-size: 75%;\">Conjunto de bombas de tambor para \u00e1cidos e \u00e1lcalis concentrados, pronto para utiliza\u00e7\u00e3o imediata<\/span><\/h1>\n<p data-start=\"269\" data-end=\"557\">O conjunto completo de bombas de tambor foi especialmente concebido para a bombagem segura e conveniente de \u00e1cidos e \u00e1lcalis concentrados. Com o seu potente motor el\u00e9trico, unidade de bombagem e vasta gama de acess\u00f3rios, o conjunto pode ser utilizado imediatamente - ideal para utiliza\u00e7\u00e3o em laborat\u00f3rios, produ\u00e7\u00e3o ou oficinas.<\/p>\n<p data-start=\"559\" data-end=\"1126\">A unidade de bombagem resistente a produtos qu\u00edmicos feita de polipropileno (PP) est\u00e1 equipada com um veio Hastelloy C e \u00e9 ideal para uma vasta gama de meios - desde produtos qu\u00edmicos ligeiramente agressivos a l\u00edquidos mais exigentes. A mangueira de PVC refor\u00e7ada com um di\u00e2metro de 25 mm e o conetor de mangueira PP garantem um fluxo fi\u00e1vel. Um bocal de distribui\u00e7\u00e3o com veda\u00e7\u00e3o FPM e componentes em Hastelloy C garante um enchimento controlado e seguro. Gra\u00e7as ao adaptador de bid\u00e3o e ao suporte de parede, a bomba pode ser utilizada de forma flex\u00edvel e com economia de espa\u00e7o.<\/p>\n<p data-start=\"559\" data-end=\"1126\">A carater\u00edstica especial: O motor pode ser separado da esta\u00e7\u00e3o de bombagem sem ferramentas e ligado a outras esta\u00e7\u00f5es de bombagem. Isto significa que um motor pode ser utilizado de forma flex\u00edvel em v\u00e1rias esta\u00e7\u00f5es de bombagem. Os componentes adicionais tamb\u00e9m est\u00e3o dispon\u00edveis individualmente na loja - para m\u00e1xima modularidade e adaptabilidade.<\/p>\n<p data-start=\"644\" data-end=\"1136\">Componentes do conjunto:<\/p>\n<ul>\n<li data-start=\"644\" data-end=\"1136\">Motor universal 230V, 50Hz, 4,5 A, 850W, IP24<\/li>\n<li>Unidade de bombagem sem veda\u00e7\u00e3o, radial, polipropileno, veio Hastelloy (HC)<\/li>\n<li>Mangueira de PVC refor\u00e7ado, 2 m, DN25<\/li>\n<li>Conector de mangueira PP, DN25<\/li>\n<li>2x bra\u00e7adeiras de a\u00e7o inoxid\u00e1vel para mangueiras<\/li>\n<li>Bocal de distribui\u00e7\u00e3o PP\/FPM\/Hastelloy-C, DN25<\/li>\n<li>Adaptador do cano PP<\/li>\n<li>Suporte de parede<\/li>\n<\/ul>","protected":false},"excerpt":{"rendered":"<p>Conjunto de bombas de tambor para o enchimento seguro de \u00e1cidos e \u00e1lcalis concentrados - totalmente equipado e pronto para utiliza\u00e7\u00e3o imediata.<\/p>","protected":false},"featured_media":15656,"comment_status":"closed","ping_status":"closed","template":"","meta":{"_acf_changed":false},"product_brand":[],"product_cat":[3206,3224],"product_tag":[3243,3244,3236,3237,3238,3239,3240,3241,3242],"class_list":{"0":"post-15626","1":"product","2":"type-product","3":"status-publish","4":"has-post-thumbnail","6":"product_cat-pumpentechnik","7":"product_cat-fasspumpen","8":"product_tag-fassadapter-pp","9":"product_tag-fasspumpe-chemikalienbestaendig","10":"product_tag-fasspumpen-set","11":"product_tag-chemiepumpe-komplettset","12":"product_tag-fasspumpe-mit-hastelloy","13":"product_tag-zapfpistole-fpm-hc","14":"product_tag-motor-p400-a-230","15":"product_tag-pumpwerk-dl-pp-r-hc","16":"product_tag-pvc-schlauch-dn25","17":"product_shipping_class-karton-paketversand","18":"pa_dichtung-fpm","19":"pa_foerderleistung-50-80-l-min","20":"pa_leistung-850-watt","21":"pa_material-hastelloy-c","22":"pa_material-edelstahl","23":"pa_material-polypropylen-pp","24":"pa_material-pvc","25":"pa_schutzart-ip24","26":"pa_spannung-230v","28":"first","29":"instock","30":"taxable","31":"shipping-taxable","32":"purchasable","33":"product-type-simple"},"bundled_by":[],"bundle_stock_status":"instock","bundle_stock_quantity":null,"bundle_virtual":false,"bundle_layout":"","bundle_add_to_cart_form_location":"","bundle_editable_in_cart":false,"bundle_sold_individually_context":"","bundle_item_grouping":"","bundle_min_size":"","bundle_max_size":"","bundle_price":[],"bundled_items":[],"bundle_sell_ids":[],"exclude_global_add_ons":[],"addons":[],"acf":[],"_links":{"self":[{"href":"https:\/\/ptm-mechatronics.com\/pt\/wp-json\/wp\/v2\/product\/15626","targetHints":{"allow":["GET"]}}],"collection":[{"href":"https:\/\/ptm-mechatronics.com\/pt\/wp-json\/wp\/v2\/product"}],"about":[{"href":"https:\/\/ptm-mechatronics.com\/pt\/wp-json\/wp\/v2\/types\/product"}],"replies":[{"embeddable":true,"href":"https:\/\/ptm-mechatronics.com\/pt\/wp-json\/wp\/v2\/comments?post=15626"}],"wp:featuredmedia":[{"embeddable":true,"href":"https:\/\/ptm-mechatronics.com\/pt\/wp-json\/wp\/v2\/media\/15656"}],"wp:attachment":[{"href":"https:\/\/ptm-mechatronics.com\/pt\/wp-json\/wp\/v2\/media?parent=15626"}],"wp:term":[{"taxonomy":"product_brand","embeddable":true,"href":"https:\/\/ptm-mechatronics.com\/pt\/wp-json\/wp\/v2\/product_brand?post=15626"},{"taxonomy":"product_cat","embeddable":true,"href":"https:\/\/ptm-mechatronics.com\/pt\/wp-json\/wp\/v2\/product_cat?post=15626"},{"taxonomy":"product_tag","embeddable":true,"href":"https:\/\/ptm-mechatronics.com\/pt\/wp-json\/wp\/v2\/product_tag?post=15626"}],"curies":[{"name":"wp","href":"https:\/\/api.w.org\/{rel}","templated":true}]}}