{"id":15619,"date":"2025-11-17T08:28:49","date_gmt":"2025-11-17T07:28:49","guid":{"rendered":"https:\/\/ptm-mechatronics.com\/?post_type=product&#038;p=15619"},"modified":"2026-03-09T11:09:36","modified_gmt":"2026-03-09T10:09:36","slug":"pumpwerk-fuer-faesser","status":"publish","type":"product","link":"https:\/\/ptm-mechatronics.com\/pt\/product\/pumpwerk-fuer-faesser\/","title":{"rendered":"Esta\u00e7\u00e3o de bombagem de bid\u00f5es"},"content":{"rendered":"<p data-start=\"332\" data-end=\"703\">A unidade de bombagem com 700 mm de comprimento \u00e9 a extens\u00e3o perfeita para a sua bomba modular de laborat\u00f3rio para pequenos recipientes e latas. \u00c9 ideal para encher uma vasta gama de l\u00edquidos em ambientes laboratoriais e de produ\u00e7\u00e3o - seja para produtos qu\u00edmicos, \u00e1gua ou outros meios. Gra\u00e7as aos seus materiais de alta qualidade, a unidade de bombagem \u00e9 particularmente robusta e duradoura.<\/p>\n<p data-start=\"705\" data-end=\"1074\">O design modular permite uma instala\u00e7\u00e3o f\u00e1cil e sem ferramentas de um motor el\u00e9trico adequado, que est\u00e1 dispon\u00edvel separadamente. O tubo de suc\u00e7\u00e3o \u00e9 feito de polipropileno (PP) resistente a produtos qu\u00edmicos, o veio de acionamento \u00e9 feito de a\u00e7o inoxid\u00e1vel robusto e o vedante \u00e9 feito de FKM (Viton). O cotovelo de descarga em PP fornecido garante uma descarga limpa no contentor de destino.<\/p>\n<p data-start=\"1076\" data-end=\"1237\">A unidade de bombagem \u00e9 compat\u00edvel com o sistema de bombas de laborat\u00f3rio da PTM mechatronics e permite uma mudan\u00e7a r\u00e1pida para diferentes aplica\u00e7\u00f5es ou meios.<\/p>","protected":false},"excerpt":{"rendered":"<p>Unidade de bombagem com 700 mm de comprimento para adi\u00e7\u00e3o modular \u00e0s bombas de laborat\u00f3rio PTM, materiais resistentes a produtos qu\u00edmicos e montagem do motor sem ferramentas.<\/p>","protected":false},"featured_media":15883,"comment_status":"closed","ping_status":"closed","template":"","meta":{"_acf_changed":false},"product_brand":[],"product_cat":[3206,3215],"product_tag":[],"class_list":{"0":"post-15619","1":"product","2":"type-product","3":"status-publish","4":"has-post-thumbnail","6":"product_cat-pumpentechnik","7":"product_cat-laborpumpen","8":"product_shipping_class-karton-paketversand","9":"pa_dichtung-fkm","10":"pa_laenge-700mm","11":"pa_material-edelstahl","12":"pa_material-polypropylen-pp","14":"first","15":"instock","16":"taxable","17":"shipping-taxable","18":"purchasable","19":"product-type-simple"},"bundled_by":[],"bundle_stock_status":"instock","bundle_stock_quantity":null,"bundle_virtual":false,"bundle_layout":"","bundle_add_to_cart_form_location":"","bundle_editable_in_cart":false,"bundle_sold_individually_context":"","bundle_item_grouping":"","bundle_min_size":"","bundle_max_size":"","bundle_price":[],"bundled_items":[],"bundle_sell_ids":[],"exclude_global_add_ons":[],"addons":[],"acf":[],"_links":{"self":[{"href":"https:\/\/ptm-mechatronics.com\/pt\/wp-json\/wp\/v2\/product\/15619","targetHints":{"allow":["GET"]}}],"collection":[{"href":"https:\/\/ptm-mechatronics.com\/pt\/wp-json\/wp\/v2\/product"}],"about":[{"href":"https:\/\/ptm-mechatronics.com\/pt\/wp-json\/wp\/v2\/types\/product"}],"replies":[{"embeddable":true,"href":"https:\/\/ptm-mechatronics.com\/pt\/wp-json\/wp\/v2\/comments?post=15619"}],"wp:featuredmedia":[{"embeddable":true,"href":"https:\/\/ptm-mechatronics.com\/pt\/wp-json\/wp\/v2\/media\/15883"}],"wp:attachment":[{"href":"https:\/\/ptm-mechatronics.com\/pt\/wp-json\/wp\/v2\/media?parent=15619"}],"wp:term":[{"taxonomy":"product_brand","embeddable":true,"href":"https:\/\/ptm-mechatronics.com\/pt\/wp-json\/wp\/v2\/product_brand?post=15619"},{"taxonomy":"product_cat","embeddable":true,"href":"https:\/\/ptm-mechatronics.com\/pt\/wp-json\/wp\/v2\/product_cat?post=15619"},{"taxonomy":"product_tag","embeddable":true,"href":"https:\/\/ptm-mechatronics.com\/pt\/wp-json\/wp\/v2\/product_tag?post=15619"}],"curies":[{"name":"wp","href":"https:\/\/api.w.org\/{rel}","templated":true}]}}