{"id":15617,"date":"2025-11-14T13:41:23","date_gmt":"2025-11-14T12:41:23","guid":{"rendered":"https:\/\/ptm-mechatronics.com\/?post_type=product&#038;p=15617"},"modified":"2026-03-09T11:10:49","modified_gmt":"2026-03-09T10:10:49","slug":"laborpumpe-fuer-faesser","status":"publish","type":"product","link":"https:\/\/ptm-mechatronics.com\/pt\/product\/laborpumpe-fuer-faesser\/","title":{"rendered":"Bomba de laborat\u00f3rio para bid\u00f5es"},"content":{"rendered":"<p data-start=\"344\" data-end=\"712\">Esta bomba el\u00e9ctrica de laborat\u00f3rio para bid\u00f5es \u00e9 a solu\u00e7\u00e3o ideal para o enchimento limpo e eficiente de uma vasta gama de l\u00edquidos no laborat\u00f3rio ou na produ\u00e7\u00e3o. Em contraste com as bombas manuais cl\u00e1ssicas, este modelo funciona com um potente motor el\u00e9trico de 130 watts, que garante uma taxa de entrega consistente e um manuseamento conveniente.<\/p>\n<p data-start=\"714\" data-end=\"1003\">A carater\u00edstica especial: O motor pode ser separado da esta\u00e7\u00e3o de bombagem sem ferramentas e ligado a outras esta\u00e7\u00f5es de bombagem. Isto significa que um motor pode ser utilizado de forma flex\u00edvel em v\u00e1rias esta\u00e7\u00f5es de bombagem. Os componentes adicionais tamb\u00e9m est\u00e3o dispon\u00edveis individualmente na loja - para m\u00e1xima modularidade e adaptabilidade.<\/p>\n<h4 data-start=\"1005\" data-end=\"1038\">Componentes do conjunto:<\/h4>\n<ul>\n<li data-start=\"1041\" data-end=\"1064\">Esta\u00e7\u00e3o de bombagem (700 mm)<\/li>\n<li data-start=\"1041\" data-end=\"1064\">Tubo de aspira\u00e7\u00e3o em PP (polipropileno)<\/li>\n<li data-start=\"1106\" data-end=\"1139\">Veio de acionamento em a\u00e7o inoxid\u00e1vel<\/li>\n<li data-start=\"1142\" data-end=\"1172\">Junta de veda\u00e7\u00e3o em FKM (Viton)<\/li>\n<li data-start=\"1175\" data-end=\"1212\">Motor el\u00e9trico com 130 W de pot\u00eancia<\/li>\n<li data-start=\"1215\" data-end=\"1233\">Curva de sa\u00edda<\/li>\n<li data-start=\"1236\" data-end=\"1289\">Tamp\u00e3o PP para aberturas de recipientes 40-58 mm<\/li>\n<\/ul>\n<p data-start=\"1291\" data-end=\"1464\">O conjunto impressiona pela sua facilidade de limpeza, durabilidade e resist\u00eancia a produtos qu\u00edmicos.<\/p>","protected":false},"excerpt":{"rendered":"<p>Bomba el\u00e9ctrica de laborat\u00f3rio como um conjunto completo com motor, unidade de bombagem e acess\u00f3rios para tambores, pode ser convertida sem ferramentas, design modular.<\/p>","protected":false},"featured_media":15892,"comment_status":"closed","ping_status":"closed","template":"","meta":{"_acf_changed":false},"product_brand":[],"product_cat":[3206,3215],"product_tag":[],"class_list":{"0":"post-15617","1":"product","2":"type-product","3":"status-publish","4":"has-post-thumbnail","6":"product_cat-pumpentechnik","7":"product_cat-laborpumpen","8":"product_shipping_class-karton-paketversand","9":"pa_dichtung-fkm","10":"pa_foerderleistung-0-30-l-min","11":"pa_laenge-700mm","12":"pa_leistung-130-watt","13":"pa_material-edelstahl","14":"pa_material-polypropylen-pp","16":"first","17":"instock","18":"taxable","19":"shipping-taxable","20":"purchasable","21":"product-type-simple"},"bundled_by":[],"bundle_stock_status":"instock","bundle_stock_quantity":null,"bundle_virtual":false,"bundle_layout":"","bundle_add_to_cart_form_location":"","bundle_editable_in_cart":false,"bundle_sold_individually_context":"","bundle_item_grouping":"","bundle_min_size":"","bundle_max_size":"","bundle_price":[],"bundled_items":[],"bundle_sell_ids":[],"exclude_global_add_ons":[],"addons":[],"acf":[],"_links":{"self":[{"href":"https:\/\/ptm-mechatronics.com\/pt\/wp-json\/wp\/v2\/product\/15617","targetHints":{"allow":["GET"]}}],"collection":[{"href":"https:\/\/ptm-mechatronics.com\/pt\/wp-json\/wp\/v2\/product"}],"about":[{"href":"https:\/\/ptm-mechatronics.com\/pt\/wp-json\/wp\/v2\/types\/product"}],"replies":[{"embeddable":true,"href":"https:\/\/ptm-mechatronics.com\/pt\/wp-json\/wp\/v2\/comments?post=15617"}],"wp:featuredmedia":[{"embeddable":true,"href":"https:\/\/ptm-mechatronics.com\/pt\/wp-json\/wp\/v2\/media\/15892"}],"wp:attachment":[{"href":"https:\/\/ptm-mechatronics.com\/pt\/wp-json\/wp\/v2\/media?parent=15617"}],"wp:term":[{"taxonomy":"product_brand","embeddable":true,"href":"https:\/\/ptm-mechatronics.com\/pt\/wp-json\/wp\/v2\/product_brand?post=15617"},{"taxonomy":"product_cat","embeddable":true,"href":"https:\/\/ptm-mechatronics.com\/pt\/wp-json\/wp\/v2\/product_cat?post=15617"},{"taxonomy":"product_tag","embeddable":true,"href":"https:\/\/ptm-mechatronics.com\/pt\/wp-json\/wp\/v2\/product_tag?post=15617"}],"curies":[{"name":"wp","href":"https:\/\/api.w.org\/{rel}","templated":true}]}}