{"id":15608,"date":"2025-11-14T09:16:10","date_gmt":"2025-11-14T08:16:10","guid":{"rendered":"https:\/\/ptm-mechatronics.com\/?post_type=product&#038;p=15608"},"modified":"2025-12-15T12:41:09","modified_gmt":"2025-12-15T11:41:09","slug":"haltestopfen","status":"publish","type":"product","link":"https:\/\/ptm-mechatronics.com\/pt\/product\/haltestopfen\/","title":{"rendered":"Tamp\u00e3o de reten\u00e7\u00e3o"},"content":{"rendered":"<h1 data-start=\"172\" data-end=\"234\"><span style=\"font-size: 75%;\">Tamp\u00e3o de reten\u00e7\u00e3o PP<br \/>\n- Est\u00e1vel, c\u00f3nico, flex\u00edvel na utiliza\u00e7\u00e3o<\/span><\/h1>\n<p data-start=\"236\" data-end=\"579\">A rolha c\u00f3nica feita de polipropileno robusto (PP) \u00e9 utilizada para centrar com seguran\u00e7a a sua bomba de laborat\u00f3rio em pequenos recipientes e latas. Gra\u00e7as ao seu di\u00e2metro flex\u00edvel, \u00e9 adequada para aberturas de recipientes de 40 a 58 mm e adapta-se de forma fi\u00e1vel a diferentes aberturas de recipientes gra\u00e7as \u00e0 sua forma c\u00f3nica.<\/p>\n<p data-start=\"581\" data-end=\"850\">O material PP resistente a produtos qu\u00edmicos assegura uma longa vida \u00fatil e uma elevada resist\u00eancia a meios agressivos. A rolha \u00e9 r\u00e1pida de colocar e f\u00e1cil de limpar - ideal para aplica\u00e7\u00f5es que mudam frequentemente em laborat\u00f3rios e ambientes de produ\u00e7\u00e3o.<\/p>","protected":false},"excerpt":{"rendered":"<p>Rolha c\u00f3nica em PP para bombas de laborat\u00f3rio com aberturas de recipientes de 40 a 58 mm, para uma fixa\u00e7\u00e3o centrada e est\u00e1vel.<\/p>","protected":false},"featured_media":15885,"comment_status":"closed","ping_status":"closed","template":"","meta":{"_acf_changed":false},"product_brand":[],"product_cat":[3215,3206],"product_tag":[],"class_list":{"0":"post-15608","1":"product","2":"type-product","3":"status-publish","4":"has-post-thumbnail","6":"product_cat-laborpumpen","7":"product_cat-pumpentechnik","8":"product_shipping_class-karton-paketversand","9":"pa_material-polypropylen-pp","11":"first","12":"instock","13":"taxable","14":"shipping-taxable","15":"purchasable","16":"product-type-simple"},"bundled_by":[],"bundle_stock_status":"instock","bundle_stock_quantity":null,"bundle_virtual":false,"bundle_layout":"","bundle_add_to_cart_form_location":"","bundle_editable_in_cart":false,"bundle_sold_individually_context":"","bundle_item_grouping":"","bundle_min_size":"","bundle_max_size":"","bundle_price":[],"bundled_items":[],"bundle_sell_ids":[],"exclude_global_add_ons":[],"addons":[],"acf":[],"_links":{"self":[{"href":"https:\/\/ptm-mechatronics.com\/pt\/wp-json\/wp\/v2\/product\/15608","targetHints":{"allow":["GET"]}}],"collection":[{"href":"https:\/\/ptm-mechatronics.com\/pt\/wp-json\/wp\/v2\/product"}],"about":[{"href":"https:\/\/ptm-mechatronics.com\/pt\/wp-json\/wp\/v2\/types\/product"}],"replies":[{"embeddable":true,"href":"https:\/\/ptm-mechatronics.com\/pt\/wp-json\/wp\/v2\/comments?post=15608"}],"wp:featuredmedia":[{"embeddable":true,"href":"https:\/\/ptm-mechatronics.com\/pt\/wp-json\/wp\/v2\/media\/15885"}],"wp:attachment":[{"href":"https:\/\/ptm-mechatronics.com\/pt\/wp-json\/wp\/v2\/media?parent=15608"}],"wp:term":[{"taxonomy":"product_brand","embeddable":true,"href":"https:\/\/ptm-mechatronics.com\/pt\/wp-json\/wp\/v2\/product_brand?post=15608"},{"taxonomy":"product_cat","embeddable":true,"href":"https:\/\/ptm-mechatronics.com\/pt\/wp-json\/wp\/v2\/product_cat?post=15608"},{"taxonomy":"product_tag","embeddable":true,"href":"https:\/\/ptm-mechatronics.com\/pt\/wp-json\/wp\/v2\/product_tag?post=15608"}],"curies":[{"name":"wp","href":"https:\/\/api.w.org\/{rel}","templated":true}]}}