{"id":15607,"date":"2025-11-13T13:24:45","date_gmt":"2025-11-13T12:24:45","guid":{"rendered":"https:\/\/ptm-mechatronics.com\/?post_type=product&#038;p=15607"},"modified":"2025-12-15T12:40:27","modified_gmt":"2025-12-15T11:40:27","slug":"auslaufbogen-fuer-laborpumpen","status":"publish","type":"product","link":"https:\/\/ptm-mechatronics.com\/pt\/product\/auslaufbogen-fuer-laborpumpen\/","title":{"rendered":"Cotovelo de sa\u00edda para bombas de laborat\u00f3rio"},"content":{"rendered":"<h1><span style=\"font-size: 75%;\">Curva de sa\u00edda de 250 mm em PP<br \/>\n- Robusto, ajuste preciso, resistente a produtos qu\u00edmicos<\/span><\/h1>\n<p data-start=\"253\" data-end=\"600\">O cotovelo de sa\u00edda de 25 cm de comprimento feito de polipropileno (PP) \u00e9 o complemento ideal para as bombas modulares de laborat\u00f3rio PTM para pequenos recipientes e latas. Com um di\u00e2metro de liga\u00e7\u00e3o de DN 19 e uma rosca externa de 3\/4\u2033, o cotovelo de sa\u00edda assegura uma sa\u00edda de l\u00edquido controlada e limpa - sem qualquer gotejamento ou salpicos.<\/p>\n<p data-start=\"602\" data-end=\"912\">O material PP (polipropileno) resistente a produtos qu\u00edmicos \u00e9 particularmente resistente a muitos meios agressivos e \u00e9, por isso, adequado para in\u00fameras aplica\u00e7\u00f5es no laborat\u00f3rio e no ambiente de produ\u00e7\u00e3o. O cotovelo de sa\u00edda pode ser facilmente ligado \u00e0 unidade da bomba e substitu\u00eddo sem ferramentas, se necess\u00e1rio.<\/p>","protected":false},"excerpt":{"rendered":"<p>Cotovelo de sa\u00edda com 25 cm de comprimento feito de PP resistente a produtos qu\u00edmicos com DN 19 e rosca de 3\/4\u2033 para um enchimento limpo e seguro com bombas de laborat\u00f3rio PTM.<\/p>","protected":false},"featured_media":15884,"comment_status":"closed","ping_status":"closed","template":"","meta":{"_acf_changed":false},"product_brand":[],"product_cat":[3206,3215],"product_tag":[],"class_list":{"0":"post-15607","1":"product","2":"type-product","3":"status-publish","4":"has-post-thumbnail","6":"product_cat-pumpentechnik","7":"product_cat-laborpumpen","8":"product_shipping_class-karton-paketversand","9":"pa_laenge-250mm","10":"pa_material-polypropylen-pp","12":"first","13":"instock","14":"taxable","15":"shipping-taxable","16":"purchasable","17":"product-type-simple"},"bundled_by":[],"bundle_stock_status":"instock","bundle_stock_quantity":1,"bundle_virtual":false,"bundle_layout":"","bundle_add_to_cart_form_location":"","bundle_editable_in_cart":false,"bundle_sold_individually_context":"","bundle_item_grouping":"","bundle_min_size":"","bundle_max_size":"","bundle_price":[],"bundled_items":[],"bundle_sell_ids":[],"exclude_global_add_ons":[],"addons":[],"acf":[],"_links":{"self":[{"href":"https:\/\/ptm-mechatronics.com\/pt\/wp-json\/wp\/v2\/product\/15607","targetHints":{"allow":["GET"]}}],"collection":[{"href":"https:\/\/ptm-mechatronics.com\/pt\/wp-json\/wp\/v2\/product"}],"about":[{"href":"https:\/\/ptm-mechatronics.com\/pt\/wp-json\/wp\/v2\/types\/product"}],"replies":[{"embeddable":true,"href":"https:\/\/ptm-mechatronics.com\/pt\/wp-json\/wp\/v2\/comments?post=15607"}],"wp:featuredmedia":[{"embeddable":true,"href":"https:\/\/ptm-mechatronics.com\/pt\/wp-json\/wp\/v2\/media\/15884"}],"wp:attachment":[{"href":"https:\/\/ptm-mechatronics.com\/pt\/wp-json\/wp\/v2\/media?parent=15607"}],"wp:term":[{"taxonomy":"product_brand","embeddable":true,"href":"https:\/\/ptm-mechatronics.com\/pt\/wp-json\/wp\/v2\/product_brand?post=15607"},{"taxonomy":"product_cat","embeddable":true,"href":"https:\/\/ptm-mechatronics.com\/pt\/wp-json\/wp\/v2\/product_cat?post=15607"},{"taxonomy":"product_tag","embeddable":true,"href":"https:\/\/ptm-mechatronics.com\/pt\/wp-json\/wp\/v2\/product_tag?post=15607"}],"curies":[{"name":"wp","href":"https:\/\/api.w.org\/{rel}","templated":true}]}}