{"id":15596,"date":"2025-11-13T13:01:24","date_gmt":"2025-11-13T12:01:24","guid":{"rendered":"https:\/\/ptm-mechatronics.com\/?post_type=product&#038;p=15596"},"modified":"2025-12-15T13:08:04","modified_gmt":"2025-12-15T12:08:04","slug":"universalmotor-fuer-laborpumpen","status":"publish","type":"product","link":"https:\/\/ptm-mechatronics.com\/pt\/product\/universalmotor-fuer-laborpumpen\/","title":{"rendered":"Motor universal para bombas de laborat\u00f3rio"},"content":{"rendered":"<h1 data-start=\"196\" data-end=\"275\"><span style=\"font-size: 75%;\"><strong data-start=\"196\" data-end=\"275\">Motor universal para bombas de laborat\u00f3rio<br \/>\n<\/strong><\/span><span style=\"font-size: 75%;\">- Compacto, potente, vers\u00e1til<\/span><\/h1>\n<p data-start=\"277\" data-end=\"588\">O motor universal \u00e9 o elemento central de acionamento da sua bomba de laborat\u00f3rio modular para pequenos recipientes e latas. Com uma pot\u00eancia de 130 W e uma gama de tens\u00e3o de 130-230 V a 50 Hz, o motor oferece uma pot\u00eancia fi\u00e1vel para um funcionamento cont\u00ednuo no laborat\u00f3rio ou no ambiente de produ\u00e7\u00e3o.<\/p>\n<p data-start=\"590\" data-end=\"911\">Gra\u00e7as ao seu design compacto e \u00e0 classe de prote\u00e7\u00e3o IP21, o motor \u00e9 ideal para aplica\u00e7\u00f5es com espa\u00e7o limitado - em combina\u00e7\u00e3o com as unidades de bomba correspondentes da PTM mechatronics. O motor pode ser montado e desmontado sem ferramentas, o que oferece a m\u00e1xima flexibilidade no manuseamento e na limpeza.<\/p>\n<p data-start=\"913\" data-end=\"1078\">\u00c9 compat\u00edvel com todas as esta\u00e7\u00f5es de bombagem PTM da loja e impressiona pela sua bombagem segura, conveniente e higi\u00e9nica de uma vasta gama de l\u00edquidos.<\/p>","protected":false},"excerpt":{"rendered":"<p>Motor universal com pot\u00eancia de 130 W, unidade de acionamento compacta para bombas modulares de laborat\u00f3rio da PTM mechatronics que pode ser instalada sem ferramentas.<\/p>","protected":false},"featured_media":15890,"comment_status":"closed","ping_status":"closed","template":"","meta":{"_acf_changed":false},"product_brand":[],"product_cat":[3206,3215],"product_tag":[],"class_list":{"0":"post-15596","1":"product","2":"type-product","3":"status-publish","4":"has-post-thumbnail","6":"product_cat-pumpentechnik","7":"product_cat-laborpumpen","8":"product_shipping_class-karton-paketversand","9":"pa_leistung-130-watt","10":"pa_schutzart-ip21","11":"pa_spannung-130-230v","13":"first","14":"instock","15":"taxable","16":"shipping-taxable","17":"purchasable","18":"product-type-simple"},"bundled_by":[],"bundle_stock_status":"instock","bundle_stock_quantity":null,"bundle_virtual":false,"bundle_layout":"","bundle_add_to_cart_form_location":"","bundle_editable_in_cart":false,"bundle_sold_individually_context":"","bundle_item_grouping":"","bundle_min_size":"","bundle_max_size":"","bundle_price":[],"bundled_items":[],"bundle_sell_ids":[],"exclude_global_add_ons":[],"addons":[],"acf":[],"_links":{"self":[{"href":"https:\/\/ptm-mechatronics.com\/pt\/wp-json\/wp\/v2\/product\/15596","targetHints":{"allow":["GET"]}}],"collection":[{"href":"https:\/\/ptm-mechatronics.com\/pt\/wp-json\/wp\/v2\/product"}],"about":[{"href":"https:\/\/ptm-mechatronics.com\/pt\/wp-json\/wp\/v2\/types\/product"}],"replies":[{"embeddable":true,"href":"https:\/\/ptm-mechatronics.com\/pt\/wp-json\/wp\/v2\/comments?post=15596"}],"wp:featuredmedia":[{"embeddable":true,"href":"https:\/\/ptm-mechatronics.com\/pt\/wp-json\/wp\/v2\/media\/15890"}],"wp:attachment":[{"href":"https:\/\/ptm-mechatronics.com\/pt\/wp-json\/wp\/v2\/media?parent=15596"}],"wp:term":[{"taxonomy":"product_brand","embeddable":true,"href":"https:\/\/ptm-mechatronics.com\/pt\/wp-json\/wp\/v2\/product_brand?post=15596"},{"taxonomy":"product_cat","embeddable":true,"href":"https:\/\/ptm-mechatronics.com\/pt\/wp-json\/wp\/v2\/product_cat?post=15596"},{"taxonomy":"product_tag","embeddable":true,"href":"https:\/\/ptm-mechatronics.com\/pt\/wp-json\/wp\/v2\/product_tag?post=15596"}],"curies":[{"name":"wp","href":"https:\/\/api.w.org\/{rel}","templated":true}]}}