{"id":14973,"date":"2025-09-08T13:14:41","date_gmt":"2025-09-08T11:14:41","guid":{"rendered":"https:\/\/ptm-mechatronics.com\/?post_type=product&#038;p=14973"},"modified":"2026-03-05T17:47:42","modified_gmt":"2026-03-05T16:47:42","slug":"pneumatisches-ruehrwerk-mit-deckel-fuer-30-liter-fass","status":"publish","type":"product","link":"https:\/\/ptm-mechatronics.com\/pt\/product\/pneumatisches-ruehrwerk-mit-deckel-fuer-30-liter-fass\/","title":{"rendered":"Agitador pneum\u00e1tico com tampa para bid\u00e3o de 30 litros"},"content":{"rendered":"<h1>Agitador para bid\u00f5es de 30 litros - potente, seguro e orientado para o processo<\/h1>\n<p>Este agitador foi concebido para processar grandes quantidades de produto em bid\u00f5es de 30 litros. O acionamento pneum\u00e1tico energeticamente eficiente, em combina\u00e7\u00e3o com o veio do agitador e o elemento agitador, assegura uma mistura potente mas suave de meios de qualquer classe de viscosidade.<\/p>\n<p>Todos os componentes em contacto com o meio - eixo do agitador, elemento agitador e tampa - s\u00e3o fabricados em a\u00e7o inoxid\u00e1vel V4A (1.4404) de alta qualidade, garantindo assim a m\u00e1xima higiene, resist\u00eancia \u00e0 corros\u00e3o e durabilidade. A tampa, com um intervalo de aperto de 300 a 400 mm, foi concebida para bid\u00f5es normalizados de 30 litros e possui dois dispositivos de aperto, uma aba de acesso pr\u00e1tica e uma grelha de seguran\u00e7a integrada que protege contra uma interven\u00e7\u00e3o involunt\u00e1ria durante o funcionamento.<\/p>\n<p>As suas op\u00e7\u00f5es:<\/p>\n<p>Sistema de troca r\u00e1pida do eixo do agitador:<br \/>\nO nosso sistema de troca r\u00e1pida eco-Quick oferece-lhe uma troca r\u00e1pida e limpa do veio do agitador em segundos, sem ferramentas adicionais.<\/p>\n<p>Agitador de copo eco-Cup ou misturador de l\u00e2minas inclinadas<br \/>\nGra\u00e7as ao seu comportamento de agita\u00e7\u00e3o laminar, o agitador de copo eco-Cup oferece uma mistura homog\u00e9nea - mesmo com meios exigentes e altamente viscosos, como pastas, suspens\u00f5es ou emuls\u00f5es.<\/p>\n<p>O misturador de p\u00e1s inclinadas impressiona pelas suas carater\u00edsticas de transporte axial com um componente ligeiramente radial e gera um fluxo turbulento que permite uma mistura particularmente eficaz. O seu design robusto torna-o ideal para subst\u00e2ncias altamente viscosas.<\/p>\n<p>Conjunto pneum\u00e1tico<br \/>\nO conjunto pneum\u00e1tico inclui um m\u00f3dulo de alimenta\u00e7\u00e3o de ar com v\u00e1lvula de corte, filtro regulador e man\u00f3metro para uma alimenta\u00e7\u00e3o de ar comprimido segura e limpa entre o sistema e o acionamento do agitador - para um funcionamento duradouro e fi\u00e1vel. O filtro de ar de exaust\u00e3o integrado reduz o ru\u00eddo de funcionamento para apenas 50 dB(A) e garante que o ar de exaust\u00e3o \u00e9 descarregado em seguran\u00e7a.<\/p>\n<p>Vantagens num piscar de olhos:<\/p>\n<ul>\n<li>Pneum\u00e1tico, energeticamente eficiente e potente<\/li>\n<li>Para bid\u00f5es de 30 litros com \u00d8 300-400 mm<\/li>\n<li>Veio do agitador, elemento agitador e tampa em a\u00e7o inoxid\u00e1vel V4A<\/li>\n<li>Dois dispositivos de aperto para uma fixa\u00e7\u00e3o segura<\/li>\n<li>Com tampa de acesso e grelha de seguran\u00e7a<\/li>\n<li>Adequado para meios de baixa e alta viscosidade<\/li>\n<li>Homog\u00e9neo, comportamento de agita\u00e7\u00e3o suave<\/li>\n<li>Robusto, higi\u00e9nico e de baixa manuten\u00e7\u00e3o<\/li>\n<\/ul>","protected":false},"excerpt":{"rendered":"<p><span class=\"_fadeIn_m1hgl_8\">Agitador <\/span><span class=\"_fadeIn_m1hgl_8\">para 30<\/span><span class=\"_fadeIn_m1hgl_8\">-<\/span><span class=\"_fadeIn_m1hgl_8\">Litro<\/span><span class=\"_fadeIn_m1hgl_8\">Barris <\/span><span class=\"_fadeIn_m1hgl_8\">com <\/span><span class=\"_fadeIn_m1hgl_8\">V4A-<\/span><span class=\"_fadeIn_m1hgl_8\">Componentes, <\/span><span class=\"_fadeIn_m1hgl_8\">Aba Encore <\/span><span class=\"_fadeIn_m1hgl_8\">com <\/span><span class=\"_fadeIn_m1hgl_8\">Grelha de seguran\u00e7a, agitador selecion\u00e1vel, <\/span><span class=\"_fadeIn_m1hgl_8\">para <\/span><span class=\"_fadeIn_m1hgl_8\">a <\/span><span class=\"_fadeIn_m1hgl_8\">seguro, <\/span><span class=\"_fadeIn_m1hgl_8\">eficaz <\/span><span class=\"_fadeIn_m1hgl_8\">e <\/span><span class=\"_fadeIn_m1hgl_8\">higi\u00e9nico <\/span><span class=\"_fadeIn_m1hgl_8\">Mexer <\/span><span class=\"_fadeIn_m1hgl_8\">mais viscoso <\/span><span class=\"_fadeIn_m1hgl_8\">Media<\/span><span class=\"_fadeIn_m1hgl_8\">.<\/span><\/p>","protected":false},"featured_media":15551,"comment_status":"open","ping_status":"closed","template":"","meta":{"_acf_changed":false},"product_brand":[],"product_cat":[595,612],"product_tag":[2940,2954,2956,2960,2961,2962,3152,2637,2735,2816],"class_list":{"0":"post-14973","1":"product","2":"type-product","3":"status-publish","4":"has-post-thumbnail","6":"product_cat-ruehrwerkstechnik","7":"product_cat-kleingebinderuehrwerke","8":"product_tag-becherruehrorgan-eco-cup","9":"product_tag-zugabeklappe-ruehrwerk","10":"product_tag-pneumatischer-ruehrantrieb","11":"product_tag-fassruehrwerk-edelstahl","12":"product_tag-v4a-ruehrwerk-zone-1","13":"product_tag-sicherheitsgitter-ruehrsystem","14":"product_tag-v4a-ruehrwerk-zone-0-1","15":"product_tag-ruehrwerk-fuer-hochviskose-medien","16":"product_tag-schragblattmischer","17":"product_tag-explosionsgeschuetztes-ruehrwerk","18":"product_shipping_class-europalette-speditionsversand","19":"pa_antriebsart-pneumatisch","20":"pa_bedien-anschlusskonzept-pneumatikset","21":"pa_bedien-anschlusskonzept-ohne","22":"pa_behaeltervolumen-30-liter","23":"pa_dichtung-ptfe","24":"pa_drehmoment-16nm","25":"pa_drehzahl-0-300-1-min","26":"pa_durchmesser-ruehrwelle-16mm","27":"pa_geeignete-fassdurchmesser-300-400mm","28":"pa_geraeuschpegel-75db","29":"pa_labs-oel-und-silikonfrei","30":"pa_laenge-ruehrwelle-ca-360mm-ab-deckeloberkante","31":"pa_material-deckel-v4a-edelstahl-1-4404","32":"pa_material-gehaeuse-aluminium-eloxiert","33":"pa_mittlerer-luftverbrauch-25l-min","34":"pa_ruehrorgan-becherruehrorgan-eco-cup-320mm","35":"pa_ruehrorgan-schraegblattmischer-325mm","36":"pa_schnellwechselsystem-mit-gewindeverbindung","37":"pa_schnellwechselsystem-mit-schnellwechselsystem","38":"pa_schutzart-ip67","39":"pa_steckverschraubung-abluft-schlauch-o10mm","40":"pa_steckverschraubung-zuluft-schlauch-o6mm","41":"pa_typ-deckelruehrwerk","42":"pa_versorgung-5-6bar","44":"first","45":"instock","46":"taxable","47":"shipping-taxable","48":"purchasable","49":"product-type-variable"},"bundled_by":[],"bundle_stock_status":"instock","bundle_stock_quantity":null,"bundle_virtual":false,"bundle_layout":"","bundle_add_to_cart_form_location":"","bundle_editable_in_cart":false,"bundle_sold_individually_context":"","bundle_item_grouping":"","bundle_min_size":"","bundle_max_size":"","bundle_price":[],"bundled_items":[],"bundle_sell_ids":[],"exclude_global_add_ons":[],"addons":[],"acf":[],"_links":{"self":[{"href":"https:\/\/ptm-mechatronics.com\/pt\/wp-json\/wp\/v2\/product\/14973","targetHints":{"allow":["GET"]}}],"collection":[{"href":"https:\/\/ptm-mechatronics.com\/pt\/wp-json\/wp\/v2\/product"}],"about":[{"href":"https:\/\/ptm-mechatronics.com\/pt\/wp-json\/wp\/v2\/types\/product"}],"replies":[{"embeddable":true,"href":"https:\/\/ptm-mechatronics.com\/pt\/wp-json\/wp\/v2\/comments?post=14973"}],"wp:featuredmedia":[{"embeddable":true,"href":"https:\/\/ptm-mechatronics.com\/pt\/wp-json\/wp\/v2\/media\/15551"}],"wp:attachment":[{"href":"https:\/\/ptm-mechatronics.com\/pt\/wp-json\/wp\/v2\/media?parent=14973"}],"wp:term":[{"taxonomy":"product_brand","embeddable":true,"href":"https:\/\/ptm-mechatronics.com\/pt\/wp-json\/wp\/v2\/product_brand?post=14973"},{"taxonomy":"product_cat","embeddable":true,"href":"https:\/\/ptm-mechatronics.com\/pt\/wp-json\/wp\/v2\/product_cat?post=14973"},{"taxonomy":"product_tag","embeddable":true,"href":"https:\/\/ptm-mechatronics.com\/pt\/wp-json\/wp\/v2\/product_tag?post=14973"}],"curies":[{"name":"wp","href":"https:\/\/api.w.org\/{rel}","templated":true}]}}