{"id":14906,"date":"2025-09-08T12:33:49","date_gmt":"2025-09-08T10:33:49","guid":{"rendered":"https:\/\/ptm-mechatronics.com\/?post_type=product&#038;p=14906"},"modified":"2026-03-05T18:00:35","modified_gmt":"2026-03-05T17:00:35","slug":"elektrisches-stativruehrwerk-fuer-30-liter-fass","status":"publish","type":"product","link":"https:\/\/ptm-mechatronics.com\/pt\/product\/elektrisches-stativruehrwerk-fuer-30-liter-fass\/","title":{"rendered":"Batedeira el\u00e9ctrica para tambor de 30 litros"},"content":{"rendered":"<h1><span style=\"font-size: 90%;\">Batedeira el\u00e9ctrica para bid\u00f5es de 30 litros - potente, segura e ergon\u00f3mica<\/span><\/h1>\n<p>A misturadora de p\u00e9 para bid\u00f5es de 30 litros ou hobbocks foi desenvolvida para o processamento eficiente e seguro de meios de baixa a alta viscosidade. \u00c9 constitu\u00edda por um potente acionamento el\u00e9trico, uma tampa s\u00f3lida em a\u00e7o inoxid\u00e1vel, um veio agitador com elemento de agita\u00e7\u00e3o e um suporte com dispositivo de eleva\u00e7\u00e3o autom\u00e1tica e painel de controlo. Todos os componentes em contacto com o meio - veio agitador e elemento agitador - s\u00e3o feitos de a\u00e7o inoxid\u00e1vel V4A (1.4404) e oferecem um elevado n\u00edvel de higiene e resist\u00eancia \u00e0 corros\u00e3o.<\/p>\n<p>O agitador est\u00e1 totalmente adaptado para utiliza\u00e7\u00e3o em bid\u00f5es normalizados de 30 litros e oferece um resultado de mistura uniforme e homog\u00e9neo, mesmo com subst\u00e2ncias duras e viscosas. O dispositivo de eleva\u00e7\u00e3o autom\u00e1tica facilita a subida e descida do agitador, garante mudan\u00e7as seguras de recipiente e reduz o esfor\u00e7o f\u00edsico no trabalho quotidiano.<\/p>\n<p>Para a m\u00e1xima seguran\u00e7a no trabalho, o agitador disp\u00f5e de uma fun\u00e7\u00e3o de desligamento autom\u00e1tico quando a tampa \u00e9 levantada para evitar interfer\u00eancias com as pe\u00e7as m\u00f3veis. O processo de agita\u00e7\u00e3o recome\u00e7a automaticamente atrav\u00e9s da dete\u00e7\u00e3o de contentores quando a tampa \u00e9 baixada - de forma eficiente e segura.<\/p>\n<p>As suas op\u00e7\u00f5es:<\/p>\n<p>Sistema de troca r\u00e1pida do eixo do agitador:<br \/>\nO nosso sistema de troca r\u00e1pida eco-Quick oferece-lhe uma troca r\u00e1pida e limpa do veio do agitador em segundos, sem ferramentas adicionais.<\/p>\n<p>Agitador de copo eco-Cup ou misturador de l\u00e2minas inclinadas:<br \/>\nGra\u00e7as ao seu comportamento de agita\u00e7\u00e3o laminar, o agitador de copo eco-Cup oferece uma mistura homog\u00e9nea - mesmo com meios exigentes e altamente viscosos, como pastas, suspens\u00f5es ou emuls\u00f5es.<\/p>\n<p>O misturador de p\u00e1s inclinadas impressiona pelas suas carater\u00edsticas de transporte axial com um componente ligeiramente radial e gera um fluxo turbulento que permite uma mistura particularmente eficaz. O seu design robusto torna-o ideal para subst\u00e2ncias altamente viscosas.<\/p>\n<p>Fixa\u00e7\u00e3o:<br \/>\nA batedeira est\u00e1 dispon\u00edvel tanto para montagem na parede como no ch\u00e3o.<\/p>\n<p>Vantagens num piscar de olhos:<\/p>\n<ul>\n<li>Acionamento el\u00e9trico para uma agita\u00e7\u00e3o potente<\/li>\n<li>Optimizado para bid\u00f5es de 30 litros<\/li>\n<li>Veio do agitador e elemento fabricado em a\u00e7o inoxid\u00e1vel V4A<\/li>\n<li>Dispositivo de eleva\u00e7\u00e3o autom\u00e1tica para um trabalho ergon\u00f3mico<\/li>\n<li>Painel de controlo para um controlo simples<\/li>\n<li>Corte de seguran\u00e7a para levantar a tampa<\/li>\n<li>Rein\u00edcio autom\u00e1tico atrav\u00e9s da dete\u00e7\u00e3o de contentores<\/li>\n<li>Para meios de baixa a alta viscosidade<\/li>\n<li>Higi\u00e9nico, seguro, adequado para utiliza\u00e7\u00e3o industrial<\/li>\n<\/ul>\n<p>Nota: Fornecimento sem barril.<\/p>","protected":false},"excerpt":{"rendered":"<p><span class=\"_fadeIn_m1hgl_8\">Agitador de bancada <\/span><span class=\"_fadeIn_m1hgl_8\">para <\/span><span class=\"_fadeIn_m1hgl_8\">30-<\/span><span class=\"_fadeIn_m1hgl_8\">Litro<\/span><span class=\"_fadeIn_m1hgl_8\">Barris <\/span><span class=\"_fadeIn_m1hgl_8\">com eletricidade<\/span><span class=\"_fadeIn_m1hgl_8\">\u00a0<\/span><span class=\"_fadeIn_m1hgl_8\">Conduzir, <\/span><span class=\"_fadeIn_m1hgl_8\">V4A-<\/span><span class=\"_fadeIn_m1hgl_8\">Componentes, <\/span><span class=\"_fadeIn_m1hgl_8\">mais autom\u00e1tico <\/span><span class=\"_fadeIn_m1hgl_8\">Dispositivo de eleva\u00e7\u00e3o, <\/span><span class=\"_fadeIn_m1hgl_8\">Encerramento de seguran\u00e7a <\/span><span class=\"_fadeIn_m1hgl_8\">e <\/span><span class=\"_fadeIn_m1hgl_8\">Organismo de agita\u00e7\u00e3o eleitoral<\/span><span class=\"_fadeIn_m1hgl_8\">\u00a0<\/span><span class=\"_fadeIn_m1hgl_8\">para <\/span><span class=\"_fadeIn_m1hgl_8\">eficiente, <\/span><span class=\"_fadeIn_m1hgl_8\">seguro <\/span><span class=\"_fadeIn_m1hgl_8\">Mexer <\/span><span class=\"_fadeIn_m1hgl_8\">com <\/span><span class=\"_fadeIn_m1hgl_8\">todos <\/span><span class=\"_fadeIn_m1hgl_8\">viscosidades, com montagem na parede ou no ch\u00e3o.<\/span><\/p>","protected":false},"featured_media":15565,"comment_status":"open","ping_status":"closed","template":"","meta":{"_acf_changed":false},"product_brand":[],"product_cat":[595,612],"product_tag":[2893,2965,2966,2967,2968,3199,2969,3200,2971,2977,3173,3174,2637],"class_list":{"0":"post-14906","1":"product","2":"type-product","3":"status-publish","4":"has-post-thumbnail","6":"product_cat-ruehrwerkstechnik","7":"product_cat-kleingebinderuehrwerke","8":"product_tag-ruehrwerk-mit-hebevorrichtung","9":"product_tag-pneumatisches-ruehrwerk-edelstahl","10":"product_tag-v4a-ruehrwelle-eco-cup","11":"product_tag-fassruehrwerk-mit-sicherheit","12":"product_tag-ergonomisches-ruehrwerk-industrie","13":"product_tag-edelstahl-ruehrwerk-30l","14":"product_tag-automatisches-ruehrsystem","15":"product_tag-ruehrwerk-30-liter","16":"product_tag-bedienpult-ruehrtechnik","17":"product_tag-stativruehrwerk-30-liter","18":"product_tag-ruehrwerk-elektrisch","19":"product_tag-ruehrstation-elektrisch","20":"product_tag-ruehrwerk-fuer-hochviskose-medien","21":"product_shipping_class-europalette-speditionsversand","22":"pa_antriebsart-elektrisch","23":"pa_befestigung-mit-bodenbefestigung","24":"pa_befestigung-mit-wandbefestigung","25":"pa_behaeltervolumen-30-liter","26":"pa_deckeldurchmesser-380mm","27":"pa_dichtung-ptfe","28":"pa_durchmesser-ruehrwelle-16mm","29":"pa_geeignete-fassdurchmesser-30-liter","30":"pa_gesamtbreite-440mm","31":"pa_gesamthoehe-1335mm","32":"pa_gesamttiefe-600mm","33":"pa_labs-oel-und-silikonfrei","34":"pa_laenge-ruehrwelle-ca-360mm-ab-deckeloberkante","35":"pa_material-deckel-v4a-edelstahl-1-4404","36":"pa_model-eco-station-30","37":"pa_ruehrorgan-schraegblattmischer-175mm","38":"pa_ruehrorgan-becherruehrorgan-eco-cup-170mm","39":"pa_schnellwechselsystem-mit-schnellwechselsystem","40":"pa_schnellwechselsystem-mit-gewindeverbindung","41":"pa_stativverfahrweg-500mm","42":"pa_typ-stativruehrwerk","44":"first","45":"instock","46":"taxable","47":"shipping-taxable","48":"purchasable","49":"product-type-variable"},"bundled_by":[],"bundle_stock_status":"instock","bundle_stock_quantity":null,"bundle_virtual":false,"bundle_layout":"","bundle_add_to_cart_form_location":"","bundle_editable_in_cart":false,"bundle_sold_individually_context":"","bundle_item_grouping":"","bundle_min_size":"","bundle_max_size":"","bundle_price":[],"bundled_items":[],"bundle_sell_ids":[],"exclude_global_add_ons":[],"addons":[],"acf":[],"_links":{"self":[{"href":"https:\/\/ptm-mechatronics.com\/pt\/wp-json\/wp\/v2\/product\/14906","targetHints":{"allow":["GET"]}}],"collection":[{"href":"https:\/\/ptm-mechatronics.com\/pt\/wp-json\/wp\/v2\/product"}],"about":[{"href":"https:\/\/ptm-mechatronics.com\/pt\/wp-json\/wp\/v2\/types\/product"}],"replies":[{"embeddable":true,"href":"https:\/\/ptm-mechatronics.com\/pt\/wp-json\/wp\/v2\/comments?post=14906"}],"wp:featuredmedia":[{"embeddable":true,"href":"https:\/\/ptm-mechatronics.com\/pt\/wp-json\/wp\/v2\/media\/15565"}],"wp:attachment":[{"href":"https:\/\/ptm-mechatronics.com\/pt\/wp-json\/wp\/v2\/media?parent=14906"}],"wp:term":[{"taxonomy":"product_brand","embeddable":true,"href":"https:\/\/ptm-mechatronics.com\/pt\/wp-json\/wp\/v2\/product_brand?post=14906"},{"taxonomy":"product_cat","embeddable":true,"href":"https:\/\/ptm-mechatronics.com\/pt\/wp-json\/wp\/v2\/product_cat?post=14906"},{"taxonomy":"product_tag","embeddable":true,"href":"https:\/\/ptm-mechatronics.com\/pt\/wp-json\/wp\/v2\/product_tag?post=14906"}],"curies":[{"name":"wp","href":"https:\/\/api.w.org\/{rel}","templated":true}]}}