{"id":14428,"date":"2025-07-25T09:35:54","date_gmt":"2025-07-25T07:35:54","guid":{"rendered":"https:\/\/ptm-mechatronics.com\/?post_type=product&#038;p=14428"},"modified":"2026-03-09T10:20:09","modified_gmt":"2026-03-09T09:20:09","slug":"ruehrwerk-mit-traverse-fuer-ibc-container","status":"publish","type":"product","link":"https:\/\/ptm-mechatronics.com\/pt\/product\/ruehrwerk-mit-traverse-fuer-ibc-container\/","title":{"rendered":"Agitador pneum\u00e1tico com desloca\u00e7\u00e3o para IBCs e contentores"},"content":{"rendered":"<h1 data-start=\"186\" data-end=\"280\"><span style=\"font-size: 90%;\">Agitador pneum\u00e1tico para IBC com travessa em a\u00e7o inoxid\u00e1vel - flex\u00edvel, potente, f\u00e1cil de instalar<\/span><\/h1>\n<p data-start=\"282\" data-end=\"621\">Os nossos potentes agitadores pneum\u00e1ticos para IBCs e contentores s\u00e3o a solu\u00e7\u00e3o ideal para processos de mistura fi\u00e1veis na ind\u00fastria e na produ\u00e7\u00e3o. A robusta barra transversal em a\u00e7o inoxid\u00e1vel V4A 1.4404 pode ser montada de forma r\u00e1pida e segura no contentor - dois grampos de liberta\u00e7\u00e3o r\u00e1pida permitem a sua fixa\u00e7\u00e3o em apenas alguns segundos.<\/p>\n<p data-start=\"623\" data-end=\"975\">Gra\u00e7as \u00e0 gama de ajuste vari\u00e1vel, o agitador \u00e9 adequado para contentores IBC de 600 a 1200 litros. O \u00e2mbito de fornecimento inclui um veio agitador correspondente e o agitador de copo articulado eco-Cup especialmente concebido - tamb\u00e9m feito de a\u00e7o inoxid\u00e1vel V4A - para uma mistura eficiente e suave de meios de baixa a alta viscosidade.<\/p>\n<h3 data-start=\"1337\" data-end=\"1549\"><span class=\"_fadeIn_m1hgl_8\">As suas op\u00e7\u00f5es:<\/span><\/h3>\n<p>Sistema de troca r\u00e1pida do eixo do agitador:<br \/>\nO nosso sistema de troca r\u00e1pida eco-Quick oferece-lhe uma troca r\u00e1pida e limpa do veio do agitador em segundos, sem ferramentas adicionais.<\/p>\n<p data-start=\"1337\" data-end=\"1549\">Conceito de funcionamento:<br \/>\nA batedeira est\u00e1 opcionalmente dispon\u00edvel com um conjunto pneum\u00e1tico (v\u00e1lvula de corte, filtro regulador e man\u00f3metro) ou com um painel de controlo DGUV. O painel de controlo DGUV oferece seguran\u00e7a no trabalho de acordo com a UVV com paragem de emerg\u00eancia com rein\u00edcio controlado, monitoriza\u00e7\u00e3o de dois recipientes e uma disposi\u00e7\u00e3o clara e segura dos elementos de funcionamento.<\/p>\n<p data-start=\"623\" data-end=\"975\">Nota: Uma vez que os IBC n\u00e3o s\u00e3o normalizados, recomendamos que verifique previamente as dimens\u00f5es. A nossa equipa PTM ter\u00e1 todo o prazer em ajud\u00e1-lo na sua sele\u00e7\u00e3o.<\/p>\n<p data-start=\"1118\" data-end=\"1150\">\u00c2mbito de fornecimento sem contentor.<\/p>","protected":false},"excerpt":{"rendered":"<p>Agitador IBC pneum\u00e1tico com viga transversal em a\u00e7o inoxid\u00e1vel, pronto a ser utilizado imediatamente e pode ser montado de forma flex\u00edvel em contentores de 600-1200 litros - incluindo o eixo do agitador e o agitador eco-Cup.<\/p>","protected":false},"featured_media":15558,"comment_status":"open","ping_status":"closed","template":"","meta":{"_acf_changed":false},"product_brand":[],"product_cat":[595,614],"product_tag":[3159,3160,3161,3162,2517,2743,2891,2892,3155],"class_list":{"0":"post-14428","1":"product","2":"type-product","3":"status-publish","4":"has-post-thumbnail","6":"product_cat-ruehrwerkstechnik","7":"product_cat-containerruehrwerke","8":"product_tag-eco-cup-ruehrorgan","9":"product_tag-ruehrwelle-ibc","10":"product_tag-ibc-ruehrtechnik","11":"product_tag-schnellspanner-ruehrwerk","12":"product_tag-edelstahl-ruehrwerk","13":"product_tag-ruehrwerk-v4a","14":"product_tag-container-ruehrwerk","15":"product_tag-pneumatisches-ruehrwerk","16":"product_tag-ibc-ruehrwerk","17":"product_shipping_class-karton-paketversand","18":"pa_antriebsart-pneumatisch","19":"pa_atex-zone-122122","20":"pa_bedien-anschlusskonzept-ohne","21":"pa_bedien-anschlusskonzept-pneumatikset","22":"pa_bedien-anschlusskonzept-dguv-schalttafel","23":"pa_behaeltervolumen-ibc","24":"pa_dichtung-ptfe","25":"pa_drehmoment-32nm","26":"pa_drehzahl-0-300-1-min","27":"pa_durchmesser-ruehrwelle-25mm","28":"pa_ex-gas-ex-ii-2-g-ex-h-iic-t5-gb-x","29":"pa_ex-staub-ex-ii-2-d-ex-h-iiic-t100c-db-x","30":"pa_geeignete-ibc-groessen-600-1200-liter","31":"pa_geraeuschpegel-75db","32":"pa_labs-oel-und-silikonfrei","33":"pa_laenge-ruehrwelle-ca-795mm-ab-deckeloberkante","34":"pa_material-gehaeuse-aluminium-eloxiert","35":"pa_material-traverse-v4a-edelstahl-1-4404","36":"pa_mittlerer-luftverbrauch-200l-min","37":"pa_ruehrorgan-becherruehrorgan-eco-cup-500mm","38":"pa_schnellwechselsystem-mit-gewindeverbindung","39":"pa_schnellwechselsystem-mit-schnellwechselsystem","40":"pa_schutzart-ip67","41":"pa_steckverschraubung-abluft-schlauch-o12mm","42":"pa_steckverschraubung-zuluft-schlauch-o8mm","43":"pa_typ-traversenruehrwerk","44":"pa_versorgung-5-6bar","46":"first","47":"instock","48":"taxable","49":"shipping-taxable","50":"purchasable","51":"product-type-variable"},"bundled_by":[],"bundle_stock_status":"instock","bundle_stock_quantity":null,"bundle_virtual":false,"bundle_layout":"","bundle_add_to_cart_form_location":"","bundle_editable_in_cart":false,"bundle_sold_individually_context":"","bundle_item_grouping":"","bundle_min_size":"","bundle_max_size":"","bundle_price":[],"bundled_items":[],"bundle_sell_ids":[],"exclude_global_add_ons":[],"addons":[],"acf":[],"_links":{"self":[{"href":"https:\/\/ptm-mechatronics.com\/pt\/wp-json\/wp\/v2\/product\/14428","targetHints":{"allow":["GET"]}}],"collection":[{"href":"https:\/\/ptm-mechatronics.com\/pt\/wp-json\/wp\/v2\/product"}],"about":[{"href":"https:\/\/ptm-mechatronics.com\/pt\/wp-json\/wp\/v2\/types\/product"}],"replies":[{"embeddable":true,"href":"https:\/\/ptm-mechatronics.com\/pt\/wp-json\/wp\/v2\/comments?post=14428"}],"wp:featuredmedia":[{"embeddable":true,"href":"https:\/\/ptm-mechatronics.com\/pt\/wp-json\/wp\/v2\/media\/15558"}],"wp:attachment":[{"href":"https:\/\/ptm-mechatronics.com\/pt\/wp-json\/wp\/v2\/media?parent=14428"}],"wp:term":[{"taxonomy":"product_brand","embeddable":true,"href":"https:\/\/ptm-mechatronics.com\/pt\/wp-json\/wp\/v2\/product_brand?post=14428"},{"taxonomy":"product_cat","embeddable":true,"href":"https:\/\/ptm-mechatronics.com\/pt\/wp-json\/wp\/v2\/product_cat?post=14428"},{"taxonomy":"product_tag","embeddable":true,"href":"https:\/\/ptm-mechatronics.com\/pt\/wp-json\/wp\/v2\/product_tag?post=14428"}],"curies":[{"name":"wp","href":"https:\/\/api.w.org\/{rel}","templated":true}]}}