{"id":14421,"date":"2025-07-25T09:20:21","date_gmt":"2025-07-25T07:20:21","guid":{"rendered":"https:\/\/ptm-mechatronics.com\/?post_type=product&#038;p=14421"},"modified":"2025-11-07T15:56:02","modified_gmt":"2025-11-07T14:56:02","slug":"ruehrwerk-mit-traverse-fuer-ibc-container-atex","status":"publish","type":"product","link":"https:\/\/ptm-mechatronics.com\/pt\/product\/ruehrwerk-mit-traverse-fuer-ibc-container-atex\/","title":{"rendered":"Agitador pneum\u00e1tico com desloca\u00e7\u00e3o para IBCs e contentores - ATEX"},"content":{"rendered":"<h1 data-start=\"194\" data-end=\"290\"><span style=\"font-size: 75%;\">Agitador pneum\u00e1tico para IBC com travessa em a\u00e7o inoxid\u00e1vel - seguro para ATEX, flex\u00edvel, f\u00e1cil de instalar<\/span><\/h1>\n<p data-start=\"292\" data-end=\"535\">Os nossos potentes agitadores pneum\u00e1ticos para IBCs e contentores s\u00e3o especialmente concebidos para uma utiliza\u00e7\u00e3o industrial cont\u00ednua e oferecem a m\u00e1xima seguran\u00e7a e efici\u00eancia - mesmo em \u00e1reas perigosas ATEX Zona 1.<\/p>\n<p data-start=\"537\" data-end=\"871\">A barra transversal robusta em a\u00e7o inoxid\u00e1vel V4A 1.4404 de alta qualidade pode ser r\u00e1pida e facilmente fixada ao seu contentor. O agitador \u00e9 fixado de forma segura em segundos atrav\u00e9s de dois pr\u00e1ticos grampos de liberta\u00e7\u00e3o r\u00e1pida. Gra\u00e7as \u00e0 gama de regula\u00e7\u00e3o vari\u00e1vel, o sistema \u00e9 adequado para contentores IBC com um volume de 600 a 1200 litros.<\/p>\n<p data-start=\"873\" data-end=\"1102\">O agitador \u00e9 fornecido pronto a ser utilizado com um veio agitador personalizado e o agitador de copo articulado eco-Cup, ambos em a\u00e7o inoxid\u00e1vel V4A, para resultados homog\u00e9neos com meios de baixa a alta viscosidade.<\/p>\n<h3 data-start=\"1337\" data-end=\"1549\"><span class=\"_fadeIn_m1hgl_8\">As suas op\u00e7\u00f5es:<\/span><\/h3>\n<p>Sistema de troca r\u00e1pida do eixo do agitador:<br \/>\nO nosso <a href=\"https:\/\/youtu.be\/TjagGW4DoyA?feature=shared\" target=\"_blank\" rel=\"noopener\">Sistema de troca r\u00e1pida eco-Quick<\/a> oferece-lhe uma mudan\u00e7a r\u00e1pida e limpa do veio do agitador em segundos, sem ferramentas adicionais.<\/p>\n<p data-start=\"1337\" data-end=\"1549\">Conceito de funcionamento:<br \/>\nO agitador est\u00e1 opcionalmente dispon\u00edvel com um conjunto pneum\u00e1tico (v\u00e1lvula de fecho, filtro regulador e man\u00f3metro) ou com um painel de controlo DGUV. O <a href=\"https:\/\/ptm-mechatronics.com\/pt\/product\/dguv-schalttafel\/\" target=\"_blank\" rel=\"noopener\">Painel de controlo DGUV<\/a> oferece seguran\u00e7a no trabalho de acordo com a UVV com <a href=\"https:\/\/ptm-mechatronics.com\/pt\/grundlagen-guide\/not-aus\/\" target=\"_blank\" rel=\"noopener\">Paragem de emerg\u00eancia<\/a> com rein\u00edcio controlado, monitoriza\u00e7\u00e3o de dois contentores e uma disposi\u00e7\u00e3o clara e segura dos elementos de funcionamento.<\/p>\n<p data-start=\"873\" data-end=\"1102\">Nota: Os contentores IBC n\u00e3o s\u00e3o normalizados. Por favor, verifique previamente as dimens\u00f5es do seu contentor. Teremos todo o prazer em o aconselhar pessoalmente.<\/p>\n<p data-start=\"1237\" data-end=\"1269\">\u00c2mbito de fornecimento sem contentor.<\/p>","protected":false},"excerpt":{"rendered":"<p>O agitador pneum\u00e1tico para IBCs com travessa de a\u00e7o inoxid\u00e1vel para a zona ATEX 1, pode ser montado de forma flex\u00edvel em contentores de 600-1200 litros e est\u00e1 pronto a ser utilizado imediatamente com o veio agitador e o agitador eco-Cup.<\/p>","protected":false},"featured_media":15557,"comment_status":"open","ping_status":"closed","template":"","meta":{"_acf_changed":false},"product_brand":[],"product_cat":[595,614],"product_tag":[3157,3158,3159,2517,2707,2814,2892,2896,3155,3156],"class_list":{"0":"post-14421","1":"product","2":"type-product","3":"status-publish","4":"has-post-thumbnail","6":"product_cat-ruehrwerkstechnik","7":"product_cat-containerruehrwerke","8":"product_tag-zone-1-ruehrwerk","9":"product_tag-v4a-traverse","10":"product_tag-eco-cup-ruehrorgan","11":"product_tag-edelstahl-ruehrwerk","12":"product_tag-ruehrtechnik-industrie","13":"product_tag-atex-ruehrwerk","14":"product_tag-pneumatisches-ruehrwerk","15":"product_tag-ibc-ruehrwerk-atex","16":"product_tag-ibc-ruehrwerk","17":"product_tag-ruehrwerk-container","18":"product_shipping_class-karton-paketversand","19":"pa_antriebsart-pneumatisch","20":"pa_atex-zone-122122","21":"pa_bedien-anschlusskonzept-ohne","22":"pa_bedien-anschlusskonzept-pneumatikset","23":"pa_bedien-anschlusskonzept-dguv-schalttafel","24":"pa_behaeltervolumen-ibc","25":"pa_dichtung-ptfe","26":"pa_drehmoment-32nm","27":"pa_drehzahl-0-300-1-min","28":"pa_durchmesser-ruehrwelle-25mm","29":"pa_ex-gas-ex-ii-2-g-ex-h-iic-t5-gb-x","30":"pa_ex-staub-ex-ii-2-d-ex-h-iiic-t100c-db-x","31":"pa_geeignete-ibc-groessen-600-1200-liter","32":"pa_geraeuschpegel-75db","33":"pa_labs-oel-und-silikonfrei","34":"pa_laenge-ruehrwelle-ca-795mm-ab-deckeloberkante","35":"pa_material-gehaeuse-aluminium-eloxiert","36":"pa_material-traverse-v4a-edelstahl-1-4404","37":"pa_mittlerer-luftverbrauch-200l-min","38":"pa_ruehrorgan-becherruehrorgan-eco-cup-500mm","39":"pa_schnellwechselsystem-mit-gewindeverbindung","40":"pa_schnellwechselsystem-mit-schnellwechselsystem","41":"pa_schutzart-ip67","42":"pa_steckverschraubung-abluft-schlauch-o12mm","43":"pa_steckverschraubung-zuluft-schlauch-o8mm","44":"pa_typ-traversenruehrwerk","45":"pa_versorgung-5-6bar","47":"first","48":"instock","49":"taxable","50":"shipping-taxable","51":"purchasable","52":"product-type-variable"},"bundled_by":[],"bundle_stock_status":"instock","bundle_stock_quantity":null,"bundle_virtual":false,"bundle_layout":"","bundle_add_to_cart_form_location":"","bundle_editable_in_cart":false,"bundle_sold_individually_context":"","bundle_item_grouping":"","bundle_min_size":"","bundle_max_size":"","bundle_price":[],"bundled_items":[],"bundle_sell_ids":[],"exclude_global_add_ons":[],"addons":[],"acf":[],"_links":{"self":[{"href":"https:\/\/ptm-mechatronics.com\/pt\/wp-json\/wp\/v2\/product\/14421","targetHints":{"allow":["GET"]}}],"collection":[{"href":"https:\/\/ptm-mechatronics.com\/pt\/wp-json\/wp\/v2\/product"}],"about":[{"href":"https:\/\/ptm-mechatronics.com\/pt\/wp-json\/wp\/v2\/types\/product"}],"replies":[{"embeddable":true,"href":"https:\/\/ptm-mechatronics.com\/pt\/wp-json\/wp\/v2\/comments?post=14421"}],"wp:featuredmedia":[{"embeddable":true,"href":"https:\/\/ptm-mechatronics.com\/pt\/wp-json\/wp\/v2\/media\/15557"}],"wp:attachment":[{"href":"https:\/\/ptm-mechatronics.com\/pt\/wp-json\/wp\/v2\/media?parent=14421"}],"wp:term":[{"taxonomy":"product_brand","embeddable":true,"href":"https:\/\/ptm-mechatronics.com\/pt\/wp-json\/wp\/v2\/product_brand?post=14421"},{"taxonomy":"product_cat","embeddable":true,"href":"https:\/\/ptm-mechatronics.com\/pt\/wp-json\/wp\/v2\/product_cat?post=14421"},{"taxonomy":"product_tag","embeddable":true,"href":"https:\/\/ptm-mechatronics.com\/pt\/wp-json\/wp\/v2\/product_tag?post=14421"}],"curies":[{"name":"wp","href":"https:\/\/api.w.org\/{rel}","templated":true}]}}