{"id":14184,"date":"2025-07-24T14:28:52","date_gmt":"2025-07-24T12:28:52","guid":{"rendered":"https:\/\/ptm-mechatronics.com\/?post_type=product&#038;p=14184"},"modified":"2026-03-09T10:22:06","modified_gmt":"2026-03-09T09:22:06","slug":"stativruehrwerk-fuer-200-liter-fass-atex","status":"publish","type":"product","link":"https:\/\/ptm-mechatronics.com\/pt\/product\/stativruehrwerk-fuer-200-liter-fass-atex\/","title":{"rendered":"Batedeira pneum\u00e1tica para bid\u00e3o de 200 litros - ATEX"},"content":{"rendered":"<h1 data-start=\"298\" data-end=\"370\"><span style=\"font-size: 90%;\"><span class=\"_fadeIn_m1hgl_8\">Agitador de bancada <\/span><span class=\"_fadeIn_m1hgl_8\">para <\/span><span class=\"_fadeIn_m1hgl_8\">200-<\/span><span class=\"_fadeIn_m1hgl_8\">Litro<\/span><span class=\"_fadeIn_m1hgl_8\">Barris - <\/span><span class=\"_fadeIn_m1hgl_8\">poderoso, <\/span><span class=\"_fadeIn_m1hgl_8\">seguro, <\/span><span class=\"_fadeIn_m1hgl_8\">Ergon\u00f3mico<\/span><\/span><\/h1>\n<p data-start=\"372\" data-end=\"913\"><span class=\"_fadeIn_m1hgl_8\">O <\/span><span class=\"_fadeIn_m1hgl_8\">Agitador de bancada <\/span><span class=\"_fadeIn_m1hgl_8\">para <\/span><span class=\"_fadeIn_m1hgl_8\">200-<\/span><span class=\"_fadeIn_m1hgl_8\">Litro<\/span><span class=\"_fadeIn_m1hgl_8\">Barris<\/span> <span class=\"_fadeIn_m1hgl_8\">era <\/span><span class=\"_fadeIn_m1hgl_8\">para <\/span><span class=\"_fadeIn_m1hgl_8\">a <\/span><span class=\"_fadeIn_m1hgl_8\">eficaz <\/span><span class=\"_fadeIn_m1hgl_8\">e <\/span><span class=\"_fadeIn_m1hgl_8\">seguro <\/span><span class=\"_fadeIn_m1hgl_8\">Processamento <\/span><span class=\"_fadeIn_m1hgl_8\">baixo <\/span><span class=\"_fadeIn_m1hgl_8\">at\u00e9 <\/span><span class=\"_fadeIn_m1hgl_8\">muito viscoso <\/span><span class=\"_fadeIn_m1hgl_8\">Media<\/span> <span class=\"_fadeIn_m1hgl_8\">desenvolvido. <\/span><span class=\"_fadeIn_m1hgl_8\">\u00c9 <\/span><span class=\"_fadeIn_m1hgl_8\">existe <\/span><span class=\"_fadeIn_m1hgl_8\">de <\/span><span class=\"_fadeIn_m1hgl_8\">um <\/span><span class=\"_fadeIn_m1hgl_8\">poderoso, <\/span><span class=\"_fadeIn_m1hgl_8\">pneum\u00e1tico <\/span><span class=\"_fadeIn_m1hgl_8\">Condu\u00e7\u00e3o<\/span><span class=\"_fadeIn_m1hgl_8\">, <\/span><span class=\"_fadeIn_m1hgl_8\">um <\/span><span class=\"_fadeIn_m1hgl_8\">maci\u00e7o <\/span><span class=\"_fadeIn_m1hgl_8\">A\u00e7o inoxid\u00e1vel<\/span><span class=\"_fadeIn_m1hgl_8\">Tampa<\/span><span class=\"_fadeIn_m1hgl_8\">, <\/span><span class=\"_fadeIn_m1hgl_8\">um <\/span><span class=\"_fadeIn_m1hgl_8\">Eixo do agitador <\/span><span class=\"_fadeIn_m1hgl_8\">com <\/span><span class=\"_fadeIn_m1hgl_8\">Agitador <\/span><span class=\"_fadeIn_m1hgl_8\">e <\/span><span class=\"_fadeIn_m1hgl_8\">um <\/span><span class=\"_fadeIn_m1hgl_8\">Trip\u00e9 <\/span><span class=\"_fadeIn_m1hgl_8\">com <\/span><span class=\"_fadeIn_m1hgl_8\">mais autom\u00e1tico <\/span><span class=\"_fadeIn_m1hgl_8\">Dispositivo de eleva\u00e7\u00e3o <\/span><span class=\"_fadeIn_m1hgl_8\">e <\/span><span class=\"_fadeIn_m1hgl_8\">Painel de controlo<\/span><span class=\"_fadeIn_m1hgl_8\">. <\/span><span class=\"_fadeIn_m1hgl_8\">Todos <\/span><span class=\"_fadeIn_m1hgl_8\">contacto com os media <\/span><span class=\"_fadeIn_m1hgl_8\">Componentes - <\/span><span class=\"_fadeIn_m1hgl_8\">Eixo do agitador <\/span><span class=\"_fadeIn_m1hgl_8\">e <\/span><span class=\"_fadeIn_m1hgl_8\">Agitador<\/span><span class=\"_fadeIn_m1hgl_8\"> \u2013 <\/span><span class=\"_fadeIn_m1hgl_8\">s\u00e3o <\/span><span class=\"_fadeIn_m1hgl_8\">de <\/span><span class=\"_fadeIn_m1hgl_8\">V4A <\/span><span class=\"_fadeIn_m1hgl_8\">A\u00e7o inoxid\u00e1vel (<\/span><span class=\"_fadeIn_m1hgl_8\">1.4404)<\/span> <span class=\"_fadeIn_m1hgl_8\">fabricado <\/span><span class=\"_fadeIn_m1hgl_8\">e <\/span><span class=\"_fadeIn_m1hgl_8\">oferecer um elevado <\/span><span class=\"_fadeIn_m1hgl_8\">Higiene <\/span><span class=\"_fadeIn_m1hgl_8\">e <\/span><span class=\"_fadeIn_m1hgl_8\">Resist\u00eancia \u00e0 corros\u00e3o.<\/span><\/p>\n<p data-start=\"915\" data-end=\"1293\"><span class=\"_fadeIn_m1hgl_8\">O <\/span><span class=\"_fadeIn_m1hgl_8\">Agitador <\/span><span class=\"_fadeIn_m1hgl_8\">\u00e9 <\/span><span class=\"_fadeIn_m1hgl_8\">completo <\/span><span class=\"_fadeIn_m1hgl_8\">sobre <\/span><span class=\"_fadeIn_m1hgl_8\">o <\/span><span class=\"_fadeIn_m1hgl_8\">Utiliza\u00e7\u00e3o <\/span><span class=\"_fadeIn_m1hgl_8\">em <\/span><span class=\"_fadeIn_m1hgl_8\">normalizado <\/span><span class=\"_fadeIn_m1hgl_8\">200-<\/span><span class=\"_fadeIn_m1hgl_8\">Litro<\/span><span class=\"_fadeIn_m1hgl_8\">Barris<\/span> <span class=\"_fadeIn_m1hgl_8\">harmonizado <\/span><span class=\"_fadeIn_m1hgl_8\">e <\/span><span class=\"_fadeIn_m1hgl_8\">ofertas <\/span><span class=\"_fadeIn_m1hgl_8\">a <\/span><span class=\"_fadeIn_m1hgl_8\">mesmo, <\/span><span class=\"_fadeIn_m1hgl_8\">homog\u00e9neo <\/span><span class=\"_fadeIn_m1hgl_8\">Resultado da agita\u00e7\u00e3o<\/span><span class=\"_fadeIn_m1hgl_8\">, <\/span><span class=\"_fadeIn_m1hgl_8\">em si <\/span><span class=\"_fadeIn_m1hgl_8\">com <\/span><span class=\"_fadeIn_m1hgl_8\">duro, <\/span><span class=\"_fadeIn_m1hgl_8\">viscoso <\/span><span class=\"_fadeIn_m1hgl_8\">Subst\u00e2ncias. <\/span><span class=\"_fadeIn_m1hgl_8\">O <\/span><span class=\"_fadeIn_m1hgl_8\">autom\u00e1tico <\/span><span class=\"_fadeIn_m1hgl_8\">Dispositivo de eleva\u00e7\u00e3o<\/span> <span class=\"_fadeIn_m1hgl_8\">facilita <\/span><span class=\"_fadeIn_m1hgl_8\">a <\/span><span class=\"_fadeIn_m1hgl_8\">Levantamento <\/span><span class=\"_fadeIn_m1hgl_8\">e <\/span><span class=\"_fadeIn_m1hgl_8\">Baixar <\/span><span class=\"_fadeIn_m1hgl_8\">do <\/span><span class=\"_fadeIn_m1hgl_8\">agitador, <\/span><span class=\"_fadeIn_m1hgl_8\">fornece <\/span><span class=\"_fadeIn_m1hgl_8\">para <\/span><span class=\"_fadeIn_m1hgl_8\">um <\/span><span class=\"_fadeIn_m1hgl_8\">seguro <\/span><span class=\"_fadeIn_m1hgl_8\">Mudan\u00e7a de contentor <\/span><span class=\"_fadeIn_m1hgl_8\">e <\/span><span class=\"_fadeIn_m1hgl_8\">reduzido <\/span><span class=\"_fadeIn_m1hgl_8\">f\u00edsico <\/span><span class=\"_fadeIn_m1hgl_8\">Carga <\/span><span class=\"_fadeIn_m1hgl_8\">no <\/span><span class=\"_fadeIn_m1hgl_8\">Trabalho quotidiano.<\/span><\/p>\n<p data-start=\"1295\" data-end=\"1572\"><span class=\"_fadeIn_m1hgl_8\">Para <\/span><span class=\"_fadeIn_m1hgl_8\">m\u00e1ximo <\/span><span class=\"_fadeIn_m1hgl_8\">Seguran\u00e7a no trabalho <\/span><span class=\"_fadeIn_m1hgl_8\">tem <\/span><span class=\"_fadeIn_m1hgl_8\">a <\/span><span class=\"_fadeIn_m1hgl_8\">Agitador <\/span><span class=\"_fadeIn_m1hgl_8\">sobre <\/span><span class=\"_fadeIn_m1hgl_8\">um <\/span><span class=\"_fadeIn_m1hgl_8\">autom\u00e1tico <\/span><span class=\"_fadeIn_m1hgl_8\">Desligar <\/span><span class=\"_fadeIn_m1hgl_8\">no <\/span><span class=\"_fadeIn_m1hgl_8\">Levantamento <\/span><span class=\"_fadeIn_m1hgl_8\">do <\/span><span class=\"_fadeIn_m1hgl_8\">Tampas<\/span><span class=\"_fadeIn_m1hgl_8\">, <\/span><span class=\"_fadeIn_m1hgl_8\">em <\/span><span class=\"_fadeIn_m1hgl_8\">Interven\u00e7\u00f5es <\/span><span class=\"_fadeIn_m1hgl_8\">em <\/span><span class=\"_fadeIn_m1hgl_8\">m\u00f3vel <\/span><span class=\"_fadeIn_m1hgl_8\">Pe\u00e7as <\/span><span class=\"_fadeIn_m1hgl_8\">para <\/span><span class=\"_fadeIn_m1hgl_8\">prevenir. <\/span><span class=\"_fadeIn_m1hgl_8\">O <\/span><span class=\"_fadeIn_m1hgl_8\">Processo de agita\u00e7\u00e3o <\/span><span class=\"_fadeIn_m1hgl_8\">come\u00e7a <\/span><span class=\"_fadeIn_m1hgl_8\">novamente <\/span><span class=\"_fadeIn_m1hgl_8\">automaticamente <\/span><span class=\"_fadeIn_m1hgl_8\">sobre <\/span><span class=\"_fadeIn_m1hgl_8\">um <\/span><span class=\"_fadeIn_m1hgl_8\">Dete\u00e7\u00e3o de contentores<\/span> <span class=\"_fadeIn_m1hgl_8\">no <\/span><span class=\"_fadeIn_m1hgl_8\">Baixar - <\/span><span class=\"_fadeIn_m1hgl_8\">eficaz <\/span><span class=\"_fadeIn_m1hgl_8\">e <\/span><span class=\"_fadeIn_m1hgl_8\">seguro.<\/span><\/p>\n<h3 data-start=\"1337\" data-end=\"1549\"><span class=\"_fadeIn_m1hgl_8\">As suas op\u00e7\u00f5es:<\/span><\/h3>\n<p>ATEX Zona 1:<br \/>\nEx II 2 G Ex h IIC T5 Gb X<br \/>\nEx II 2 D Ex h IIIC T100\u00b0C Db X ou<br \/>\nZona ATEX 0\/1:<br \/>\nEx II 1\/2 G Ex h IIC T5 Ga\/Gb<br \/>\nEx II 1\/2 D Ex h IIIC T100\u00b0C Da\/Db<\/p>\n<p>Sistema de troca r\u00e1pida do eixo do agitador:<br \/>\nO nosso <a href=\"https:\/\/youtu.be\/TjagGW4DoyA?feature=shared\" target=\"_blank\" rel=\"noopener\">Sistema de troca r\u00e1pida eco-Quick<\/a> oferece-lhe uma mudan\u00e7a r\u00e1pida e limpa do veio do agitador em segundos, sem ferramentas adicionais.<\/p>\n<p>Agitador de copo eco-Cup ou misturador de l\u00e2minas inclinadas:<br \/>\n<span class=\"_fadeIn_m1hgl_8\">O <\/span><span class=\"_fadeIn_m1hgl_8\">eco-<\/span><span class=\"_fadeIn_m1hgl_8\">Ta\u00e7a <\/span><span class=\"_fadeIn_m1hgl_8\">Agitador de copo<\/span> <span class=\"_fadeIn_m1hgl_8\">ofertas <\/span><span class=\"_fadeIn_m1hgl_8\">atrav\u00e9s de <\/span><span class=\"_fadeIn_m1hgl_8\">ser <\/span><span class=\"_fadeIn_m1hgl_8\">laminar <\/span><span class=\"_fadeIn_m1hgl_8\">Comportamento agitador<\/span> <span class=\"_fadeIn_m1hgl_8\">um <\/span><span class=\"_fadeIn_m1hgl_8\">homog\u00e9neo <\/span><span class=\"_fadeIn_m1hgl_8\">Mistura<\/span><span class=\"_fadeIn_m1hgl_8\"> \u2013 <\/span><span class=\"_fadeIn_m1hgl_8\">em si <\/span><span class=\"_fadeIn_m1hgl_8\">com <\/span><span class=\"_fadeIn_m1hgl_8\">exigente, <\/span><span class=\"_fadeIn_m1hgl_8\">muito viscoso <\/span><span class=\"_fadeIn_m1hgl_8\">Media <\/span><span class=\"_fadeIn_m1hgl_8\">como <\/span><span class=\"_fadeIn_m1hgl_8\">Pastas, <\/span><span class=\"_fadeIn_m1hgl_8\">Suspens\u00f5es <\/span><span class=\"_fadeIn_m1hgl_8\">ou <\/span><span class=\"_fadeIn_m1hgl_8\">Emuls\u00f5es.<\/span><\/p>\n<p data-start=\"1337\" data-end=\"1549\">O misturador de p\u00e1s inclinadas impressiona pelas suas carater\u00edsticas de transporte axial com um componente ligeiramente radial e gera um fluxo turbulento que permite uma mistura particularmente eficaz. O seu design robusto torna-o ideal para subst\u00e2ncias altamente viscosas.<\/p>\n<p data-start=\"1337\" data-end=\"1549\">Conceito de funcionamento:<br \/>\nA batedeira est\u00e1 dispon\u00edvel opcionalmente com um painel de controlo standard com pega de homem-morto ou <a href=\"https:\/\/ptm-mechatronics.com\/pt\/product\/dguv-schalttafel\/\" target=\"_blank\" rel=\"noopener\">Painel de controlo DGUV<\/a> com <a href=\"https:\/\/ptm-mechatronics.com\/pt\/grundlagen-guide\/not-aus\/\" target=\"_blank\" rel=\"noopener\">Paragem de emerg\u00eancia<\/a> e <a href=\"https:\/\/ptm-mechatronics.com\/pt\/grundlagen-guide\/zweihandbedienung\/\" target=\"_blank\" rel=\"noopener\">Funcionamento com duas m\u00e3os<\/a>.<\/p>\n<p data-start=\"1337\" data-end=\"1549\">Fixa\u00e7\u00e3o:<br \/>\nA batedeira est\u00e1 dispon\u00edvel tanto para montagem na parede como no ch\u00e3o.<\/p>\n<p data-start=\"1574\" data-end=\"1615\"><span class=\"_fadeIn_m1hgl_8\">Nota: <\/span><span class=\"_fadeIn_m1hgl_8\">entrega <\/span><span class=\"_fadeIn_m1hgl_8\">tem lugar <\/span><span class=\"_fadeIn_m1hgl_8\">sem <\/span><span class=\"_fadeIn_m1hgl_8\">Barril.<\/span><\/p>\n<p data-start=\"1617\" data-end=\"1648\"><span class=\"_fadeIn_m1hgl_8\">Vantagens <\/span><span class=\"_fadeIn_m1hgl_8\">sobre <\/span><span class=\"_fadeIn_m1hgl_8\">um <\/span><span class=\"_fadeIn_m1hgl_8\">Ver:<\/span><\/p>\n<ul>\n<li data-start=\"1651\" data-end=\"1697\"><span class=\"_fadeIn_m1hgl_8\">Pneum\u00e1tico <\/span><span class=\"_fadeIn_m1hgl_8\">Condu\u00e7\u00e3o <\/span><span class=\"_fadeIn_m1hgl_8\">para <\/span><span class=\"_fadeIn_m1hgl_8\">poderoso <\/span><span class=\"_fadeIn_m1hgl_8\">Mexer<\/span><\/li>\n<li data-start=\"1651\" data-end=\"1697\"><span class=\"_fadeIn_m1hgl_8\">Para <\/span><span class=\"_fadeIn_m1hgl_8\">200-<\/span><span class=\"_fadeIn_m1hgl_8\">Litro<\/span><span class=\"_fadeIn_m1hgl_8\">Barris <\/span><span class=\"_fadeIn_m1hgl_8\">optimizado<\/span><\/li>\n<li data-start=\"1651\" data-end=\"1697\"><span class=\"_fadeIn_m1hgl_8\">Veio do agitador &amp; <\/span><span class=\"_fadeIn_m1hgl_8\">-organ <\/span><span class=\"_fadeIn_m1hgl_8\">de <\/span><span class=\"_fadeIn_m1hgl_8\">V4A <\/span><span class=\"_fadeIn_m1hgl_8\">A\u00e7o inoxid\u00e1vel<\/span><\/li>\n<li data-start=\"1651\" data-end=\"1697\"><span class=\"_fadeIn_m1hgl_8\">Autom\u00e1tico <\/span><span class=\"_fadeIn_m1hgl_8\">Dispositivo de eleva\u00e7\u00e3o <\/span><span class=\"_fadeIn_m1hgl_8\">para <\/span><span class=\"_fadeIn_m1hgl_8\">ergon\u00f3mico <\/span><span class=\"_fadeIn_m1hgl_8\">Trabalho<\/span><\/li>\n<li data-start=\"1651\" data-end=\"1697\"><span class=\"_fadeIn_m1hgl_8\">Painel de controlo <\/span><span class=\"_fadeIn_m1hgl_8\">para o <\/span><span class=\"_fadeIn_m1hgl_8\">simples <\/span><span class=\"_fadeIn_m1hgl_8\">Sistema de controlo<\/span><\/li>\n<li data-start=\"1651\" data-end=\"1697\"><span class=\"_fadeIn_m1hgl_8\">Encerramento de seguran\u00e7a <\/span><span class=\"_fadeIn_m1hgl_8\">com <\/span><span class=\"_fadeIn_m1hgl_8\">Levantamento da tampa<\/span><\/li>\n<li data-start=\"1651\" data-end=\"1697\"><span class=\"_fadeIn_m1hgl_8\">Autom\u00e1tico <\/span><span class=\"_fadeIn_m1hgl_8\">Reiniciar <\/span><span class=\"_fadeIn_m1hgl_8\">atrav\u00e9s de <\/span><span class=\"_fadeIn_m1hgl_8\">Dete\u00e7\u00e3o de contentores<\/span><\/li>\n<li data-start=\"1651\" data-end=\"1697\"><span class=\"_fadeIn_m1hgl_8\">Para <\/span><span class=\"_fadeIn_m1hgl_8\">baixo <\/span><span class=\"_fadeIn_m1hgl_8\">at\u00e9 <\/span><span class=\"_fadeIn_m1hgl_8\">alta viscosidade <\/span><span class=\"_fadeIn_m1hgl_8\">Media<\/span><\/li>\n<li data-start=\"1651\" data-end=\"1697\"><span class=\"_fadeIn_m1hgl_8\">Higi\u00e9nico, <\/span><span class=\"_fadeIn_m1hgl_8\">seguro, <\/span><span class=\"_fadeIn_m1hgl_8\">adequado para utiliza\u00e7\u00e3o industrial<\/span><\/li>\n<\/ul>","protected":false},"excerpt":{"rendered":"<p class=\"translation-block\"><span class=\"_fadeIn_m1hgl_8\">Misturador de p\u00e9 ATEX <\/span><span class=\"_fadeIn_m1hgl_8\">para <\/span><span class=\"_fadeIn_m1hgl_8\">200-<\/span><span class=\"_fadeIn_m1hgl_8\">litros <\/span><span class=\"_fadeIn_m1hgl_8\">barris<\/span><span class=\"_fadeIn_m1hgl_8\">com <\/span><span class=\"_fadeIn_m1hgl_8\">a<\/span><span class=\"_fadeIn_m1hgl_8\">bateria <\/span><span class=\"_fadeIn_m1hgl_8\">com <\/span><span class=\"_fadeIn_m1hgl_8\">acionamento pneum\u00e1tico <\/span><span class=\"_fadeIn_m1hgl_8\">, <\/span><span class=\"_fadeIn_m1hgl_8\">V4A-<\/span><span class=\"_fadeIn_m1hgl_8\">componentes, <\/span><span class=\"_fadeIn_m1hgl_8\">autom\u00e1tico <\/span><span class=\"_fadeIn_m1hgl_8\">dispositivo de eleva\u00e7\u00e3o<\/span><span class=\"_fadeIn_m1hgl_8\">, <\/span><span class=\"_fadeIn_m1hgl_8\">corte de seguran\u00e7a<\/span><span class=\"_fadeIn_m1hgl_8\">e <\/span><span class=\"_fadeIn_m1hgl_8\">agitador seletor<\/span><span class=\"_fadeIn_m1hgl_8\"> <\/span><span class=\"_fadeIn_m1hgl_8\">para <\/span><span class=\"_fadeIn_m1hgl_8\">eficiente, <\/span><span class=\"_fadeIn_m1hgl_8\">seguro <\/span><span class=\"_fadeIn_m1hgl_8\">para <\/span><span class=\"_fadeIn_m1hgl_8\">todas as <\/span><span class=\"_fadeIn_m1hgl_8\">viscosidades,<\/span><span class=\"_fadeIn_m1hgl_8\">com montagem na parede ou no ch\u00e3o.<\/span><\/p>","protected":false},"featured_media":15552,"comment_status":"open","ping_status":"closed","template":"","meta":{"_acf_changed":false},"product_brand":[],"product_cat":[595,603],"product_tag":[2971,2637,2893,2964,2965,2966,2967,2968,2969,2970],"class_list":{"0":"post-14184","1":"product","2":"type-product","3":"status-publish","4":"has-post-thumbnail","6":"product_cat-ruehrwerkstechnik","7":"product_cat-fassruehrwerke","8":"product_tag-bedienpult-ruehrtechnik","9":"product_tag-ruehrwerk-fuer-hochviskose-medien","10":"product_tag-ruehrwerk-mit-hebevorrichtung","11":"product_tag-stativruehrwerk-200-liter","12":"product_tag-pneumatisches-ruehrwerk-edelstahl","13":"product_tag-v4a-ruehrwelle-eco-cup","14":"product_tag-fassruehrwerk-mit-sicherheit","15":"product_tag-ergonomisches-ruehrwerk-industrie","16":"product_tag-automatisches-ruehrsystem","17":"product_tag-edelstahl-ruehrwerk-200-liter","18":"product_shipping_class-europalette-speditionsversand","19":"pa_antriebsart-pneumatisch","20":"pa_atex-fuer-atex-zone-1","21":"pa_atex-fuer-atex-zone-0-1","22":"pa_bedienkonzept-standardschalttafel","23":"pa_bedienkonzept-dguv-schalttafel","24":"pa_befestigung-mit-bodenbefestigung","25":"pa_befestigung-mit-wandbefestigung","26":"pa_behaeltervolumen-200-liter","27":"pa_deckeldurchmesser-630mm","28":"pa_dichtung-ptfe","29":"pa_drehmoment-16nm","30":"pa_drehzahl-0-300-1-min","31":"pa_durchmesser-ruehrwelle-20mm","32":"pa_geeignete-fassdurchmesser-200-liter","33":"pa_geraeuschpegel-75db","34":"pa_gesamtbreite-700mm","35":"pa_gesamthoehe-2345mm","36":"pa_gesamttiefe-800mm","37":"pa_labs-oel-und-silikonfrei","38":"pa_laenge-ruehrwelle-ca-780mm-ab-deckeloberkante","39":"pa_material-deckel-v4a-edelstahl-1-4404","40":"pa_mittlerer-luftverbrauch-100l-min","41":"pa_model-eco-station-200","42":"pa_ruehrorgan-becherruehrorgan-eco-cup-320mm","43":"pa_ruehrorgan-schraegblattmischer-325mm","44":"pa_schnellwechselsystem-mit-gewindeverbindung","45":"pa_schnellwechselsystem-mit-schnellwechselsystem","46":"pa_stativverfahrweg-1-000mm","47":"pa_typ-stativruehrwerk","48":"pa_versorgung-5-6bar","50":"first","51":"instock","52":"taxable","53":"shipping-taxable","54":"purchasable","55":"product-type-variable"},"bundled_by":[],"bundle_stock_status":"instock","bundle_stock_quantity":null,"bundle_virtual":false,"bundle_layout":"","bundle_add_to_cart_form_location":"","bundle_editable_in_cart":false,"bundle_sold_individually_context":"","bundle_item_grouping":"","bundle_min_size":"","bundle_max_size":"","bundle_price":[],"bundled_items":[],"bundle_sell_ids":[],"exclude_global_add_ons":[],"addons":[],"acf":[],"_links":{"self":[{"href":"https:\/\/ptm-mechatronics.com\/pt\/wp-json\/wp\/v2\/product\/14184","targetHints":{"allow":["GET"]}}],"collection":[{"href":"https:\/\/ptm-mechatronics.com\/pt\/wp-json\/wp\/v2\/product"}],"about":[{"href":"https:\/\/ptm-mechatronics.com\/pt\/wp-json\/wp\/v2\/types\/product"}],"replies":[{"embeddable":true,"href":"https:\/\/ptm-mechatronics.com\/pt\/wp-json\/wp\/v2\/comments?post=14184"}],"wp:featuredmedia":[{"embeddable":true,"href":"https:\/\/ptm-mechatronics.com\/pt\/wp-json\/wp\/v2\/media\/15552"}],"wp:attachment":[{"href":"https:\/\/ptm-mechatronics.com\/pt\/wp-json\/wp\/v2\/media?parent=14184"}],"wp:term":[{"taxonomy":"product_brand","embeddable":true,"href":"https:\/\/ptm-mechatronics.com\/pt\/wp-json\/wp\/v2\/product_brand?post=14184"},{"taxonomy":"product_cat","embeddable":true,"href":"https:\/\/ptm-mechatronics.com\/pt\/wp-json\/wp\/v2\/product_cat?post=14184"},{"taxonomy":"product_tag","embeddable":true,"href":"https:\/\/ptm-mechatronics.com\/pt\/wp-json\/wp\/v2\/product_tag?post=14184"}],"curies":[{"name":"wp","href":"https:\/\/api.w.org\/{rel}","templated":true}]}}