{"id":14142,"date":"2025-07-24T14:11:25","date_gmt":"2025-07-24T12:11:25","guid":{"rendered":"https:\/\/ptm-mechatronics.com\/?post_type=product&#038;p=14142"},"modified":"2025-11-07T15:55:28","modified_gmt":"2025-11-07T14:55:28","slug":"ruehrwerk-mit-deckel-fuer-200-liter-fass","status":"publish","type":"product","link":"https:\/\/ptm-mechatronics.com\/pt\/product\/ruehrwerk-mit-deckel-fuer-200-liter-fass\/","title":{"rendered":"Agitador pneum\u00e1tico com tampa para bid\u00e3o de 200 litros"},"content":{"rendered":"<h1 data-start=\"306\" data-end=\"391\"><span style=\"font-size: 75%;\"><span class=\"_fadeIn_m1hgl_8\">Agitador <\/span><span class=\"_fadeIn_m1hgl_8\">para <\/span><span class=\"_fadeIn_m1hgl_8\">200-<\/span><span class=\"_fadeIn_m1hgl_8\">Litro<\/span><span class=\"_fadeIn_m1hgl_8\">Barris - <\/span><span class=\"_fadeIn_m1hgl_8\">poderoso, <\/span><span class=\"_fadeIn_m1hgl_8\">seguro <\/span><span class=\"_fadeIn_m1hgl_8\">e <\/span><span class=\"_fadeIn_m1hgl_8\">orientado para o processo<\/span><\/span><\/h1>\n<p data-start=\"393\" data-end=\"819\"><span class=\"_fadeIn_m1hgl_8\">Este <\/span><span class=\"_fadeIn_m1hgl_8\">Agitador<\/span><span class=\"_fadeIn_m1hgl_8\">\u00a0<\/span><span class=\"_fadeIn_m1hgl_8\">\u00e9 <\/span><span class=\"_fadeIn_m1hgl_8\">para <\/span><span class=\"_fadeIn_m1hgl_8\">a <\/span><span class=\"_fadeIn_m1hgl_8\">Processamento <\/span><span class=\"_fadeIn_m1hgl_8\">grande <\/span><span class=\"_fadeIn_m1hgl_8\">Quantidades de produtos<\/span> <span class=\"_fadeIn_m1hgl_8\">em <\/span><span class=\"_fadeIn_m1hgl_8\">200-<\/span><span class=\"_fadeIn_m1hgl_8\">Litro<\/span><span class=\"_fadeIn_m1hgl_8\">Barris<\/span> <span class=\"_fadeIn_m1hgl_8\">concebido. <\/span><span class=\"_fadeIn_m1hgl_8\">O <\/span><span class=\"_fadeIn_m1hgl_8\">eficiente em termos energ\u00e9ticos, <\/span><span class=\"_fadeIn_m1hgl_8\">pneum\u00e1tico <\/span><span class=\"_fadeIn_m1hgl_8\">Condu\u00e7\u00e3o<\/span> <span class=\"_fadeIn_m1hgl_8\">fornece <\/span><span class=\"_fadeIn_m1hgl_8\">em <\/span><span class=\"_fadeIn_m1hgl_8\">Combina\u00e7\u00e3o <\/span><span class=\"_fadeIn_m1hgl_8\">com <\/span><span class=\"_fadeIn_m1hgl_8\">Veio e \u00f3rg\u00e3o do agitador<\/span>\u00a0<span class=\"_fadeIn_m1hgl_8\">para <\/span><span class=\"_fadeIn_m1hgl_8\">um <\/span><span class=\"_fadeIn_m1hgl_8\">poderoso, <\/span><span class=\"_fadeIn_m1hgl_8\">mas <\/span><span class=\"_fadeIn_m1hgl_8\">ao mesmo tempo <\/span><span class=\"_fadeIn_m1hgl_8\">suave <\/span><span class=\"_fadeIn_m1hgl_8\">Mistura<\/span> <span class=\"_fadeIn_m1hgl_8\">de <\/span><span class=\"_fadeIn_m1hgl_8\">Media <\/span><span class=\"_fadeIn_m1hgl_8\">cada <\/span><span class=\"_fadeIn_m1hgl_8\">Classe de viscosidade.<\/span><\/p>\n<p data-start=\"821\" data-end=\"1335\"><span class=\"_fadeIn_m1hgl_8\">Todos <\/span><span class=\"_fadeIn_m1hgl_8\">contacto com os media <\/span><span class=\"_fadeIn_m1hgl_8\">Componentes - <\/span><span class=\"_fadeIn_m1hgl_8\">Eixo do agitador, <\/span><span class=\"_fadeIn_m1hgl_8\">Agitador <\/span><span class=\"_fadeIn_m1hgl_8\">e <\/span><span class=\"_fadeIn_m1hgl_8\">Tampa<\/span><span class=\"_fadeIn_m1hgl_8\"> \u2013 <\/span><span class=\"_fadeIn_m1hgl_8\">existir <\/span><span class=\"_fadeIn_m1hgl_8\">de <\/span><span class=\"_fadeIn_m1hgl_8\">alta qualidade <\/span><span class=\"_fadeIn_m1hgl_8\">V4A <\/span><span class=\"_fadeIn_m1hgl_8\">A\u00e7o inoxid\u00e1vel (<\/span><span class=\"_fadeIn_m1hgl_8\">1.4404)<\/span> <span class=\"_fadeIn_m1hgl_8\">e <\/span><span class=\"_fadeIn_m1hgl_8\">garantia <\/span><span class=\"_fadeIn_m1hgl_8\">para que <\/span><span class=\"_fadeIn_m1hgl_8\">mais elevado <\/span><span class=\"_fadeIn_m1hgl_8\">Higiene, <\/span><span class=\"_fadeIn_m1hgl_8\">Resist\u00eancia \u00e0 corros\u00e3o<\/span> <span class=\"_fadeIn_m1hgl_8\">e <\/span><span class=\"_fadeIn_m1hgl_8\">Longevidade. <\/span><span class=\"_fadeIn_m1hgl_8\">O <\/span><span class=\"_fadeIn_m1hgl_8\">Tampa <\/span><span class=\"_fadeIn_m1hgl_8\">com <\/span><span class=\"_fadeIn_m1hgl_8\">um <\/span><span class=\"_fadeIn_m1hgl_8\">Gama de fixa\u00e7\u00e3o <\/span><span class=\"_fadeIn_m1hgl_8\">de <\/span><span class=\"_fadeIn_m1hgl_8\">500 <\/span><span class=\"_fadeIn_m1hgl_8\">at\u00e9 <\/span><span class=\"_fadeIn_m1hgl_8\">600 <\/span><span class=\"_fadeIn_m1hgl_8\">mm<\/span> <span class=\"_fadeIn_m1hgl_8\">\u00e9 <\/span><span class=\"_fadeIn_m1hgl_8\">sobre <\/span><span class=\"_fadeIn_m1hgl_8\">normalizado <\/span><span class=\"_fadeIn_m1hgl_8\">200-<\/span><span class=\"_fadeIn_m1hgl_8\">Litro<\/span><span class=\"_fadeIn_m1hgl_8\">Barris <\/span><span class=\"_fadeIn_m1hgl_8\">harmonizado <\/span><span class=\"_fadeIn_m1hgl_8\">e <\/span><span class=\"_fadeIn_m1hgl_8\">tem <\/span><span class=\"_fadeIn_m1hgl_8\">sobre <\/span><span class=\"_fadeIn_m1hgl_8\">dois <\/span><span class=\"_fadeIn_m1hgl_8\">Dispositivos de fixa\u00e7\u00e3o<\/span><span class=\"_fadeIn_m1hgl_8\">, <\/span><span class=\"_fadeIn_m1hgl_8\">um <\/span><span class=\"_fadeIn_m1hgl_8\">pr\u00e1tico <\/span><span class=\"_fadeIn_m1hgl_8\">Aba Encore<\/span> <span class=\"_fadeIn_m1hgl_8\">e <\/span><span class=\"_fadeIn_m1hgl_8\">a <\/span><span class=\"_fadeIn_m1hgl_8\">integrado <\/span><span class=\"_fadeIn_m1hgl_8\">Grelha de seguran\u00e7a<\/span><span class=\"_fadeIn_m1hgl_8\">, <\/span><span class=\"_fadeIn_m1hgl_8\">a <\/span><span class=\"_fadeIn_m1hgl_8\">com <\/span><span class=\"_fadeIn_m1hgl_8\">em funcionamento <\/span><span class=\"_fadeIn_m1hgl_8\">Funcionamento <\/span><span class=\"_fadeIn_m1hgl_8\">antes de <\/span><span class=\"_fadeIn_m1hgl_8\">n\u00e3o intencional <\/span><span class=\"_fadeIn_m1hgl_8\">Intervir <\/span><span class=\"_fadeIn_m1hgl_8\">protege.<\/span><\/p>\n<h3 data-start=\"1337\" data-end=\"1549\"><span class=\"_fadeIn_m1hgl_8\" style=\"font-size: 90%;\">As suas op\u00e7\u00f5es:<\/span><\/h3>\n<p>Sistema de troca r\u00e1pida do eixo do agitador:<br \/>\nO nosso <a href=\"https:\/\/youtu.be\/TjagGW4DoyA?feature=shared\" target=\"_blank\" rel=\"noopener\">Sistema de troca r\u00e1pida eco-Quick<\/a> oferece-lhe uma mudan\u00e7a r\u00e1pida e limpa do veio do agitador em segundos, sem ferramentas adicionais.<\/p>\n<p>Agitador de copo eco-Cup ou misturador de l\u00e2minas inclinadas<br \/>\n<span class=\"_fadeIn_m1hgl_8\">O <\/span><span class=\"_fadeIn_m1hgl_8\">eco-<\/span><span class=\"_fadeIn_m1hgl_8\">Ta\u00e7a <\/span><span class=\"_fadeIn_m1hgl_8\">Agitador de copo<\/span> <span class=\"_fadeIn_m1hgl_8\">ofertas <\/span><span class=\"_fadeIn_m1hgl_8\">atrav\u00e9s de <\/span><span class=\"_fadeIn_m1hgl_8\">ser <\/span><span class=\"_fadeIn_m1hgl_8\">laminar <\/span><span class=\"_fadeIn_m1hgl_8\">Comportamento agitador<\/span> <span class=\"_fadeIn_m1hgl_8\">um <\/span><span class=\"_fadeIn_m1hgl_8\">homog\u00e9neo <\/span><span class=\"_fadeIn_m1hgl_8\">Mistura<\/span><span class=\"_fadeIn_m1hgl_8\"> \u2013 <\/span><span class=\"_fadeIn_m1hgl_8\">em si <\/span><span class=\"_fadeIn_m1hgl_8\">com <\/span><span class=\"_fadeIn_m1hgl_8\">exigente, <\/span><span class=\"_fadeIn_m1hgl_8\">muito viscoso <\/span><span class=\"_fadeIn_m1hgl_8\">Media <\/span><span class=\"_fadeIn_m1hgl_8\">como <\/span><span class=\"_fadeIn_m1hgl_8\">Pastas, <\/span><span class=\"_fadeIn_m1hgl_8\">Suspens\u00f5es <\/span><span class=\"_fadeIn_m1hgl_8\">ou <\/span><span class=\"_fadeIn_m1hgl_8\">Emuls\u00f5es.<\/span><\/p>\n<p data-start=\"1337\" data-end=\"1549\">O misturador de p\u00e1s inclinadas impressiona pelas suas carater\u00edsticas de transporte axial com um componente ligeiramente radial e gera um fluxo turbulento que permite uma mistura particularmente eficaz. O seu design robusto torna-o ideal para subst\u00e2ncias altamente viscosas.<\/p>\n<p data-start=\"1337\" data-end=\"1549\"><strong>Conjunto pneum\u00e1tico<br \/>\n<\/strong>O conjunto pneum\u00e1tico inclui um <a href=\"https:\/\/ptm-mechatronics.com\/pt\/product\/luftversorgungsmodul-mit-absperrventil-filterregler-und-manometer-fuer-ptm-ruehrwerksantriebe\/\" target=\"_blank\" rel=\"noopener\">M\u00f3dulo de fornecimento de ar<\/a> com v\u00e1lvula de corte, filtro regulador e man\u00f3metro para uma alimenta\u00e7\u00e3o segura e limpa de ar comprimido entre o sistema e o acionamento do agitador - para um funcionamento duradouro e fi\u00e1vel. O sistema integrado <a href=\"https:\/\/ptm-mechatronics.com\/pt\/product\/abluftfilter-paket\/\" target=\"_blank\" rel=\"noopener\">Filtro de ar de escape<\/a> reduz o ru\u00eddo de funcionamento para apenas 50 dB(A) e garante que o ar de exaust\u00e3o \u00e9 descarregado em seguran\u00e7a.<\/p>\n<p data-start=\"1551\" data-end=\"1582\"><span class=\"_fadeIn_m1hgl_8\">Vantagens <\/span><span class=\"_fadeIn_m1hgl_8\">sobre <\/span><span class=\"_fadeIn_m1hgl_8\">um <\/span><span class=\"_fadeIn_m1hgl_8\">Ver:<\/span><\/p>\n<ul>\n<li data-start=\"1585\" data-end=\"1625\"><span class=\"_fadeIn_m1hgl_8\">Pneum\u00e1tico, <\/span><span class=\"_fadeIn_m1hgl_8\">efici\u00eancia energ\u00e9tica <\/span><span class=\"_fadeIn_m1hgl_8\">e <\/span><span class=\"_fadeIn_m1hgl_8\">Poderoso<\/span><\/li>\n<li data-start=\"1585\" data-end=\"1625\"><span class=\"_fadeIn_m1hgl_8\">Para <\/span><span class=\"_fadeIn_m1hgl_8\">200-<\/span><span class=\"_fadeIn_m1hgl_8\">Litro<\/span><span class=\"_fadeIn_m1hgl_8\">Barris <\/span><span class=\"_fadeIn_m1hgl_8\">com <\/span><span class=\"_fadeIn_m1hgl_8\">\u00d8 <\/span><span class=\"_fadeIn_m1hgl_8\">500-<\/span><span class=\"_fadeIn_m1hgl_8\">600 <\/span><span class=\"_fadeIn_m1hgl_8\">mm<\/span><\/li>\n<li data-start=\"1585\" data-end=\"1625\"><span class=\"_fadeIn_m1hgl_8\">Eixo do agitador, <\/span><span class=\"_fadeIn_m1hgl_8\">Agitador <\/span><span class=\"_fadeIn_m1hgl_8\">e <\/span><span class=\"_fadeIn_m1hgl_8\">Tampa <\/span><span class=\"_fadeIn_m1hgl_8\">de <\/span><span class=\"_fadeIn_m1hgl_8\">V4A <\/span><span class=\"_fadeIn_m1hgl_8\">A\u00e7o inoxid\u00e1vel<\/span><\/li>\n<li data-start=\"1585\" data-end=\"1625\"><span class=\"_fadeIn_m1hgl_8\">Dois <\/span><span class=\"_fadeIn_m1hgl_8\">Dispositivos de fixa\u00e7\u00e3o <\/span><span class=\"_fadeIn_m1hgl_8\">para <\/span><span class=\"_fadeIn_m1hgl_8\">seguro <\/span><span class=\"_fadeIn_m1hgl_8\">Parar<\/span><\/li>\n<li data-start=\"1585\" data-end=\"1625\"><span class=\"_fadeIn_m1hgl_8\">Com <\/span><span class=\"_fadeIn_m1hgl_8\">Aba Encore <\/span><span class=\"_fadeIn_m1hgl_8\">e <\/span><span class=\"_fadeIn_m1hgl_8\">Grelha de seguran\u00e7a<\/span><\/li>\n<li data-start=\"1585\" data-end=\"1625\"><span class=\"_fadeIn_m1hgl_8\">Adequado <\/span><span class=\"_fadeIn_m1hgl_8\">para <\/span><span class=\"_fadeIn_m1hgl_8\">baixo <\/span><span class=\"_fadeIn_m1hgl_8\">e <\/span><span class=\"_fadeIn_m1hgl_8\">alta viscosidade <\/span><span class=\"_fadeIn_m1hgl_8\">Media<\/span><\/li>\n<li data-start=\"1585\" data-end=\"1625\"><span class=\"_fadeIn_m1hgl_8\">Homog\u00e9neo, <\/span><span class=\"_fadeIn_m1hgl_8\">suave <\/span><span class=\"_fadeIn_m1hgl_8\">Comportamento agitador<\/span><\/li>\n<li data-start=\"1585\" data-end=\"1625\"><span class=\"_fadeIn_m1hgl_8\">Robusto, <\/span><span class=\"_fadeIn_m1hgl_8\">higi\u00e9nico, <\/span><span class=\"_fadeIn_m1hgl_8\">Manuten\u00e7\u00e3o reduzida<\/span><\/li>\n<\/ul>","protected":false},"excerpt":{"rendered":"<p><span class=\"_fadeIn_m1hgl_8\">Agitador <\/span><span class=\"_fadeIn_m1hgl_8\">para <\/span><span class=\"_fadeIn_m1hgl_8\">200-<\/span><span class=\"_fadeIn_m1hgl_8\">Litro<\/span><span class=\"_fadeIn_m1hgl_8\">Barris <\/span><span class=\"_fadeIn_m1hgl_8\">com <\/span><span class=\"_fadeIn_m1hgl_8\">V4A-<\/span><span class=\"_fadeIn_m1hgl_8\">Componentes, <\/span><span class=\"_fadeIn_m1hgl_8\">Aba Encore <\/span><span class=\"_fadeIn_m1hgl_8\">com <\/span><span class=\"_fadeIn_m1hgl_8\">Grelha de seguran\u00e7a, agitador selecion\u00e1vel <\/span><span class=\"_fadeIn_m1hgl_8\">para <\/span><span class=\"_fadeIn_m1hgl_8\">a <\/span><span class=\"_fadeIn_m1hgl_8\">seguro, <\/span><span class=\"_fadeIn_m1hgl_8\">eficaz <\/span><span class=\"_fadeIn_m1hgl_8\">e <\/span><span class=\"_fadeIn_m1hgl_8\">higi\u00e9nico <\/span><span class=\"_fadeIn_m1hgl_8\">Mexer <\/span><span class=\"_fadeIn_m1hgl_8\">mais viscoso <\/span><span class=\"_fadeIn_m1hgl_8\">Meios de comunica\u00e7\u00e3o social.<\/span><\/p>","protected":false},"featured_media":15551,"comment_status":"open","ping_status":"closed","template":"","meta":{"_acf_changed":false},"product_brand":[],"product_cat":[595,603],"product_tag":[3152,3153,3154,2637,2735,2940,2954,2960,2961,2962,2963],"class_list":{"0":"post-14142","1":"product","2":"type-product","3":"status-publish","4":"has-post-thumbnail","6":"product_cat-ruehrwerkstechnik","7":"product_cat-fassruehrwerke","8":"product_tag-v4a-ruehrwerk-zone-0-1","9":"product_tag-ruehrwerk-200l","10":"product_tag-pneumatischer-ruehrwerksantrieb","11":"product_tag-ruehrwerk-fuer-hochviskose-medien","12":"product_tag-schragblattmischer","13":"product_tag-becherruehrorgan-eco-cup","14":"product_tag-zugabeklappe-ruehrwerk","15":"product_tag-fassruehrwerk-edelstahl","16":"product_tag-v4a-ruehrwerk-zone-1","17":"product_tag-sicherheitsgitter-ruehrsystem","18":"product_tag-edelstahl-ruehrwerk-500-600-mm","19":"product_shipping_class-europalette-speditionsversand","20":"pa_antriebsart-pneumatisch","21":"pa_bedien-anschlusskonzept-ohne","22":"pa_bedien-anschlusskonzept-pneumatikset","23":"pa_behaeltervolumen-200-liter","24":"pa_dichtung-ptfe","25":"pa_drehmoment-16nm","26":"pa_drehzahl-0-300-1-min","27":"pa_durchmesser-ruehrwelle-20mm","28":"pa_geeignete-fassdurchmesser-500-600mm","29":"pa_geraeuschpegel-75db","30":"pa_labs-oel-und-silikonfrei","31":"pa_laenge-ruehrwelle-ca-780mm-ab-deckeloberkante","32":"pa_material-deckel-v4a-edelstahl-1-4404","33":"pa_material-gehaeuse-aluminium-eloxiert","34":"pa_mittlerer-luftverbrauch-100l-min","35":"pa_ruehrorgan-schraegblattmischer-325mm","36":"pa_ruehrorgan-becherruehrorgan-eco-cup-320mm","37":"pa_schnellwechselsystem-mit-gewindeverbindung","38":"pa_schnellwechselsystem-mit-schnellwechselsystem","39":"pa_schutzart-ip67","40":"pa_steckverschraubung-abluft-schlauch-o12mm","41":"pa_steckverschraubung-zuluft-schlauch-o8mm","42":"pa_typ-deckelruehrwerk","43":"pa_versorgung-5-6bar","45":"first","46":"instock","47":"taxable","48":"shipping-taxable","49":"purchasable","50":"product-type-variable"},"bundled_by":[],"bundle_stock_status":"instock","bundle_stock_quantity":null,"bundle_virtual":false,"bundle_layout":"","bundle_add_to_cart_form_location":"","bundle_editable_in_cart":false,"bundle_sold_individually_context":"","bundle_item_grouping":"","bundle_min_size":"","bundle_max_size":"","bundle_price":[],"bundled_items":[],"bundle_sell_ids":[],"exclude_global_add_ons":[],"addons":[],"acf":[],"_links":{"self":[{"href":"https:\/\/ptm-mechatronics.com\/pt\/wp-json\/wp\/v2\/product\/14142","targetHints":{"allow":["GET"]}}],"collection":[{"href":"https:\/\/ptm-mechatronics.com\/pt\/wp-json\/wp\/v2\/product"}],"about":[{"href":"https:\/\/ptm-mechatronics.com\/pt\/wp-json\/wp\/v2\/types\/product"}],"replies":[{"embeddable":true,"href":"https:\/\/ptm-mechatronics.com\/pt\/wp-json\/wp\/v2\/comments?post=14142"}],"wp:featuredmedia":[{"embeddable":true,"href":"https:\/\/ptm-mechatronics.com\/pt\/wp-json\/wp\/v2\/media\/15551"}],"wp:attachment":[{"href":"https:\/\/ptm-mechatronics.com\/pt\/wp-json\/wp\/v2\/media?parent=14142"}],"wp:term":[{"taxonomy":"product_brand","embeddable":true,"href":"https:\/\/ptm-mechatronics.com\/pt\/wp-json\/wp\/v2\/product_brand?post=14142"},{"taxonomy":"product_cat","embeddable":true,"href":"https:\/\/ptm-mechatronics.com\/pt\/wp-json\/wp\/v2\/product_cat?post=14142"},{"taxonomy":"product_tag","embeddable":true,"href":"https:\/\/ptm-mechatronics.com\/pt\/wp-json\/wp\/v2\/product_tag?post=14142"}],"curies":[{"name":"wp","href":"https:\/\/api.w.org\/{rel}","templated":true}]}}