{"id":14066,"date":"2025-07-17T09:42:05","date_gmt":"2025-07-17T07:42:05","guid":{"rendered":"https:\/\/ptm-mechatronics.com\/?post_type=product&#038;p=14066"},"modified":"2025-11-07T15:55:17","modified_gmt":"2025-11-07T14:55:17","slug":"ruehrwellen-fuer-ibc-fuer-schnellmischer-mit-schnellwechselsystem","status":"publish","type":"product","link":"https:\/\/ptm-mechatronics.com\/pt\/product\/ruehrwellen-fuer-ibc-fuer-schnellmischer-mit-schnellwechselsystem\/","title":{"rendered":"Eixos agitadores para IBCs para misturadores de alta velocidade com sistema de troca r\u00e1pida"},"content":{"rendered":"<h1 data-start=\"178\" data-end=\"265\"><span style=\"font-size: 75%;\">Veios do agitador em a\u00e7o inoxid\u00e1vel V4A com sistema de troca r\u00e1pida - robustos, precisos, adequados para altas velocidades<\/span><\/h1>\n<p data-start=\"267\" data-end=\"562\">Os nossos veios de agitador em a\u00e7o inoxid\u00e1vel V4A 1.4404 de alta qualidade impressionam pela sua elevada resist\u00eancia \u00e0 corros\u00e3o, estabilidade e longa vida \u00fatil - ideal para aplica\u00e7\u00f5es higienicamente exigentes. Gra\u00e7as ao sistema de troca r\u00e1pida eco-Quick, podem ser montados nos accionamentos PTM de forma segura e precisa com apenas um movimento e sem ferramentas adicionais.<\/p>\n<p data-start=\"564\" data-end=\"750\">Este veio agitador foi especialmente desenvolvido para utiliza\u00e7\u00e3o em misturadores de alta velocidade com velocidades superiores a 600 rpm e oferece a m\u00e1xima suavidade de funcionamento e fiabilidade do processo sob cargas elevadas.<\/p>\n<p data-start=\"752\" data-end=\"914\">Ao fazer a sua sele\u00e7\u00e3o, tenha em aten\u00e7\u00e3o o di\u00e2metro do veio adequado para o seu acionamento. Em caso de d\u00favidas, a nossa equipa de apoio ao cliente PTM ter\u00e1 todo o prazer em aconselh\u00e1-lo.<\/p>","protected":false},"excerpt":{"rendered":"<p>Veio do agitador em a\u00e7o inoxid\u00e1vel V4A 1.4404 com sistema de troca r\u00e1pida para misturadores de alta velocidade com velocidades superiores a 600 rpm - robusto, preciso e dur\u00e1vel.<\/p>","protected":false},"featured_media":15365,"comment_status":"closed","ping_status":"closed","template":"","meta":{"_acf_changed":false},"product_brand":[],"product_cat":[651,595],"product_tag":[3123,3125,3128,3132,3133,3134,3135,3116,3117,3119],"class_list":{"0":"post-14066","1":"product","2":"type-product","3":"status-publish","4":"has-post-thumbnail","6":"product_cat-ruehrwellen","7":"product_cat-ruehrwerkstechnik","8":"product_tag-hygienische-ruehrwelle","9":"product_tag-ruehrwelle-industrie","10":"product_tag-edelstahlruehrwelle-1-4404","11":"product_tag-ruehrwelle-schnellmischer","12":"product_tag-hochdrehzahl-ruehrwelle","13":"product_tag-ruehrwelle-600-u-min","14":"product_tag-ptm-ruehrwelle","15":"product_tag-ruehrwelle-edelstahl","16":"product_tag-v4a-ruehrwelle","17":"product_tag-gewindenabe-ptm","18":"product_shipping_class-karton-paketversand","19":"pa_gewinde-m16","20":"pa_material-v4a-edelstahl-1-4404","21":"pa_patentnummer-20-2020-107-558","23":"first","24":"instock","25":"taxable","26":"shipping-taxable","27":"purchasable","28":"product-type-variable"},"bundled_by":[],"bundle_stock_status":"instock","bundle_stock_quantity":null,"bundle_virtual":false,"bundle_layout":"","bundle_add_to_cart_form_location":"","bundle_editable_in_cart":false,"bundle_sold_individually_context":"","bundle_item_grouping":"","bundle_min_size":"","bundle_max_size":"","bundle_price":[],"bundled_items":[],"bundle_sell_ids":[],"exclude_global_add_ons":[],"addons":[],"acf":[],"_links":{"self":[{"href":"https:\/\/ptm-mechatronics.com\/pt\/wp-json\/wp\/v2\/product\/14066","targetHints":{"allow":["GET"]}}],"collection":[{"href":"https:\/\/ptm-mechatronics.com\/pt\/wp-json\/wp\/v2\/product"}],"about":[{"href":"https:\/\/ptm-mechatronics.com\/pt\/wp-json\/wp\/v2\/types\/product"}],"replies":[{"embeddable":true,"href":"https:\/\/ptm-mechatronics.com\/pt\/wp-json\/wp\/v2\/comments?post=14066"}],"wp:featuredmedia":[{"embeddable":true,"href":"https:\/\/ptm-mechatronics.com\/pt\/wp-json\/wp\/v2\/media\/15365"}],"wp:attachment":[{"href":"https:\/\/ptm-mechatronics.com\/pt\/wp-json\/wp\/v2\/media?parent=14066"}],"wp:term":[{"taxonomy":"product_brand","embeddable":true,"href":"https:\/\/ptm-mechatronics.com\/pt\/wp-json\/wp\/v2\/product_brand?post=14066"},{"taxonomy":"product_cat","embeddable":true,"href":"https:\/\/ptm-mechatronics.com\/pt\/wp-json\/wp\/v2\/product_cat?post=14066"},{"taxonomy":"product_tag","embeddable":true,"href":"https:\/\/ptm-mechatronics.com\/pt\/wp-json\/wp\/v2\/product_tag?post=14066"}],"curies":[{"name":"wp","href":"https:\/\/api.w.org\/{rel}","templated":true}]}}