{"id":14041,"date":"2025-07-18T10:01:00","date_gmt":"2025-07-18T08:01:00","guid":{"rendered":"https:\/\/ptm-mechatronics.com\/?post_type=product&#038;p=14041"},"modified":"2025-11-07T15:55:17","modified_gmt":"2025-11-07T14:55:17","slug":"filterkatuschen","status":"publish","type":"product","link":"https:\/\/ptm-mechatronics.com\/pt\/product\/filterkatuschen\/","title":{"rendered":"Cartuchos de filtro"},"content":{"rendered":"<h1 data-start=\"198\" data-end=\"281\"><span style=\"font-size: 75%;\">Cartucho de filtro de substitui\u00e7\u00e3o para o conjunto de filtros de ar de exaust\u00e3o - limpo, seguro, adequado para salas limpas<\/span><\/h1>\n<p data-start=\"283\" data-end=\"724\">Este cartucho de filtro de substitui\u00e7\u00e3o foi especialmente concebido para o pacote de filtros de ar de exaust\u00e3o dos accionamentos PTM e assegura, de forma fi\u00e1vel, uma separa\u00e7\u00e3o eficaz das part\u00edculas em \u00e1reas de produ\u00e7\u00e3o sens\u00edveis. Gra\u00e7as \u00e0 sua estrutura de filtragem de alta qualidade, reduz as impurezas do ar e suporta uma qualidade de ar constante - especialmente em salas limpas ou ambientes higienicamente sens\u00edveis, como a tecnologia farmac\u00eautica, alimentar ou laboratorial.<\/p>\n<p data-start=\"726\" data-end=\"1025\">O filtro pode ser substitu\u00eddo r\u00e1pida e facilmente e restaura o desempenho total do sistema de ar de exaust\u00e3o. O cartucho do filtro \u00e9 perfeitamente compat\u00edvel com o m\u00f3dulo de fornecimento de ar PTM e contribui para a seguran\u00e7a, longevidade e efici\u00eancia energ\u00e9tica de todo o sistema.<\/p>","protected":false},"excerpt":{"rendered":"<p>Cartuchos de filtro de substitui\u00e7\u00e3o para o pacote de filtros de ar de exaust\u00e3o PTM Cleanroom para ar de exaust\u00e3o limpo e separa\u00e7\u00e3o fi\u00e1vel de part\u00edculas - ideal para salas limpas e aplica\u00e7\u00f5es higi\u00e9nicas.<\/p>","protected":false},"featured_media":15549,"comment_status":"closed","ping_status":"closed","template":"","meta":{"_acf_changed":false},"product_brand":[],"product_cat":[2745],"product_tag":[3148,3149,3150,3151,3143,3144,3145,3146,3147],"class_list":{"0":"post-14041","1":"product","2":"type-product","3":"status-publish","4":"has-post-thumbnail","6":"product_cat-ersatzteile","7":"product_tag-abluft-filterkupplung","8":"product_tag-druckluftfilter-ersatz","9":"product_tag-abluftfilter-industrie","10":"product_tag-reinraum-ersatzfilter","11":"product_tag-ersatzfilter-abluftpaket","12":"product_tag-abluftfilter-reinraum","13":"product_tag-filterkartusche-ptm-antrieb","14":"product_tag-abluftfilter-ersatzteil","15":"product_tag-hygienischer-abluftfilter","16":"product_shipping_class-karton-paketversand","18":"first","19":"instock","20":"taxable","21":"shipping-taxable","22":"purchasable","23":"product-type-variable"},"bundled_by":[],"bundle_stock_status":"instock","bundle_stock_quantity":null,"bundle_virtual":false,"bundle_layout":"","bundle_add_to_cart_form_location":"","bundle_editable_in_cart":false,"bundle_sold_individually_context":"","bundle_item_grouping":"","bundle_min_size":"","bundle_max_size":"","bundle_price":[],"bundled_items":[],"bundle_sell_ids":[],"exclude_global_add_ons":[],"addons":[],"acf":[],"_links":{"self":[{"href":"https:\/\/ptm-mechatronics.com\/pt\/wp-json\/wp\/v2\/product\/14041","targetHints":{"allow":["GET"]}}],"collection":[{"href":"https:\/\/ptm-mechatronics.com\/pt\/wp-json\/wp\/v2\/product"}],"about":[{"href":"https:\/\/ptm-mechatronics.com\/pt\/wp-json\/wp\/v2\/types\/product"}],"replies":[{"embeddable":true,"href":"https:\/\/ptm-mechatronics.com\/pt\/wp-json\/wp\/v2\/comments?post=14041"}],"wp:featuredmedia":[{"embeddable":true,"href":"https:\/\/ptm-mechatronics.com\/pt\/wp-json\/wp\/v2\/media\/15549"}],"wp:attachment":[{"href":"https:\/\/ptm-mechatronics.com\/pt\/wp-json\/wp\/v2\/media?parent=14041"}],"wp:term":[{"taxonomy":"product_brand","embeddable":true,"href":"https:\/\/ptm-mechatronics.com\/pt\/wp-json\/wp\/v2\/product_brand?post=14041"},{"taxonomy":"product_cat","embeddable":true,"href":"https:\/\/ptm-mechatronics.com\/pt\/wp-json\/wp\/v2\/product_cat?post=14041"},{"taxonomy":"product_tag","embeddable":true,"href":"https:\/\/ptm-mechatronics.com\/pt\/wp-json\/wp\/v2\/product_tag?post=14041"}],"curies":[{"name":"wp","href":"https:\/\/api.w.org\/{rel}","templated":true}]}}