{"id":13916,"date":"2025-07-08T09:21:15","date_gmt":"2025-07-08T07:21:15","guid":{"rendered":"https:\/\/ptm-mechatronics.com\/?post_type=product&#038;p=13916"},"modified":"2025-11-07T15:55:17","modified_gmt":"2025-11-07T14:55:17","slug":"ruehrwellen-mit-gewindenabe","status":"publish","type":"product","link":"https:\/\/ptm-mechatronics.com\/pt\/product\/ruehrwellen-mit-gewindenabe\/","title":{"rendered":"Veios do agitador com cubo roscado"},"content":{"rendered":"<h1 data-start=\"221\" data-end=\"305\"><span style=\"font-size: 75%;\">Veio do agitador em a\u00e7o inoxid\u00e1vel V4A 1.4404 com cubo roscado - preciso, robusto, compat\u00edvel<\/span><\/h1>\n<p data-start=\"307\" data-end=\"568\">Os nossos veios de agitador em a\u00e7o inoxid\u00e1vel V4A 1.4404 de alta qualidade caracterizam-se pela sua excelente resist\u00eancia \u00e0 corros\u00e3o, durabilidade e superf\u00edcie higi\u00e9nica - ideal para aplica\u00e7\u00f5es exigentes nas ind\u00fastrias alimentar, farmac\u00eautica e qu\u00edmica.<\/p>\n<p data-start=\"570\" data-end=\"837\">Os veios podem ser ligados de forma r\u00e1pida e segura a todos os accionamentos de agitadores PTM utilizando o cubo roscado patenteado. Temos o di\u00e2metro de veio certo para cada acionamento - por favor selecione o di\u00e2metro de acordo com o seu projeto de acionamento.<\/p>\n<p data-start=\"839\" data-end=\"1001\">Os veios de a\u00e7o inoxid\u00e1vel fabricados com precis\u00e3o garantem um funcionamento est\u00e1vel e com pouca vibra\u00e7\u00e3o e s\u00e3o ideais para meios de baixa e alta viscosidade.<\/p>\n<p data-start=\"1003\" data-end=\"1103\">Se tiver alguma d\u00favida sobre a sele\u00e7\u00e3o do veio agitador adequado, a nossa equipa de apoio ao cliente PTM ter\u00e1 todo o prazer em ajudar: <a href=\"tel:+498134257970\">+49 8134 25 797 0<\/a>.<\/p>\n<p data-start=\"1003\" data-end=\"1103\">N\u00fameros de patentes:<br \/>\npara bid\u00e3o de 10 litros: 20 2020 107 551<br \/>\npara bid\u00e3o de 30 litros: 20 2020 107 552<br \/>\npara bid\u00e3o de 60 litros: 20 2020 107 553<br \/>\npara bid\u00e3o de 100 litros: 20 2020 107 554<br \/>\npara bid\u00e3o de 200 litros: 20 2020 107 555<br \/>\npara GRG de 600 litros: 20 2020 107 556<br \/>\npara 1000 litros de IBC: 20 2020 107 557<\/p>","protected":false},"excerpt":{"rendered":"<p>Veio do agitador em a\u00e7o inoxid\u00e1vel V4A 1.4404 com cubo roscado para uma liga\u00e7\u00e3o segura e precisa com os accionamentos PTM - resistente \u00e0 corros\u00e3o, higi\u00e9nico e preciso.<\/p>","protected":false},"featured_media":15364,"comment_status":"closed","ping_status":"closed","template":"","meta":{"_acf_changed":false},"product_brand":[],"product_cat":[651],"product_tag":[3124,3125,3116,3117,3118,3119,3120,3121,3122,3123],"class_list":{"0":"post-13916","1":"product","2":"type-product","3":"status-publish","4":"has-post-thumbnail","6":"product_cat-ruehrwellen","7":"product_tag-ruehrwelle-fuer-antrieb","8":"product_tag-ruehrwelle-industrie","9":"product_tag-ruehrwelle-edelstahl","10":"product_tag-v4a-ruehrwelle","11":"product_tag-edelstahlwelle-ruehrwerk","12":"product_tag-gewindenabe-ptm","13":"product_tag-ruehrwelle-1-4404","14":"product_tag-ptm-ruehrwellen","15":"product_tag-edelstahlruehrwelle-gewinde","16":"product_tag-hygienische-ruehrwelle","17":"product_shipping_class-karton-paketversand","18":"pa_material-v4a-edelstahl-1-4404","20":"first","21":"instock","22":"taxable","23":"shipping-taxable","24":"purchasable","25":"product-type-variable"},"bundled_by":[],"bundle_stock_status":"instock","bundle_stock_quantity":null,"bundle_virtual":false,"bundle_layout":"","bundle_add_to_cart_form_location":"","bundle_editable_in_cart":false,"bundle_sold_individually_context":"","bundle_item_grouping":"","bundle_min_size":"","bundle_max_size":"","bundle_price":[],"bundled_items":[],"bundle_sell_ids":[],"exclude_global_add_ons":[],"addons":[],"acf":[],"_links":{"self":[{"href":"https:\/\/ptm-mechatronics.com\/pt\/wp-json\/wp\/v2\/product\/13916","targetHints":{"allow":["GET"]}}],"collection":[{"href":"https:\/\/ptm-mechatronics.com\/pt\/wp-json\/wp\/v2\/product"}],"about":[{"href":"https:\/\/ptm-mechatronics.com\/pt\/wp-json\/wp\/v2\/types\/product"}],"replies":[{"embeddable":true,"href":"https:\/\/ptm-mechatronics.com\/pt\/wp-json\/wp\/v2\/comments?post=13916"}],"wp:featuredmedia":[{"embeddable":true,"href":"https:\/\/ptm-mechatronics.com\/pt\/wp-json\/wp\/v2\/media\/15364"}],"wp:attachment":[{"href":"https:\/\/ptm-mechatronics.com\/pt\/wp-json\/wp\/v2\/media?parent=13916"}],"wp:term":[{"taxonomy":"product_brand","embeddable":true,"href":"https:\/\/ptm-mechatronics.com\/pt\/wp-json\/wp\/v2\/product_brand?post=13916"},{"taxonomy":"product_cat","embeddable":true,"href":"https:\/\/ptm-mechatronics.com\/pt\/wp-json\/wp\/v2\/product_cat?post=13916"},{"taxonomy":"product_tag","embeddable":true,"href":"https:\/\/ptm-mechatronics.com\/pt\/wp-json\/wp\/v2\/product_tag?post=13916"}],"curies":[{"name":"wp","href":"https:\/\/api.w.org\/{rel}","templated":true}]}}