{"id":13886,"date":"2025-06-30T09:58:43","date_gmt":"2025-06-30T07:58:43","guid":{"rendered":"https:\/\/ptm-mechatronics.com\/?post_type=product&#038;p=13886"},"modified":"2025-11-07T15:55:03","modified_gmt":"2025-11-07T14:55:03","slug":"drosselventil-metall","status":"publish","type":"product","link":"https:\/\/ptm-mechatronics.com\/pt\/product\/drosselventil-metall\/","title":{"rendered":"V\u00e1lvula de acelera\u00e7\u00e3o met\u00e1lica"},"content":{"rendered":"<h2 data-start=\"198\" data-end=\"297\"><span style=\"font-size: 75%;\">V\u00e1lvula de estrangulamento em zinco fundido cromado para actuadores pneum\u00e1ticos - precisa, robusta, dur\u00e1vel<\/span><\/h2>\n<p data-start=\"299\" data-end=\"670\">A v\u00e1lvula de estrangulamento em zinco fundido cromado permite uma regula\u00e7\u00e3o fina do volume de ar para motores pneum\u00e1ticos PTM e accionamentos de agitadores (tipo 450-3600) e assegura um ajuste preciso da velocidade aos requisitos do seu processo. O material de zinco fundido cromado oferece alta resist\u00eancia e resist\u00eancia \u00e0 corros\u00e3o, ideal para aplica\u00e7\u00f5es industriais exigentes.<\/p>\n<p data-start=\"672\" data-end=\"961\">A v\u00e1lvula est\u00e1 convenientemente montada no bloco de liga\u00e7\u00e3o, permitindo uma integra\u00e7\u00e3o segura e economizadora de espa\u00e7o no seu sistema de ar comprimido. Gra\u00e7as ao controlo preciso do caudal de ar, tanto os processos de mistura sens\u00edveis como os processos de grande consumo de energia podem ser controlados de forma fi\u00e1vel.<\/p>\n<p data-start=\"963\" data-end=\"1200\">Compacta, dur\u00e1vel e de baixo desgaste, esta v\u00e1lvula de estrangulamento \u00e9 o complemento perfeito para todos os actuadores pneum\u00e1ticos e actuadores de agitadores PTM quando \u00e9 necess\u00e1ria a m\u00e1xima fiabilidade operacional, controlabilidade precisa e instala\u00e7\u00e3o simples.<\/p>","protected":false},"excerpt":{"rendered":"<p>V\u00e1lvula de estrangulamento em zinco fundido cromado para montagem no bloco de liga\u00e7\u00e3o para controlo preciso do volume de ar para motores pneum\u00e1ticos e accionamentos de agitadores - robusta e duradoura.<\/p>","protected":false},"featured_media":15546,"comment_status":"closed","ping_status":"closed","template":"","meta":{"_acf_changed":false},"product_brand":[],"product_cat":[2745],"product_tag":[3089,3090,3091,3092,3093,3094,3095,3096,3087,3088],"class_list":{"0":"post-13886","1":"product","2":"type-product","3":"status-publish","4":"has-post-thumbnail","6":"product_cat-ersatzteile","7":"product_tag-anschlussblock-drosselventil","8":"product_tag-druckluftventil-ptm","9":"product_tag-luftmengenregler-pneumatisch","10":"product_tag-ruehrwerksantrieb-drosselventil","11":"product_tag-regelventil-industrie","12":"product_tag-druckluftsteuerung-antrieb","13":"product_tag-langlebiges-druckluftventil","14":"product_tag-zinkgussventil-pneumatisch","15":"product_tag-drosselventil-zinkguss","16":"product_tag-verchromtes-drosselventil","17":"product_shipping_class-karton-paketversand","18":"pa_anschluss-einbau-auf-anschlussblock","19":"pa_schlauchdurchmesser-6mm","20":"pa_schlauchdurchmesser-8mm","22":"first","23":"instock","24":"taxable","25":"shipping-taxable","26":"purchasable","27":"product-type-simple"},"bundled_by":[],"bundle_stock_status":"instock","bundle_stock_quantity":null,"bundle_virtual":false,"bundle_layout":"","bundle_add_to_cart_form_location":"","bundle_editable_in_cart":false,"bundle_sold_individually_context":"","bundle_item_grouping":"","bundle_min_size":"","bundle_max_size":"","bundle_price":[],"bundled_items":[],"bundle_sell_ids":[],"exclude_global_add_ons":[],"addons":[],"acf":[],"_links":{"self":[{"href":"https:\/\/ptm-mechatronics.com\/pt\/wp-json\/wp\/v2\/product\/13886","targetHints":{"allow":["GET"]}}],"collection":[{"href":"https:\/\/ptm-mechatronics.com\/pt\/wp-json\/wp\/v2\/product"}],"about":[{"href":"https:\/\/ptm-mechatronics.com\/pt\/wp-json\/wp\/v2\/types\/product"}],"replies":[{"embeddable":true,"href":"https:\/\/ptm-mechatronics.com\/pt\/wp-json\/wp\/v2\/comments?post=13886"}],"wp:featuredmedia":[{"embeddable":true,"href":"https:\/\/ptm-mechatronics.com\/pt\/wp-json\/wp\/v2\/media\/15546"}],"wp:attachment":[{"href":"https:\/\/ptm-mechatronics.com\/pt\/wp-json\/wp\/v2\/media?parent=13886"}],"wp:term":[{"taxonomy":"product_brand","embeddable":true,"href":"https:\/\/ptm-mechatronics.com\/pt\/wp-json\/wp\/v2\/product_brand?post=13886"},{"taxonomy":"product_cat","embeddable":true,"href":"https:\/\/ptm-mechatronics.com\/pt\/wp-json\/wp\/v2\/product_cat?post=13886"},{"taxonomy":"product_tag","embeddable":true,"href":"https:\/\/ptm-mechatronics.com\/pt\/wp-json\/wp\/v2\/product_tag?post=13886"}],"curies":[{"name":"wp","href":"https:\/\/api.w.org\/{rel}","templated":true}]}}