{"id":13880,"date":"2025-06-30T09:29:36","date_gmt":"2025-06-30T07:29:36","guid":{"rendered":"https:\/\/ptm-mechatronics.com\/?post_type=product&#038;p=13880"},"modified":"2025-11-07T15:55:05","modified_gmt":"2025-11-07T14:55:05","slug":"drosselventil-standard","status":"publish","type":"product","link":"https:\/\/ptm-mechatronics.com\/pt\/product\/drosselventil-standard\/","title":{"rendered":"V\u00e1lvula do acelerador standard"},"content":{"rendered":"<div id=\"tab-description\" class=\"woocommerce-Tabs-panel woocommerce-Tabs-panel--description panel entry-content active\" role=\"tabpanel\" aria-labelledby=\"tab-title-description\">\n<h2 data-start=\"232\" data-end=\"304\">V\u00e1lvula de estrangulamento para actuadores pneum\u00e1ticos - compacta, precisa, ajust\u00e1vel<\/h2>\n<p data-start=\"306\" data-end=\"732\">A v\u00e1lvula de estrangulamento (v\u00e1lvula de reten\u00e7\u00e3o de estrangulamento, v\u00e1lvula de agulha) permite o controlo fino do volume de ar para motores PTM pneum\u00e1ticos e accionamentos de agitadores. \u00c9 montada diretamente no bloco de liga\u00e7\u00e3o (<span data-teams=\"true\">atrav\u00e9s da rosca R1\/8\u2033)<\/span> e permite um ajuste preciso da velocidade atrav\u00e9s de um fluxo de ar controlado. Isto permite que os accionamentos sejam optimizados de acordo com os respectivos requisitos do processo - quer se trate de processos de mistura sens\u00edveis ou de aplica\u00e7\u00f5es com grande consumo de energia.<\/p>\n<p data-start=\"734\" data-end=\"987\">A v\u00e1lvula \u00e9 compacta, robusta e f\u00e1cil de instalar, ideal para ambientes industriais com elevadas exig\u00eancias de fiabilidade e comportamento de controlo. \u00c9 adequada para utiliza\u00e7\u00e3o permanente em processos automatizados de mistura e acionamento.<\/p>\n<\/div>","protected":false},"excerpt":{"rendered":"<p>V\u00e1lvula de estrangulamento para uma regula\u00e7\u00e3o precisa do volume de ar para motores pneum\u00e1ticos e accionamentos de agitadores - ideal para o ajuste da velocidade no funcionamento industrial.<\/p>","protected":false},"featured_media":15545,"comment_status":"closed","ping_status":"closed","template":"","meta":{"_acf_changed":false},"product_brand":[],"product_cat":[2745],"product_tag":[3075,3076,3077,3078,3079,3080,3081,3082,3083,3084],"class_list":{"0":"post-13880","1":"product","2":"type-product","3":"status-publish","4":"has-post-thumbnail","6":"product_cat-ersatzteile","7":"product_tag-drosselventil-druckluftmotor","8":"product_tag-luftmengenregler-ptm","9":"product_tag-regelventil-pneumatischer-antrieb","10":"product_tag-luftsteuerung-ruehrwerk","11":"product_tag-drehzahlregelung-pneumatik","12":"product_tag-drosselventil-ruehrwerksantrieb","13":"product_tag-druckluftregelventil-ptm","14":"product_tag-pneumatikventil-feinregelbar","15":"product_tag-luftmengenventil-industrie","16":"product_tag-drosselventil-mischtechnik","17":"product_shipping_class-karton-paketversand","18":"pa_anschluss-einbau-auf-anschlussblock","20":"first","21":"instock","22":"taxable","23":"shipping-taxable","24":"purchasable","25":"product-type-variable"},"bundled_by":["6642"],"bundle_stock_status":"instock","bundle_stock_quantity":null,"bundle_virtual":false,"bundle_layout":"","bundle_add_to_cart_form_location":"","bundle_editable_in_cart":false,"bundle_sold_individually_context":"","bundle_item_grouping":"","bundle_min_size":"","bundle_max_size":"","bundle_price":[],"bundled_items":[],"bundle_sell_ids":[],"exclude_global_add_ons":[],"addons":[],"acf":[],"_links":{"self":[{"href":"https:\/\/ptm-mechatronics.com\/pt\/wp-json\/wp\/v2\/product\/13880","targetHints":{"allow":["GET"]}}],"collection":[{"href":"https:\/\/ptm-mechatronics.com\/pt\/wp-json\/wp\/v2\/product"}],"about":[{"href":"https:\/\/ptm-mechatronics.com\/pt\/wp-json\/wp\/v2\/types\/product"}],"replies":[{"embeddable":true,"href":"https:\/\/ptm-mechatronics.com\/pt\/wp-json\/wp\/v2\/comments?post=13880"}],"wp:featuredmedia":[{"embeddable":true,"href":"https:\/\/ptm-mechatronics.com\/pt\/wp-json\/wp\/v2\/media\/15545"}],"wp:attachment":[{"href":"https:\/\/ptm-mechatronics.com\/pt\/wp-json\/wp\/v2\/media?parent=13880"}],"wp:term":[{"taxonomy":"product_brand","embeddable":true,"href":"https:\/\/ptm-mechatronics.com\/pt\/wp-json\/wp\/v2\/product_brand?post=13880"},{"taxonomy":"product_cat","embeddable":true,"href":"https:\/\/ptm-mechatronics.com\/pt\/wp-json\/wp\/v2\/product_cat?post=13880"},{"taxonomy":"product_tag","embeddable":true,"href":"https:\/\/ptm-mechatronics.com\/pt\/wp-json\/wp\/v2\/product_tag?post=13880"}],"curies":[{"name":"wp","href":"https:\/\/api.w.org\/{rel}","templated":true}]}}