{"id":13854,"date":"2025-06-23T12:01:04","date_gmt":"2025-06-23T10:01:04","guid":{"rendered":"https:\/\/ptm-mechatronics.com\/?post_type=product&#038;p=13854"},"modified":"2025-11-07T15:55:05","modified_gmt":"2025-11-07T14:55:05","slug":"frequenzumrichter-und-motorschutzschalter-montiert-auf-motorwinkel","status":"publish","type":"product","link":"https:\/\/ptm-mechatronics.com\/pt\/product\/frequenzumrichter-und-motorschutzschalter-montiert-auf-motorwinkel\/","title":{"rendered":"Inversor de frequ\u00eancia e interrutor de prote\u00e7\u00e3o do motor montados no suporte do motor"},"content":{"rendered":"<div id=\"tab-description\" class=\"woocommerce-Tabs-panel woocommerce-Tabs-panel--description panel entry-content active\" role=\"tabpanel\" aria-labelledby=\"tab-title-description\">\n<h2 data-start=\"240\" data-end=\"337\">Inversor de frequ\u00eancia com interrutor de prote\u00e7\u00e3o do motor integrado - pr\u00e9-montado, seguro, pronto a ligar<\/h2>\n<p data-start=\"339\" data-end=\"671\">Os accionamentos el\u00e9ctricos de agitadores da PTM podem ser controlados e regulados com seguran\u00e7a atrav\u00e9s do conversor de frequ\u00eancia com interrutor de prote\u00e7\u00e3o do motor integrado. O visor integrado mostra os dados de funcionamento, como a velocidade, a frequ\u00eancia, a corrente do motor e outros par\u00e2metros. O acionamento pode ser parametrizado diretamente atrav\u00e9s do menu.<\/p>\n<p data-start=\"673\" data-end=\"1006\">A seguran\u00e7a m\u00e1xima \u00e9 garantida por uma paragem de emerg\u00eancia integrada, que desliga o sistema de acordo com as especifica\u00e7\u00f5es do <a href=\"https:\/\/de.wikipedia.org\/wiki\/Unfallverh%C3%BCtungsvorschriften\" target=\"_blank\" rel=\"noopener\">UVV<\/a> fixado. O conversor de frequ\u00eancia \u00e9 pr\u00e9-montado com um suporte de montagem para uma instala\u00e7\u00e3o f\u00e1cil. O volume de fornecimento inclui ainda um cabo de 3 metros para a liga\u00e7\u00e3o do conversor de frequ\u00eancia ao motor.<\/p>\n<\/div>","protected":false},"excerpt":{"rendered":"<p>Inversor de frequ\u00eancia com interrutor de prote\u00e7\u00e3o do motor integrado, visor, paragem de emerg\u00eancia e cabo de 3 m - pr\u00e9-montado com suporte de montagem para controlo seguro de accionamentos el\u00e9ctricos.<\/p>","protected":false},"featured_media":15542,"comment_status":"open","ping_status":"closed","template":"","meta":{"_acf_changed":false},"product_brand":[],"product_cat":[1421,595],"product_tag":[3072,3073,3074,2854,3066,3067,3068,3069,3070,3071],"class_list":{"0":"post-13854","1":"product","2":"type-product","3":"status-publish","4":"has-post-thumbnail","6":"product_cat-zubehoer-ruehrwerkstechnik","7":"product_cat-ruehrwerkstechnik","8":"product_tag-frequenzumrichter-3m-kabel","9":"product_tag-uvv-konform","10":"product_tag-frequenzumrichter-vormontiert","11":"product_tag-frequenzumrichter-ruehrwerk","12":"product_tag-motorschutzschalter-integriert","13":"product_tag-ptm-frequenzumrichter","14":"product_tag-antriebsregelung-elektrisch","15":"product_tag-not-aus-frequenzumrichter","16":"product_tag-frequenzumrichter-display","17":"product_tag-ruehrwerksantrieb-steuern","18":"product_shipping_class-karton-paketversand","19":"pa_montage-motorwinkel","21":"first","22":"instock","23":"taxable","24":"shipping-taxable","25":"purchasable","26":"product-type-variable"},"bundled_by":[],"bundle_stock_status":"instock","bundle_stock_quantity":null,"bundle_virtual":false,"bundle_layout":"","bundle_add_to_cart_form_location":"","bundle_editable_in_cart":false,"bundle_sold_individually_context":"","bundle_item_grouping":"","bundle_min_size":"","bundle_max_size":"","bundle_price":[],"bundled_items":[],"bundle_sell_ids":[],"exclude_global_add_ons":[],"addons":[],"acf":[],"_links":{"self":[{"href":"https:\/\/ptm-mechatronics.com\/pt\/wp-json\/wp\/v2\/product\/13854","targetHints":{"allow":["GET"]}}],"collection":[{"href":"https:\/\/ptm-mechatronics.com\/pt\/wp-json\/wp\/v2\/product"}],"about":[{"href":"https:\/\/ptm-mechatronics.com\/pt\/wp-json\/wp\/v2\/types\/product"}],"replies":[{"embeddable":true,"href":"https:\/\/ptm-mechatronics.com\/pt\/wp-json\/wp\/v2\/comments?post=13854"}],"wp:featuredmedia":[{"embeddable":true,"href":"https:\/\/ptm-mechatronics.com\/pt\/wp-json\/wp\/v2\/media\/15542"}],"wp:attachment":[{"href":"https:\/\/ptm-mechatronics.com\/pt\/wp-json\/wp\/v2\/media?parent=13854"}],"wp:term":[{"taxonomy":"product_brand","embeddable":true,"href":"https:\/\/ptm-mechatronics.com\/pt\/wp-json\/wp\/v2\/product_brand?post=13854"},{"taxonomy":"product_cat","embeddable":true,"href":"https:\/\/ptm-mechatronics.com\/pt\/wp-json\/wp\/v2\/product_cat?post=13854"},{"taxonomy":"product_tag","embeddable":true,"href":"https:\/\/ptm-mechatronics.com\/pt\/wp-json\/wp\/v2\/product_tag?post=13854"}],"curies":[{"name":"wp","href":"https:\/\/api.w.org\/{rel}","templated":true}]}}