{"id":13740,"date":"2025-05-27T11:00:30","date_gmt":"2025-05-27T09:00:30","guid":{"rendered":"https:\/\/ptm-mechatronics.com\/?post_type=product&#038;p=13740"},"modified":"2025-11-07T15:54:49","modified_gmt":"2025-11-07T14:54:49","slug":"hdpe-ruehrorgan-fuer-container","status":"publish","type":"product","link":"https:\/\/ptm-mechatronics.com\/pt\/product\/hdpe-ruehrorgan-fuer-container\/","title":{"rendered":"Agitador de pl\u00e1stico HDPE 450mm, articulado"},"content":{"rendered":"<h1 data-start=\"215\" data-end=\"309\"><span style=\"font-size: 75%;\">Agitador articulado HDPE \u00d8450 mm para IBCs - leve, resistente a produtos qu\u00edmicos, inteligentemente concebido<\/span><\/h1>\n<p data-start=\"311\" data-end=\"767\">O disco agitador articulado HDPE \u00d8450 mm foi especialmente desenvolvido para utiliza\u00e7\u00e3o em contentores IBC com aberturas a partir de DN160 e oferece uma solu\u00e7\u00e3o eficiente e segura para agitar uma vasta gama de meios - desde l\u00edquidos de baixa viscosidade a subst\u00e2ncias mais espessas. O disco agitador \u00e9 feito de HDPE resistente a produtos qu\u00edmicos (por exemplo, cloro) e impressiona pelo seu baixo peso e elevada resist\u00eancia a subst\u00e2ncias agressivas.<\/p>\n<p data-start=\"769\" data-end=\"1189\">O agitador articulado \u00e9 montado num eixo oco de pl\u00e1stico com um eixo interno de a\u00e7o inoxid\u00e1vel e tem uma fixa\u00e7\u00e3o M16 para uma liga\u00e7\u00e3o segura e est\u00e1vel ao sistema de acionamento. Gra\u00e7as ao mecanismo articulado, o agitador pode ser facilmente inserido atrav\u00e9s da abertura do IBC (a partir de DN160) e desdobra-se automaticamente at\u00e9 ao seu di\u00e2metro total quando rodado - sem qualquer interven\u00e7\u00e3o manual.<\/p>\n<p data-start=\"1191\" data-end=\"1371\">Este design sofisticado garante um manuseamento que poupa espa\u00e7o, uma r\u00e1pida prepara\u00e7\u00e3o para utiliza\u00e7\u00e3o e um resultado de mistura homog\u00e9neo com o m\u00ednimo esfor\u00e7o.<\/p>","protected":false},"excerpt":{"rendered":"<p>Agitador articulado em PEAD \u00d8450 mm com fixa\u00e7\u00e3o M16 e veio interno em a\u00e7o inoxid\u00e1vel para aberturas de IBC a partir de DN160, desdobra-se automaticamente ao rodar - ideal para uma agita\u00e7\u00e3o eficiente e resistente a produtos qu\u00edmicos em contentores IBC.<\/p>","protected":false},"featured_media":15538,"comment_status":"closed","ping_status":"closed","template":"","meta":{"_acf_changed":false},"product_brand":[],"product_cat":[1421,631],"product_tag":[2990,2991,2992,2993,2983,2994,2984,2985,2986,2987,2988,2989],"class_list":{"0":"post-13740","1":"product","2":"type-product","3":"status-publish","4":"has-post-thumbnail","6":"product_cat-zubehoer-ruehrwerkstechnik","7":"product_cat-ruehrorgane","8":"product_tag-ruehrorgan-mit-m16-befestigung","9":"product_tag-kunststoff-hohlwelle","10":"product_tag-ruehrorgan-fuer-ibc-behaelter","11":"product_tag-kunststoff-ruehrorgan","12":"product_tag-hdpe-ruehrorgan","13":"product_tag-ruehrorgan-chlorbestaendig","14":"product_tag-klappruehrorgan-ibc","15":"product_tag-ruehrscheibe-dn160","16":"product_tag-ruehrorgan-o450-mm","17":"product_tag-hdpe-ruehrfluegel","18":"product_tag-ruehrwerk-ibc-container","19":"product_tag-chemikalienbestaendiges-ruehrorgan","20":"product_shipping_class-karton-paketversand","21":"pa_durchmesser-450mm","22":"pa_material-hdpe","23":"pa_oeffnung-dn160-und-dn225","25":"first","26":"instock","27":"taxable","28":"shipping-taxable","29":"purchasable","30":"product-type-simple"},"bundled_by":[],"bundle_stock_status":"instock","bundle_stock_quantity":null,"bundle_virtual":false,"bundle_layout":"","bundle_add_to_cart_form_location":"","bundle_editable_in_cart":false,"bundle_sold_individually_context":"","bundle_item_grouping":"","bundle_min_size":"","bundle_max_size":"","bundle_price":[],"bundled_items":[],"bundle_sell_ids":[],"exclude_global_add_ons":[],"addons":[],"acf":[],"_links":{"self":[{"href":"https:\/\/ptm-mechatronics.com\/pt\/wp-json\/wp\/v2\/product\/13740","targetHints":{"allow":["GET"]}}],"collection":[{"href":"https:\/\/ptm-mechatronics.com\/pt\/wp-json\/wp\/v2\/product"}],"about":[{"href":"https:\/\/ptm-mechatronics.com\/pt\/wp-json\/wp\/v2\/types\/product"}],"replies":[{"embeddable":true,"href":"https:\/\/ptm-mechatronics.com\/pt\/wp-json\/wp\/v2\/comments?post=13740"}],"wp:featuredmedia":[{"embeddable":true,"href":"https:\/\/ptm-mechatronics.com\/pt\/wp-json\/wp\/v2\/media\/15538"}],"wp:attachment":[{"href":"https:\/\/ptm-mechatronics.com\/pt\/wp-json\/wp\/v2\/media?parent=13740"}],"wp:term":[{"taxonomy":"product_brand","embeddable":true,"href":"https:\/\/ptm-mechatronics.com\/pt\/wp-json\/wp\/v2\/product_brand?post=13740"},{"taxonomy":"product_cat","embeddable":true,"href":"https:\/\/ptm-mechatronics.com\/pt\/wp-json\/wp\/v2\/product_cat?post=13740"},{"taxonomy":"product_tag","embeddable":true,"href":"https:\/\/ptm-mechatronics.com\/pt\/wp-json\/wp\/v2\/product_tag?post=13740"}],"curies":[{"name":"wp","href":"https:\/\/api.w.org\/{rel}","templated":true}]}}