{"id":13500,"date":"2025-05-06T12:17:56","date_gmt":"2025-05-06T10:17:56","guid":{"rendered":"https:\/\/ptm-mechatronics.com\/?post_type=product&#038;p=13500"},"modified":"2026-05-04T10:56:19","modified_gmt":"2026-05-04T08:56:19","slug":"elektr-ruehrwerksantrieb-mit-schnellwechselsystem","status":"publish","type":"product","link":"https:\/\/ptm-mechatronics.com\/pt\/product\/elektr-ruehrwerksantrieb-mit-schnellwechselsystem\/","title":{"rendered":"Acionamento el\u00e9trico do agitador com sistema de troca r\u00e1pida"},"content":{"rendered":"<p data-start=\"207\" data-end=\"291\"><span class=\"_fadeIn_pfttw_8\">El\u00e9trico <\/span><span class=\"_fadeIn_pfttw_8\">Accionamentos do agitador - <\/span><span class=\"_fadeIn_pfttw_8\">poderoso, <\/span><span class=\"_fadeIn_pfttw_8\">Duradouro <\/span><span class=\"_fadeIn_pfttw_8\">e <\/span><span class=\"_fadeIn_pfttw_8\">Flex\u00edvel <\/span><span class=\"_fadeIn_pfttw_8\">control\u00e1vel<\/span><\/p>\n<p data-start=\"293\" data-end=\"625\"><span class=\"_fadeIn_pfttw_8\">O nosso <\/span><span class=\"_fadeIn_pfttw_8\">el\u00e9trico <\/span><span class=\"_fadeIn_pfttw_8\">Accionamentos do agitador<\/span> <span class=\"_fadeIn_pfttw_8\">convencer <\/span><span class=\"_fadeIn_pfttw_8\">atrav\u00e9s de <\/span><span class=\"_fadeIn_pfttw_8\">elevado <\/span><span class=\"_fadeIn_pfttw_8\">Desempenho<\/span><span class=\"_fadeIn_pfttw_8\">, <\/span><span class=\"_fadeIn_pfttw_8\">Robustez<\/span> <span class=\"_fadeIn_pfttw_8\">e <\/span><span class=\"_fadeIn_pfttw_8\">um <\/span><span class=\"_fadeIn_pfttw_8\">longo <\/span><span class=\"_fadeIn_pfttw_8\">Vida \u00fatil<\/span><span class=\"_fadeIn_pfttw_8\">, <\/span><span class=\"_fadeIn_pfttw_8\">o que <\/span><span class=\"_fadeIn_pfttw_8\">eles <\/span><span class=\"_fadeIn_pfttw_8\">ideal <\/span><span class=\"_fadeIn_pfttw_8\">para <\/span><span class=\"_fadeIn_pfttw_8\">o <\/span><span class=\"_fadeIn_pfttw_8\">industrial <\/span><span class=\"_fadeIn_pfttw_8\">Funcionamento cont\u00ednuo<\/span> <span class=\"_fadeIn_pfttw_8\">faz - <\/span><span class=\"_fadeIn_pfttw_8\">tamb\u00e9m <\/span><span class=\"_fadeIn_pfttw_8\">sob <\/span><span class=\"_fadeIn_pfttw_8\">exigente <\/span><span class=\"_fadeIn_pfttw_8\">Condi\u00e7\u00f5es. <\/span><span class=\"_fadeIn_pfttw_8\">Voc\u00ea <\/span><span class=\"_fadeIn_pfttw_8\">s\u00e3o <\/span><span class=\"_fadeIn_pfttw_8\">Vers\u00e1til <\/span><span class=\"_fadeIn_pfttw_8\">aplic\u00e1vel <\/span><span class=\"_fadeIn_pfttw_8\">em <\/span><span class=\"_fadeIn_pfttw_8\">\u00c1reas <\/span><span class=\"_fadeIn_pfttw_8\">como <\/span><span class=\"_fadeIn_pfttw_8\">Qu\u00edmica, <\/span><span class=\"_fadeIn_pfttw_8\">Produtos farmac\u00eauticos, <\/span><span class=\"_fadeIn_pfttw_8\">Alimenta\u00e7\u00e3o <\/span><span class=\"_fadeIn_pfttw_8\">e <\/span><span class=\"_fadeIn_pfttw_8\">Engenharia de processos<\/span><span class=\"_fadeIn_pfttw_8\">.<\/span><\/p>\n<p data-start=\"627\" data-end=\"909\"><span class=\"_fadeIn_pfttw_8\">Em <\/span><span class=\"_fadeIn_pfttw_8\">Combina\u00e7\u00e3o <\/span><span class=\"_fadeIn_pfttw_8\">com <\/span><span class=\"_fadeIn_pfttw_8\">um <\/span><span class=\"_fadeIn_pfttw_8\">separadamente <\/span><span class=\"_fadeIn_pfttw_8\">dispon\u00edvel <\/span><span class=\"_fadeIn_pfttw_8\">Inversor de frequ\u00eancia<\/span> <span class=\"_fadeIn_pfttw_8\">sair <\/span><span class=\"_fadeIn_pfttw_8\">em si <\/span><span class=\"_fadeIn_pfttw_8\">a <\/span><span class=\"_fadeIn_pfttw_8\">Condu\u00e7\u00f5es <\/span><span class=\"_fadeIn_pfttw_8\">exato <\/span><span class=\"_fadeIn_pfttw_8\">regular, <\/span><span class=\"_fadeIn_pfttw_8\">limite <\/span><span class=\"_fadeIn_pfttw_8\">e <\/span><span class=\"_fadeIn_pfttw_8\">Ler mais<\/span><span class=\"_fadeIn_pfttw_8\">. <\/span><span class=\"_fadeIn_pfttw_8\">Assim <\/span><span class=\"_fadeIn_pfttw_8\">pode <\/span><span class=\"_fadeIn_pfttw_8\">Velocidade <\/span><span class=\"_fadeIn_pfttw_8\">e <\/span><span class=\"_fadeIn_pfttw_8\">Desempenho <\/span><span class=\"_fadeIn_pfttw_8\">individual <\/span><span class=\"_fadeIn_pfttw_8\">sobre <\/span><span class=\"_fadeIn_pfttw_8\">o <\/span><span class=\"_fadeIn_pfttw_8\">respetivo <\/span><span class=\"_fadeIn_pfttw_8\">Processo <\/span><span class=\"_fadeIn_pfttw_8\">personalizado <\/span><span class=\"_fadeIn_pfttw_8\">tornar-se - <\/span><span class=\"_fadeIn_pfttw_8\">todo <\/span><span class=\"_fadeIn_pfttw_8\">sem <\/span><span class=\"_fadeIn_pfttw_8\">elaborado <\/span><span class=\"_fadeIn_pfttw_8\">Integra\u00e7\u00e3o tecnol\u00f3gica <\/span><span class=\"_fadeIn_pfttw_8\">no <\/span><span class=\"_fadeIn_pfttw_8\">Motor <\/span><span class=\"_fadeIn_pfttw_8\">pr\u00f3prio.<\/span><\/p>\n<p data-start=\"627\" data-end=\"909\">Com o sistema integrado <a href=\"https:\/\/youtu.be\/TjagGW4DoyA?si=lXRZJ308ABPXrtLk\" target=\"_blank\" rel=\"noopener\">Sistema de troca r\u00e1pida eco-Quick<\/a> \u00e9 poss\u00edvel substituir os veios do agitador em segundos, sem ferramentas adicionais.<\/p>\n<p data-start=\"911\" data-end=\"942\"><span class=\"_fadeIn_pfttw_8\">Vantagens <\/span><span class=\"_fadeIn_pfttw_8\">sobre <\/span><span class=\"_fadeIn_pfttw_8\">um <\/span><span class=\"_fadeIn_pfttw_8\">Ver:<\/span><\/p>\n<ul>\n<li data-start=\"945\" data-end=\"994\"><span class=\"_fadeIn_pfttw_8\">Mais potente, <\/span><span class=\"_fadeIn_pfttw_8\">el\u00e9trico <\/span><span class=\"_fadeIn_pfttw_8\">Acionamento do agitador<\/span><\/li>\n<li data-start=\"945\" data-end=\"994\"><span class=\"_fadeIn_pfttw_8\">Especialmente <\/span><span class=\"_fadeIn_pfttw_8\">Duradouro <\/span><span class=\"_fadeIn_pfttw_8\">e <\/span><span class=\"_fadeIn_pfttw_8\">robusto<\/span><\/li>\n<li data-start=\"945\" data-end=\"994\"><span class=\"_fadeIn_pfttw_8\">Ideal <\/span><span class=\"_fadeIn_pfttw_8\">para <\/span><span class=\"_fadeIn_pfttw_8\">o <\/span><span class=\"_fadeIn_pfttw_8\">Funcionamento cont\u00ednuo<\/span><\/li>\n<li data-start=\"945\" data-end=\"994\"><span class=\"_fadeIn_pfttw_8\">Compat\u00edvel <\/span><span class=\"_fadeIn_pfttw_8\">com <\/span><span class=\"_fadeIn_pfttw_8\">externo <\/span><span class=\"_fadeIn_pfttw_8\">Inversores de frequ\u00eancia<\/span><\/li>\n<li data-start=\"945\" data-end=\"994\"><span class=\"_fadeIn_pfttw_8\">Simples <\/span><span class=\"_fadeIn_pfttw_8\">Regulamento <\/span><span class=\"_fadeIn_pfttw_8\">e <\/span><span class=\"_fadeIn_pfttw_8\">Controlo (<\/span><span class=\"_fadeIn_pfttw_8\">facultativo)<\/span><\/li>\n<li data-start=\"945\" data-end=\"994\"><span class=\"_fadeIn_pfttw_8\">Flex\u00edvel <\/span><span class=\"_fadeIn_pfttw_8\">aplic\u00e1vel <\/span><span class=\"_fadeIn_pfttw_8\">em <\/span><span class=\"_fadeIn_pfttw_8\">Ambientes industriais<\/span><\/li>\n<li data-start=\"945\" data-end=\"994\">Sistema de troca r\u00e1pida dos veios do agitador eco-Quick<\/li>\n<\/ul>","protected":false},"excerpt":{"rendered":"<p><span class=\"_fadeIn_pfttw_8\">L<\/span><span class=\"_fadeIn_pfttw_8\">angular, <\/span><span class=\"_fadeIn_pfttw_8\">el\u00e9trico <\/span><span class=\"_fadeIn_pfttw_8\">Accionamentos do agitador com <\/span><span class=\"_fadeIn_pfttw_8\">elevado <\/span><span class=\"_fadeIn_pfttw_8\">Capacidade de desempenho <\/span><span class=\"_fadeIn_pfttw_8\">e <\/span><span class=\"_fadeIn_pfttw_8\">Robustez, <\/span><span class=\"_fadeIn_pfttw_8\">via externa <\/span><span class=\"_fadeIn_pfttw_8\">Inversor de frequ\u00eancia <\/span><span class=\"_fadeIn_pfttw_8\">simples <\/span><span class=\"_fadeIn_pfttw_8\">regra-, <\/span><span class=\"_fadeIn_pfttw_8\">fiscal <\/span><span class=\"_fadeIn_pfttw_8\">e <\/span><span class=\"_fadeIn_pfttw_8\">leg\u00edvel - <\/span><span class=\"_fadeIn_pfttw_8\">ideal <\/span><span class=\"_fadeIn_pfttw_8\">para <\/span><span class=\"_fadeIn_pfttw_8\">o <\/span><span class=\"_fadeIn_pfttw_8\">industrial <\/span><span class=\"_fadeIn_pfttw_8\">Funcionamento cont\u00ednuo.<\/span><\/p>","protected":false},"featured_media":15419,"comment_status":"open","ping_status":"closed","template":"","meta":{"_acf_changed":false},"product_brand":[],"product_cat":[595,632],"product_tag":[2858,2859,2860,2624,2852,2853,2854,2855,2856,2857],"class_list":{"0":"post-13500","1":"product","2":"type-product","3":"status-publish","4":"has-post-thumbnail","6":"product_cat-ruehrwerkstechnik","7":"product_cat-ruehrwerksantriebe","8":"product_tag-antriebstechnik-ruehrwerk","9":"product_tag-ruehrantrieb-steuern","10":"product_tag-elektrischer-antrieb-industrie","11":"product_tag-industrieller-ruehrwerksantrieb","12":"product_tag-elektrischer-ruehrwerksantrieb","13":"product_tag-ruehrwerksmotor-elektrisch","14":"product_tag-frequenzumrichter-ruehrwerk","15":"product_tag-regelbarer-ruehrantrieb","16":"product_tag-robuster-ruehrmotor","17":"product_tag-langlebiger-ruehrmotor","18":"product_shipping_class-karton-paketversand","19":"pa_antriebsart-elektrisch","20":"pa_model-e-drive","21":"pa_motor-spannung-230-400v","22":"pa_nabe-schnellwechselsystem","23":"pa_schaltart-dreieck-stern","25":"first","26":"instock","27":"taxable","28":"shipping-taxable","29":"purchasable","30":"product-type-variable"},"bundled_by":[],"bundle_stock_status":"instock","bundle_stock_quantity":null,"bundle_virtual":false,"bundle_layout":"","bundle_add_to_cart_form_location":"","bundle_editable_in_cart":false,"bundle_sold_individually_context":"","bundle_item_grouping":"","bundle_min_size":"","bundle_max_size":"","bundle_price":[],"bundled_items":[],"bundle_sell_ids":[],"exclude_global_add_ons":[],"addons":[],"acf":[],"_links":{"self":[{"href":"https:\/\/ptm-mechatronics.com\/pt\/wp-json\/wp\/v2\/product\/13500","targetHints":{"allow":["GET"]}}],"collection":[{"href":"https:\/\/ptm-mechatronics.com\/pt\/wp-json\/wp\/v2\/product"}],"about":[{"href":"https:\/\/ptm-mechatronics.com\/pt\/wp-json\/wp\/v2\/types\/product"}],"replies":[{"embeddable":true,"href":"https:\/\/ptm-mechatronics.com\/pt\/wp-json\/wp\/v2\/comments?post=13500"}],"wp:featuredmedia":[{"embeddable":true,"href":"https:\/\/ptm-mechatronics.com\/pt\/wp-json\/wp\/v2\/media\/15419"}],"wp:attachment":[{"href":"https:\/\/ptm-mechatronics.com\/pt\/wp-json\/wp\/v2\/media?parent=13500"}],"wp:term":[{"taxonomy":"product_brand","embeddable":true,"href":"https:\/\/ptm-mechatronics.com\/pt\/wp-json\/wp\/v2\/product_brand?post=13500"},{"taxonomy":"product_cat","embeddable":true,"href":"https:\/\/ptm-mechatronics.com\/pt\/wp-json\/wp\/v2\/product_cat?post=13500"},{"taxonomy":"product_tag","embeddable":true,"href":"https:\/\/ptm-mechatronics.com\/pt\/wp-json\/wp\/v2\/product_tag?post=13500"}],"curies":[{"name":"wp","href":"https:\/\/api.w.org\/{rel}","templated":true}]}}