{"id":13435,"date":"2025-04-07T09:56:22","date_gmt":"2025-04-07T07:56:22","guid":{"rendered":"https:\/\/ptm-mechatronics.com\/?post_type=product&#038;p=13435"},"modified":"2025-11-07T15:54:40","modified_gmt":"2025-11-07T14:54:40","slug":"wellendichtring-ptfe-fda-weiss","status":"publish","type":"product","link":"https:\/\/ptm-mechatronics.com\/pt\/product\/wellendichtring-ptfe-fda-weiss\/","title":{"rendered":"Vedante de \u00f3leo PTFE FDA branco"},"content":{"rendered":"<p class=\"\" data-start=\"187\" data-end=\"307\">Anel de veda\u00e7\u00e3o do veio em PTFE branco (em conformidade com a FDA) para motores pneum\u00e1ticos PTM - solu\u00e7\u00e3o de veda\u00e7\u00e3o higi\u00e9nica para as mais elevadas exig\u00eancias<\/p>\n<p class=\"\" data-start=\"309\" data-end=\"733\">A veda\u00e7\u00e3o do veio em PTFE branco (conforme FDA) cumpre os mais elevados requisitos de higiene, resist\u00eancia qu\u00edmica e estabilidade t\u00e9rmica. O material PTFE utilizado \u00e9 aprovado de acordo com as diretrizes da FDA e \u00e9, por isso, ideal para aplica\u00e7\u00f5es nas ind\u00fastrias alimentar, cosm\u00e9tica e farmac\u00eautica.<\/p>\n<p class=\"\" data-start=\"735\" data-end=\"1054\">Gra\u00e7as \u00e0 sua superf\u00edcie de baixo atrito e resistente ao desgaste e \u00e0 excelente resist\u00eancia a meios agressivos, agentes de limpeza e temperaturas elevadas, o anel de veda\u00e7\u00e3o \u00e9 ideal para utiliza\u00e7\u00e3o em processos sens\u00edveis do ponto de vista higi\u00e9nico - quer para manuten\u00e7\u00e3o preventiva, quer como pe\u00e7a de substitui\u00e7\u00e3o duradoura.<\/p>\n<p class=\"\" data-start=\"1056\" data-end=\"1087\">Vantagens num piscar de olhos:<\/p>\n<ul>\n<li data-start=\"1090\" data-end=\"1124\">Adequado para motores pneum\u00e1ticos PTM<\/li>\n<li data-start=\"1090\" data-end=\"1124\">PTFE branco, em conformidade com a FDA<\/li>\n<li data-start=\"1090\" data-end=\"1124\">Seguro para alimentos e higi\u00e9nico<\/li>\n<li data-start=\"1090\" data-end=\"1124\">Resistente a produtos qu\u00edmicos e \u00e0 temperatura<\/li>\n<li data-start=\"1090\" data-end=\"1124\">Baixa fric\u00e7\u00e3o e resistente ao desgaste<\/li>\n<li data-start=\"1090\" data-end=\"1124\">Ideal para aplica\u00e7\u00f5es cr\u00edticas em termos de higiene<\/li>\n<li data-start=\"1090\" data-end=\"1124\">F\u00e1cil de manter e dur\u00e1vel<\/li>\n<\/ul>","protected":false},"excerpt":{"rendered":"<p>Selo higi\u00e9nico, qu\u00edmico e resistente \u00e0 temperatura, ideal para utiliza\u00e7\u00e3o nas ind\u00fastrias alimentar, farmac\u00eautica e cosm\u00e9tica.<\/p>","protected":false},"featured_media":15374,"comment_status":"open","ping_status":"closed","template":"","meta":{"_acf_changed":false},"product_brand":[],"product_cat":[2745],"product_tag":[2807,2808,2809,2810,2811,2812,2813,2790,2805,2806],"class_list":{"0":"post-13435","1":"product","2":"type-product","3":"status-publish","4":"has-post-thumbnail","6":"product_cat-ersatzteile","7":"product_tag-ptfe-dichtungsring-lebensmittel","8":"product_tag-hygienedichtung-druckluftmotor","9":"product_tag-ruehrwerksantrieb-fda-konform","10":"product_tag-wellendichtring-pharmaindustrie","11":"product_tag-ptfe-weiss-dichtung","12":"product_tag-fda-konforme-ruehrwerksdichtung","13":"product_tag-lebensmitteltechnik-dichtungsring","14":"product_tag-ptm-ersatzteile-kaufen","15":"product_tag-ptfe-wellendichtring-weiss","16":"product_tag-fda-dichtung-ptm","17":"product_shipping_class-karton-paketversand","19":"first","20":"instock","21":"taxable","22":"shipping-taxable","23":"purchasable","24":"product-type-variable"},"bundled_by":[],"bundle_stock_status":"instock","bundle_stock_quantity":null,"bundle_virtual":false,"bundle_layout":"","bundle_add_to_cart_form_location":"","bundle_editable_in_cart":false,"bundle_sold_individually_context":"","bundle_item_grouping":"","bundle_min_size":"","bundle_max_size":"","bundle_price":[],"bundled_items":[],"bundle_sell_ids":[],"exclude_global_add_ons":[],"addons":[],"acf":[],"_links":{"self":[{"href":"https:\/\/ptm-mechatronics.com\/pt\/wp-json\/wp\/v2\/product\/13435","targetHints":{"allow":["GET"]}}],"collection":[{"href":"https:\/\/ptm-mechatronics.com\/pt\/wp-json\/wp\/v2\/product"}],"about":[{"href":"https:\/\/ptm-mechatronics.com\/pt\/wp-json\/wp\/v2\/types\/product"}],"replies":[{"embeddable":true,"href":"https:\/\/ptm-mechatronics.com\/pt\/wp-json\/wp\/v2\/comments?post=13435"}],"wp:featuredmedia":[{"embeddable":true,"href":"https:\/\/ptm-mechatronics.com\/pt\/wp-json\/wp\/v2\/media\/15374"}],"wp:attachment":[{"href":"https:\/\/ptm-mechatronics.com\/pt\/wp-json\/wp\/v2\/media?parent=13435"}],"wp:term":[{"taxonomy":"product_brand","embeddable":true,"href":"https:\/\/ptm-mechatronics.com\/pt\/wp-json\/wp\/v2\/product_brand?post=13435"},{"taxonomy":"product_cat","embeddable":true,"href":"https:\/\/ptm-mechatronics.com\/pt\/wp-json\/wp\/v2\/product_cat?post=13435"},{"taxonomy":"product_tag","embeddable":true,"href":"https:\/\/ptm-mechatronics.com\/pt\/wp-json\/wp\/v2\/product_tag?post=13435"}],"curies":[{"name":"wp","href":"https:\/\/api.w.org\/{rel}","templated":true}]}}