{"id":13432,"date":"2025-04-07T09:42:20","date_gmt":"2025-04-07T07:42:20","guid":{"rendered":"https:\/\/ptm-mechatronics.com\/?post_type=product&#038;p=13432"},"modified":"2025-11-07T15:54:40","modified_gmt":"2025-11-07T14:54:40","slug":"wellendichtring-ptfe-schwarz","status":"publish","type":"product","link":"https:\/\/ptm-mechatronics.com\/pt\/product\/wellendichtring-ptfe-schwarz\/","title":{"rendered":"Veda\u00e7\u00e3o do veio PTFE preto"},"content":{"rendered":"<p class=\"\" data-start=\"184\" data-end=\"311\">Vedante de \u00f3leo PTFE\/EPDM preto para motores pneum\u00e1ticos PTM - vedante vers\u00e1til de alto desempenho para aplica\u00e7\u00f5es industriais<\/p>\n<p class=\"\" data-start=\"313\" data-end=\"784\">O vedante de \u00f3leo PTFE\/EPDM preto oferece uma excelente combina\u00e7\u00e3o de resist\u00eancia qu\u00edmica, resist\u00eancia t\u00e9rmica e resili\u00eancia mec\u00e2nica. A combina\u00e7\u00e3o de PTFE (politetrafluoroetileno) e EPDM (borracha de etileno-propileno-dieno) assegura uma veda\u00e7\u00e3o de baixa fric\u00e7\u00e3o e de longa dura\u00e7\u00e3o, mesmo em condi\u00e7\u00f5es de funcionamento exigentes.<\/p>\n<p class=\"\" data-start=\"786\" data-end=\"1104\">Gra\u00e7as \u00e0 sua elevada resist\u00eancia a \u00f3leos, produtos qu\u00edmicos, vapores e agentes de limpeza, esta veda\u00e7\u00e3o do veio \u00e9 ideal para utiliza\u00e7\u00e3o nas ind\u00fastrias alimentar, qu\u00edmica, farmac\u00eautica e de engenharia de processos. Perfeita para manuten\u00e7\u00e3o preventiva ou como pe\u00e7a de substitui\u00e7\u00e3o para garantir um funcionamento sem problemas.<\/p>\n<p class=\"\" data-start=\"1106\" data-end=\"1137\">Vantagens num piscar de olhos:<\/p>\n<ul>\n<li data-start=\"1140\" data-end=\"1187\">Adequado para motores e accionamentos pneum\u00e1ticos PTM<\/li>\n<li data-start=\"1140\" data-end=\"1187\">Combina\u00e7\u00e3o PTFE\/EPDM de alta qualidade<\/li>\n<li data-start=\"1140\" data-end=\"1187\">Resistente a produtos qu\u00edmicos, \u00e1gua e vapor<\/li>\n<li data-start=\"1140\" data-end=\"1187\">Toler\u00e2ncia a altas temperaturas<\/li>\n<li data-start=\"1140\" data-end=\"1187\">Baixa fric\u00e7\u00e3o e resistente ao desgaste<\/li>\n<li data-start=\"1140\" data-end=\"1187\">Para processos exigentes do ponto de vista higi\u00e9nico<\/li>\n<li data-start=\"1140\" data-end=\"1187\">F\u00e1cil de manter e dur\u00e1vel<\/li>\n<\/ul>","protected":false},"excerpt":{"rendered":"<p>Vedante dur\u00e1vel e de baixa fric\u00e7\u00e3o com elevada resist\u00eancia a produtos qu\u00edmicos, vapor e temperaturas - ideal para aplica\u00e7\u00f5es de manuten\u00e7\u00e3o industrial e higiene.<\/p>","protected":false},"featured_media":15373,"comment_status":"open","ping_status":"closed","template":"","meta":{"_acf_changed":false},"product_brand":[],"product_cat":[2745],"product_tag":[2804,2780,2789,2797,2798,2799,2800,2801,2802,2803],"class_list":{"0":"post-13432","1":"product","2":"type-product","3":"status-publish","4":"has-post-thumbnail","6":"product_cat-ersatzteile","7":"product_tag-chemikalienbestaendige-dichtung","8":"product_tag-ptm-ersatzteil-kaufen","9":"product_tag-ruehrwerksantrieb-dichtung","10":"product_tag-ptfe-epdm-wellendichtring","11":"product_tag-wellendichtung-schwarz-ptm","12":"product_tag-dichtung-druckluftmotor-ptm","13":"product_tag-industrie-wellendichtring-ptfe","14":"product_tag-epdm-dichtung-ruehrwerk","15":"product_tag-hygienedichtung-antriebstechnik","16":"product_tag-langlebige-wellendichtung","17":"product_shipping_class-karton-paketversand","19":"first","20":"instock","21":"taxable","22":"shipping-taxable","23":"purchasable","24":"product-type-variable"},"bundled_by":[],"bundle_stock_status":"instock","bundle_stock_quantity":null,"bundle_virtual":false,"bundle_layout":"","bundle_add_to_cart_form_location":"","bundle_editable_in_cart":false,"bundle_sold_individually_context":"","bundle_item_grouping":"","bundle_min_size":"","bundle_max_size":"","bundle_price":[],"bundled_items":[],"bundle_sell_ids":[],"exclude_global_add_ons":[],"addons":[],"acf":[],"_links":{"self":[{"href":"https:\/\/ptm-mechatronics.com\/pt\/wp-json\/wp\/v2\/product\/13432","targetHints":{"allow":["GET"]}}],"collection":[{"href":"https:\/\/ptm-mechatronics.com\/pt\/wp-json\/wp\/v2\/product"}],"about":[{"href":"https:\/\/ptm-mechatronics.com\/pt\/wp-json\/wp\/v2\/types\/product"}],"replies":[{"embeddable":true,"href":"https:\/\/ptm-mechatronics.com\/pt\/wp-json\/wp\/v2\/comments?post=13432"}],"wp:featuredmedia":[{"embeddable":true,"href":"https:\/\/ptm-mechatronics.com\/pt\/wp-json\/wp\/v2\/media\/15373"}],"wp:attachment":[{"href":"https:\/\/ptm-mechatronics.com\/pt\/wp-json\/wp\/v2\/media?parent=13432"}],"wp:term":[{"taxonomy":"product_brand","embeddable":true,"href":"https:\/\/ptm-mechatronics.com\/pt\/wp-json\/wp\/v2\/product_brand?post=13432"},{"taxonomy":"product_cat","embeddable":true,"href":"https:\/\/ptm-mechatronics.com\/pt\/wp-json\/wp\/v2\/product_cat?post=13432"},{"taxonomy":"product_tag","embeddable":true,"href":"https:\/\/ptm-mechatronics.com\/pt\/wp-json\/wp\/v2\/product_tag?post=13432"}],"curies":[{"name":"wp","href":"https:\/\/api.w.org\/{rel}","templated":true}]}}