{"id":13424,"date":"2025-04-04T09:51:39","date_gmt":"2025-04-04T07:51:39","guid":{"rendered":"https:\/\/ptm-mechatronics.com\/?post_type=product&#038;p=13424"},"modified":"2025-11-07T15:54:39","modified_gmt":"2025-11-07T14:54:39","slug":"wellendichtring-nbr","status":"publish","type":"product","link":"https:\/\/ptm-mechatronics.com\/pt\/product\/wellendichtring-nbr\/","title":{"rendered":"Veda\u00e7\u00e3o do veio NBR"},"content":{"rendered":"<p class=\"\" data-start=\"208\" data-end=\"309\">Vedante de eixo NBR para motores pneum\u00e1ticos e accionamentos PTM - solu\u00e7\u00e3o de veda\u00e7\u00e3o comprovada para manuten\u00e7\u00e3o<\/p>\n<p class=\"\" data-start=\"311\" data-end=\"641\">O vedante de veio NBR foi especialmente concebido para a manuten\u00e7\u00e3o e assist\u00eancia t\u00e9cnica de motores pneum\u00e1ticos e accionamentos de agitadores PTM. Fabricado em borracha nitr\u00edlica robusta (NBR), proporciona uma veda\u00e7\u00e3o fi\u00e1vel contra \u00f3leos, massas lubrificantes e outros meios n\u00e3o agressivos - ideal para utiliza\u00e7\u00e3o industrial cont\u00ednua.<\/p>\n<p class=\"\" data-start=\"643\" data-end=\"964\">Gra\u00e7as \u00e0 sua boa resist\u00eancia \u00e0 abras\u00e3o e \u00e0 temperatura at\u00e9 aprox. +100 \u00b0C, a veda\u00e7\u00e3o do veio NBR \u00e9 ideal para aplica\u00e7\u00f5es padr\u00e3o na engenharia mec\u00e2nica e de instala\u00e7\u00f5es. Ajuda a evitar fugas, a reduzir o desgaste e a aumentar de forma sustent\u00e1vel a vida \u00fatil dos motores e accionamentos PTM.<\/p>\n<p class=\"\" data-start=\"966\" data-end=\"997\">Vantagens num piscar de olhos:<\/p>\n<ul>\n<li data-start=\"1000\" data-end=\"1034\">Para motores\/accionamentos PTM<\/li>\n<li data-start=\"1000\" data-end=\"1034\">Material NBR robusto<\/li>\n<li data-start=\"1000\" data-end=\"1034\">Resistente a \u00f3leos e gorduras<\/li>\n<li data-start=\"1000\" data-end=\"1034\">Ideal para aplica\u00e7\u00f5es standard<\/li>\n<li data-start=\"1000\" data-end=\"1034\">Para manuten\u00e7\u00e3o e substitui\u00e7\u00e3o<\/li>\n<li data-start=\"1000\" data-end=\"1034\">Boa prote\u00e7\u00e3o contra o desgaste<\/li>\n<\/ul>","protected":false},"excerpt":{"rendered":"<p>Veda\u00e7\u00e3o fi\u00e1vel contra \u00f3leos e massas lubrificantes, ideal para aplica\u00e7\u00f5es industriais normais.<\/p>","protected":false},"featured_media":15371,"comment_status":"open","ping_status":"closed","template":"","meta":{"_acf_changed":false},"product_brand":[],"product_cat":[2745],"product_tag":[2790,2791,2792,2793,2794,2795,2796,2787,2788,2789],"class_list":{"0":"post-13424","1":"product","2":"type-product","3":"status-publish","4":"has-post-thumbnail","6":"product_cat-ersatzteile","7":"product_tag-ptm-ersatzteile-kaufen","8":"product_tag-wellendichtung-nbr","9":"product_tag-ptm-wartungsdichtung","10":"product_tag-nitrilkautschuk-dichtungsring","11":"product_tag-ptm-motor-dichtung","12":"product_tag-ruehrwerk-wellendichtring","13":"product_tag-industrie-dichtung-nbr","14":"product_tag-nbr-wellendichtring-ptm","15":"product_tag-dichtung-druckluftmotor","16":"product_tag-ruehrwerksantrieb-dichtung","17":"product_shipping_class-karton-paketversand","19":"first","20":"instock","21":"taxable","22":"shipping-taxable","23":"purchasable","24":"product-type-variable"},"bundled_by":[],"bundle_stock_status":"instock","bundle_stock_quantity":null,"bundle_virtual":false,"bundle_layout":"","bundle_add_to_cart_form_location":"","bundle_editable_in_cart":false,"bundle_sold_individually_context":"","bundle_item_grouping":"","bundle_min_size":"","bundle_max_size":"","bundle_price":[],"bundled_items":[],"bundle_sell_ids":[],"exclude_global_add_ons":[],"addons":[],"acf":[],"_links":{"self":[{"href":"https:\/\/ptm-mechatronics.com\/pt\/wp-json\/wp\/v2\/product\/13424","targetHints":{"allow":["GET"]}}],"collection":[{"href":"https:\/\/ptm-mechatronics.com\/pt\/wp-json\/wp\/v2\/product"}],"about":[{"href":"https:\/\/ptm-mechatronics.com\/pt\/wp-json\/wp\/v2\/types\/product"}],"replies":[{"embeddable":true,"href":"https:\/\/ptm-mechatronics.com\/pt\/wp-json\/wp\/v2\/comments?post=13424"}],"wp:featuredmedia":[{"embeddable":true,"href":"https:\/\/ptm-mechatronics.com\/pt\/wp-json\/wp\/v2\/media\/15371"}],"wp:attachment":[{"href":"https:\/\/ptm-mechatronics.com\/pt\/wp-json\/wp\/v2\/media?parent=13424"}],"wp:term":[{"taxonomy":"product_brand","embeddable":true,"href":"https:\/\/ptm-mechatronics.com\/pt\/wp-json\/wp\/v2\/product_brand?post=13424"},{"taxonomy":"product_cat","embeddable":true,"href":"https:\/\/ptm-mechatronics.com\/pt\/wp-json\/wp\/v2\/product_cat?post=13424"},{"taxonomy":"product_tag","embeddable":true,"href":"https:\/\/ptm-mechatronics.com\/pt\/wp-json\/wp\/v2\/product_tag?post=13424"}],"curies":[{"name":"wp","href":"https:\/\/api.w.org\/{rel}","templated":true}]}}