{"id":13324,"date":"2025-03-31T10:38:09","date_gmt":"2025-03-31T08:38:09","guid":{"rendered":"https:\/\/ptm-mechatronics.com\/?post_type=product&#038;p=13324"},"modified":"2025-11-28T09:43:57","modified_gmt":"2025-11-28T08:43:57","slug":"schraegblattmischer","status":"publish","type":"product","link":"https:\/\/ptm-mechatronics.com\/pt\/product\/schraegblattmischer\/","title":{"rendered":"Misturador de l\u00e2minas inclinadas"},"content":{"rendered":"<p class=\"\" data-start=\"136\" data-end=\"226\">Misturador de p\u00e1s inclinadas - mistura potente para meios viscosos e processos exigentes<\/p>\n<p class=\"\" data-start=\"228\" data-end=\"580\">O misturador de p\u00e1s inclinadas impressiona pelas suas carater\u00edsticas de transporte axial com uma componente ligeiramente radial e gera um fluxo turbulento que permite uma mistura particularmente eficaz. O seu design robusto torna-o ideal para subst\u00e2ncias altamente viscosas e para uma vasta gama de aplica\u00e7\u00f5es industriais.<\/p>\n<p class=\"\" data-start=\"582\" data-end=\"773\">As aplica\u00e7\u00f5es t\u00edpicas incluem a homogeneiza\u00e7\u00e3o, dispers\u00e3o e suspens\u00e3o de uma vasta gama de meios - desde processos qu\u00edmicos \u00e0 produ\u00e7\u00e3o de alimentos e cosm\u00e9ticos.<\/p>\n<p class=\"\" data-start=\"775\" data-end=\"806\">Vantagens num piscar de olhos:<\/p>\n<ul>\n<li data-start=\"809\" data-end=\"846\">Transporte axial a ligeiramente radial<\/li>\n<li data-start=\"809\" data-end=\"846\">Fluxo turbulento para mistura intensiva<\/li>\n<li data-start=\"809\" data-end=\"846\">Adequado para meios viscosos<\/li>\n<li data-start=\"809\" data-end=\"846\">Ideal para homogeneizar, dispersar e suspender<\/li>\n<li data-start=\"809\" data-end=\"846\">Utiliza\u00e7\u00e3o vers\u00e1til<\/li>\n<li data-start=\"809\" data-end=\"846\">Elevada fiabilidade do processo<\/li>\n<\/ul>","protected":false},"excerpt":{"rendered":"<p>Agitador axial (ligeiramente radial) com fluxo turbulento, ideal para homogeneizar, dispersar e suspender mesmo subst\u00e2ncias muito viscosas.<\/p>","protected":false},"featured_media":15415,"comment_status":"closed","ping_status":"closed","template":"","meta":{"_acf_changed":false},"product_brand":[],"product_cat":[595,631],"product_tag":[2726,2727,2728,2729,2730,2731,2732,2733,2706,2715],"class_list":{"0":"post-13324","1":"product","2":"type-product","3":"status-publish","4":"has-post-thumbnail","6":"product_cat-ruehrwerkstechnik","7":"product_cat-ruehrorgane","8":"product_tag-schraegblattruehrer","9":"product_tag-ruehrwerk-viskose-medien","10":"product_tag-ruehrtechnik-homogenisieren","11":"product_tag-dispergieren-ruehrwerk","12":"product_tag-suspendieren-mischtechnik","13":"product_tag-industrielles-ruehrwerkzeug","14":"product_tag-turbulente-stroemung","15":"product_tag-mischtechnik-industrie","16":"product_tag-ruehrorgan-kaufen","17":"product_tag-ruehrorgan-axial","18":"product_shipping_class-karton-paketversand","19":"pa_blatt-4-blaettrig","20":"pa_blattanstellung-1060","21":"pa_material-v4a-edelstahl-1-4571","22":"pa_oberflaeche-glasperlengestrahlt","24":"first","25":"instock","26":"taxable","27":"shipping-taxable","28":"purchasable","29":"product-type-variable"},"bundled_by":[],"bundle_stock_status":"instock","bundle_stock_quantity":null,"bundle_virtual":false,"bundle_layout":"","bundle_add_to_cart_form_location":"","bundle_editable_in_cart":false,"bundle_sold_individually_context":"","bundle_item_grouping":"","bundle_min_size":"","bundle_max_size":"","bundle_price":[],"bundled_items":[],"bundle_sell_ids":[],"exclude_global_add_ons":[],"addons":[],"acf":[],"_links":{"self":[{"href":"https:\/\/ptm-mechatronics.com\/pt\/wp-json\/wp\/v2\/product\/13324","targetHints":{"allow":["GET"]}}],"collection":[{"href":"https:\/\/ptm-mechatronics.com\/pt\/wp-json\/wp\/v2\/product"}],"about":[{"href":"https:\/\/ptm-mechatronics.com\/pt\/wp-json\/wp\/v2\/types\/product"}],"replies":[{"embeddable":true,"href":"https:\/\/ptm-mechatronics.com\/pt\/wp-json\/wp\/v2\/comments?post=13324"}],"wp:featuredmedia":[{"embeddable":true,"href":"https:\/\/ptm-mechatronics.com\/pt\/wp-json\/wp\/v2\/media\/15415"}],"wp:attachment":[{"href":"https:\/\/ptm-mechatronics.com\/pt\/wp-json\/wp\/v2\/media?parent=13324"}],"wp:term":[{"taxonomy":"product_brand","embeddable":true,"href":"https:\/\/ptm-mechatronics.com\/pt\/wp-json\/wp\/v2\/product_brand?post=13324"},{"taxonomy":"product_cat","embeddable":true,"href":"https:\/\/ptm-mechatronics.com\/pt\/wp-json\/wp\/v2\/product_cat?post=13324"},{"taxonomy":"product_tag","embeddable":true,"href":"https:\/\/ptm-mechatronics.com\/pt\/wp-json\/wp\/v2\/product_tag?post=13324"}],"curies":[{"name":"wp","href":"https:\/\/api.w.org\/{rel}","templated":true}]}}