{"id":13303,"date":"2025-03-31T09:56:54","date_gmt":"2025-03-31T07:56:54","guid":{"rendered":"https:\/\/ptm-mechatronics.com\/?post_type=product&#038;p=13303"},"modified":"2025-11-07T15:54:31","modified_gmt":"2025-11-07T14:54:31","slug":"becherruehrorgan-eco-disc","status":"publish","type":"product","link":"https:\/\/ptm-mechatronics.com\/pt\/product\/becherruehrorgan-eco-disc\/","title":{"rendered":"Agitador de ch\u00e1venas eco-Disc"},"content":{"rendered":"<h2 data-start=\"102\" data-end=\"193\"><span style=\"font-size: 75%;\">Agita\u00e7\u00e3o eficiente com cisalhamento m\u00ednimo - agitadores de balde para processos de mistura sens\u00edveis<\/span><\/h2>\n<p class=\"\" data-start=\"195\" data-end=\"482\">Os nossos agitadores de copo de alta qualidade, fabricados em a\u00e7o inoxid\u00e1vel V4A 1.4404 de alta qualidade, oferecem uma mistura suave e eficiente - mesmo a baixas velocidades. O seu design especial torna-os ideais para meios sens\u00edveis e misturas delicadas em que s\u00e3o necess\u00e1rias for\u00e7as de cisalhamento reduzidas.<\/p>\n<p class=\"\" data-start=\"484\" data-end=\"861\">Gra\u00e7as \u00e0 sua fun\u00e7\u00e3o de agitadores de baixa velocidade, os agitadores de copo geram um fluxo laminar com comportamento de transporte axial, o que garante uma mistura uniforme e suave para o produto. Isto torna-os a solu\u00e7\u00e3o perfeita para aplica\u00e7\u00f5es nas ind\u00fastrias farmac\u00eautica, alimentar e cosm\u00e9tica, bem como noutras \u00e1reas em que a integridade do produto \u00e9 uma prioridade m\u00e1xima.<\/p>\n<p class=\"\" data-start=\"863\" data-end=\"892\">Vantagens num piscar de olhos:<\/p>\n<ul>\n<li data-start=\"895\" data-end=\"944\">Efeito de agita\u00e7\u00e3o eficaz a baixas velocidades<\/li>\n<li data-start=\"895\" data-end=\"944\">Particularmente adequado para meios sens\u00edveis<\/li>\n<li data-start=\"895\" data-end=\"944\">O cisalhamento m\u00ednimo protege a estrutura do produto<\/li>\n<li data-start=\"895\" data-end=\"944\">Escoamento laminar com perfil de transporte axial<\/li>\n<li data-start=\"895\" data-end=\"944\">Ideal para processos de mistura exigentes em ind\u00fastrias sens\u00edveis<\/li>\n<\/ul>","protected":false},"excerpt":{"rendered":"<p>Mistura eficiente e suave a baixas velocidades gra\u00e7as ao fluxo laminar com comportamento de transporte axial - ideal para misturas sens\u00edveis com tens\u00e3o de cisalhamento m\u00ednima.<\/p>","protected":false},"featured_media":15530,"comment_status":"closed","ping_status":"closed","template":"","meta":{"_acf_changed":false},"product_brand":[],"product_cat":[595,631],"product_tag":[2712,2713,2714,2715,2705,2706,2707,2708,2709,2710,2711],"class_list":{"0":"post-13303","1":"product","2":"type-product","3":"status-publish","4":"has-post-thumbnail","6":"product_cat-ruehrwerkstechnik","7":"product_cat-ruehrorgane","8":"product_tag-ruehrsystem-laminar","9":"product_tag-mischtechnik-geringe-scherung","10":"product_tag-langsamlaeufer-ruehrwerk","11":"product_tag-ruehrorgan-axial","12":"product_tag-becherruehrorgan","13":"product_tag-ruehrorgan-kaufen","14":"product_tag-ruehrtechnik-industrie","15":"product_tag-mischtechnik-schonend","16":"product_tag-ruehrwerkzeug-sensibel","17":"product_tag-ruehrorgan-niedrige-drehzahl","18":"product_tag-ruehrwerk-pharma","19":"product_shipping_class-karton-paketversand","20":"pa_material-v4a-edelstahl-1-4404","22":"first","23":"instock","24":"taxable","25":"shipping-taxable","26":"purchasable","27":"product-type-variable"},"bundled_by":[],"bundle_stock_status":"instock","bundle_stock_quantity":null,"bundle_virtual":false,"bundle_layout":"","bundle_add_to_cart_form_location":"","bundle_editable_in_cart":false,"bundle_sold_individually_context":"","bundle_item_grouping":"","bundle_min_size":"","bundle_max_size":"","bundle_price":[],"bundled_items":[],"bundle_sell_ids":[],"exclude_global_add_ons":[],"addons":[],"acf":[],"_links":{"self":[{"href":"https:\/\/ptm-mechatronics.com\/pt\/wp-json\/wp\/v2\/product\/13303","targetHints":{"allow":["GET"]}}],"collection":[{"href":"https:\/\/ptm-mechatronics.com\/pt\/wp-json\/wp\/v2\/product"}],"about":[{"href":"https:\/\/ptm-mechatronics.com\/pt\/wp-json\/wp\/v2\/types\/product"}],"replies":[{"embeddable":true,"href":"https:\/\/ptm-mechatronics.com\/pt\/wp-json\/wp\/v2\/comments?post=13303"}],"wp:featuredmedia":[{"embeddable":true,"href":"https:\/\/ptm-mechatronics.com\/pt\/wp-json\/wp\/v2\/media\/15530"}],"wp:attachment":[{"href":"https:\/\/ptm-mechatronics.com\/pt\/wp-json\/wp\/v2\/media?parent=13303"}],"wp:term":[{"taxonomy":"product_brand","embeddable":true,"href":"https:\/\/ptm-mechatronics.com\/pt\/wp-json\/wp\/v2\/product_brand?post=13303"},{"taxonomy":"product_cat","embeddable":true,"href":"https:\/\/ptm-mechatronics.com\/pt\/wp-json\/wp\/v2\/product_cat?post=13303"},{"taxonomy":"product_tag","embeddable":true,"href":"https:\/\/ptm-mechatronics.com\/pt\/wp-json\/wp\/v2\/product_tag?post=13303"}],"curies":[{"name":"wp","href":"https:\/\/api.w.org\/{rel}","templated":true}]}}