{"id":13289,"date":"2025-03-28T08:12:18","date_gmt":"2025-03-28T07:12:18","guid":{"rendered":"https:\/\/ptm-mechatronics.com\/?post_type=product&#038;p=13289"},"modified":"2025-11-07T15:54:20","modified_gmt":"2025-11-07T14:54:20","slug":"dissolverscheibe","status":"publish","type":"product","link":"https:\/\/ptm-mechatronics.com\/pt\/product\/dissolverscheibe\/","title":{"rendered":"Disco dissolvente"},"content":{"rendered":"<p data-start=\"168\" data-end=\"476\">O agitador dissolvente \u00e9 a solu\u00e7\u00e3o ideal para processos de mistura exigentes na ind\u00fastria. Gra\u00e7as \u00e0 sua geometria especial e \u00e0s poderosas for\u00e7as de cisalhamento, assegura a mistura homog\u00e9nea de uma vasta gama de materiais - desde l\u00edquidos altamente viscosos a subst\u00e2ncias pastosas.<\/p>\n<h3 data-start=\"478\" data-end=\"513\">Carater\u00edsticas e vantagens:<\/h3>\n<ul data-start=\"514\" data-end=\"1013\">\n<li data-start=\"514\" data-end=\"611\">Elevado efeito de cisalhamento - Dispers\u00e3o r\u00e1pida e uniforme de s\u00f3lidos e l\u00edquidos<\/li>\n<li data-start=\"612\" data-end=\"683\">Mistura eficiente - homogeneidade \u00f3ptima sem forma\u00e7\u00e3o de grumos<\/li>\n<li data-start=\"684\" data-end=\"779\">Constru\u00e7\u00e3o robusta - materiais de alta qualidade para uma longa vida \u00fatil e elevada durabilidade<\/li>\n<li data-start=\"780\" data-end=\"897\">Aplica\u00e7\u00f5es vers\u00e1teis - Adequado para tintas, vernizes, adesivos, cosm\u00e9ticos, produtos qu\u00edmicos e muito mais<\/li>\n<li data-start=\"898\" data-end=\"1013\">Personaliza\u00e7\u00e3o - Dispon\u00edvel em diferentes di\u00e2metros e designs para requisitos espec\u00edficos<\/li>\n<\/ul>\n<h3 data-start=\"1015\" data-end=\"1040\">Funcionalidade:<\/h3>\n<p data-start=\"1041\" data-end=\"1315\">Gra\u00e7as \u00e0 sua alta velocidade e \u00e0 ferramenta de agita\u00e7\u00e3o especialmente moldada, o dissolvente gera uma turbul\u00eancia intensa, que permite que as part\u00edculas sejam quebradas e distribu\u00eddas rapidamente. Isto produz dispers\u00f5es particularmente finas com propriedades de processamento \u00f3ptimas.<\/p>\n<h3 data-start=\"1317\" data-end=\"1346\">\u00c1reas de aplica\u00e7\u00e3o:<\/h3>\n<ul data-start=\"1347\" data-end=\"1478\">\n<li data-start=\"1347\" data-end=\"1370\">Ind\u00fastria qu\u00edmica<\/li>\n<li data-start=\"1371\" data-end=\"1401\">Produ\u00e7\u00e3o de tintas e vernizes<\/li>\n<li data-start=\"1402\" data-end=\"1443\">Produ\u00e7\u00e3o de alimentos e cosm\u00e9ticos<\/li>\n<li data-start=\"1444\" data-end=\"1478\">Qu\u00edmica da constru\u00e7\u00e3o e tecnologia de adesivos<\/li>\n<\/ul>\n<p data-start=\"1480\" data-end=\"1623\">Com o agitador dissolvente, beneficia de uma solu\u00e7\u00e3o fi\u00e1vel, potente e econ\u00f3mica para os seus processos de mistura.<\/p>","protected":false},"excerpt":{"rendered":"<p>Agitador dissolvente com for\u00e7as de cisalhamento elevadas para uma mistura eficaz e uma dispers\u00e3o homog\u00e9nea.<\/p>","protected":false},"featured_media":15529,"comment_status":"open","ping_status":"closed","template":"","meta":{"_acf_changed":false},"product_brand":[],"product_cat":[1421,595,631],"product_tag":[2504,2505,2495,2506,2496,2507,2497,2508,2498,2509,2499,2500,2501,2502,2503],"class_list":{"0":"post-13289","1":"product","2":"type-product","3":"status-publish","4":"has-post-thumbnail","6":"product_cat-zubehoer-ruehrwerkstechnik","7":"product_cat-ruehrwerkstechnik","8":"product_cat-ruehrorgane","9":"product_tag-lack-und-farbherstellung","10":"product_tag-chemische-industrie","11":"product_tag-dissolver","12":"product_tag-kosmetikproduktion","13":"product_tag-ruehrorgan","14":"product_tag-bauchemie","15":"product_tag-industriemischer","16":"product_tag-hochviskose-fluessigkeiten","17":"product_tag-hochleistungsmischer","18":"product_tag-effiziente-mischprozesse","19":"product_tag-scherkraefte","20":"product_tag-dispergieren","21":"product_tag-homogene-durchmischung","22":"product_tag-mischtechnik","23":"product_tag-ruehrwerkzeug","24":"product_shipping_class-karton-paketversand","25":"pa_material-v4a-edelstahl-1-4571","26":"pa_montage-schiebenabe","28":"first","29":"outofstock","30":"taxable","31":"shipping-taxable","32":"product-type-simple"},"bundled_by":[],"bundle_stock_status":"outofstock","bundle_stock_quantity":null,"bundle_virtual":false,"bundle_layout":"","bundle_add_to_cart_form_location":"","bundle_editable_in_cart":false,"bundle_sold_individually_context":"","bundle_item_grouping":"","bundle_min_size":"","bundle_max_size":"","bundle_price":[],"bundled_items":[],"bundle_sell_ids":[],"exclude_global_add_ons":[],"addons":[],"acf":[],"_links":{"self":[{"href":"https:\/\/ptm-mechatronics.com\/pt\/wp-json\/wp\/v2\/product\/13289","targetHints":{"allow":["GET"]}}],"collection":[{"href":"https:\/\/ptm-mechatronics.com\/pt\/wp-json\/wp\/v2\/product"}],"about":[{"href":"https:\/\/ptm-mechatronics.com\/pt\/wp-json\/wp\/v2\/types\/product"}],"replies":[{"embeddable":true,"href":"https:\/\/ptm-mechatronics.com\/pt\/wp-json\/wp\/v2\/comments?post=13289"}],"wp:featuredmedia":[{"embeddable":true,"href":"https:\/\/ptm-mechatronics.com\/pt\/wp-json\/wp\/v2\/media\/15529"}],"wp:attachment":[{"href":"https:\/\/ptm-mechatronics.com\/pt\/wp-json\/wp\/v2\/media?parent=13289"}],"wp:term":[{"taxonomy":"product_brand","embeddable":true,"href":"https:\/\/ptm-mechatronics.com\/pt\/wp-json\/wp\/v2\/product_brand?post=13289"},{"taxonomy":"product_cat","embeddable":true,"href":"https:\/\/ptm-mechatronics.com\/pt\/wp-json\/wp\/v2\/product_cat?post=13289"},{"taxonomy":"product_tag","embeddable":true,"href":"https:\/\/ptm-mechatronics.com\/pt\/wp-json\/wp\/v2\/product_tag?post=13289"}],"curies":[{"name":"wp","href":"https:\/\/api.w.org\/{rel}","templated":true}]}}