{"id":13191,"date":"2025-03-25T11:09:20","date_gmt":"2025-03-25T10:09:20","guid":{"rendered":"https:\/\/ptm-mechatronics.com\/?post_type=product&#038;p=13191"},"modified":"2026-03-09T10:22:42","modified_gmt":"2026-03-09T09:22:42","slug":"untergestell-fuer-kleingebindestation-und-eco-station-30l","status":"publish","type":"product","link":"https:\/\/ptm-mechatronics.com\/pt\/product\/untergestell-fuer-kleingebindestation-und-eco-station-30l\/","title":{"rendered":"Estrutura de base para esta\u00e7\u00e3o de encaderna\u00e7\u00e3o pequena e esta\u00e7\u00e3o ecol\u00f3gica 30 litros"},"content":{"rendered":"<h1 data-start=\"147\" data-end=\"225\"><span style=\"font-size: 90%;\">Mesa de a\u00e7o inoxid\u00e1vel com borda de gotejamento - estrutura de base para batedeiras, higi\u00e9nica e com isolamento ac\u00fastico, W 1000 mm<\/span><\/h1>\n<p class=\"\" data-start=\"227\" data-end=\"531\">A mesa de a\u00e7o inoxid\u00e1vel de alta qualidade foi especialmente concebida para utiliza\u00e7\u00e3o profissional em \u00e1reas de produ\u00e7\u00e3o, laborat\u00f3rios, processamento de alimentos e higiene. Com a sua constru\u00e7\u00e3o robusta e carater\u00edsticas bem pensadas, oferece uma superf\u00edcie de trabalho fi\u00e1vel e duradoura num espa\u00e7o compacto.<\/p>\n<p class=\"\" data-start=\"533\" data-end=\"873\">A constru\u00e7\u00e3o robusta da estrutura em a\u00e7o inoxid\u00e1vel rectificado e parcialmente polido garante a m\u00e1xima durabilidade, mesmo em caso de utiliza\u00e7\u00e3o intensiva. O tampo da mesa \u00e9 biselado a 40 mm em toda a volta e tem uma base de aglomerado de madeira com 19 mm de espessura, que absorve o som e garante um trabalho confort\u00e1vel sem ru\u00eddos inc\u00f3modos.<\/p>\n<p class=\"\" data-start=\"875\" data-end=\"1271\">Um rebordo de gotejamento a toda a volta protege contra o escorrimento de l\u00edquidos e facilita a limpeza - ideal para ambientes sens\u00edveis do ponto de vista higi\u00e9nico. Os p\u00e9s em tubo de perfil de a\u00e7o inoxid\u00e1vel de 40 x 40 mm est\u00e3o equipados com parafusos de nivelamento do ch\u00e3o e garantem uma posi\u00e7\u00e3o firme em qualquer superf\u00edcie. A mesa tamb\u00e9m pode ser facilmente acedida com um porta-paletes ou equipamento de limpeza, uma vez que pode ser conduzida por baixo.<\/p>\n<p class=\"\" data-start=\"1273\" data-end=\"1547\">Com uma largura compacta de 1000 mm, uma profundidade de 700 mm e uma altura de trabalho de 850 mm, a mesa em a\u00e7o inoxid\u00e1vel poupa espa\u00e7o sem comprometer a funcionalidade - ideal como base para batedeiras, equipamento de laborat\u00f3rio ou como esta\u00e7\u00e3o de trabalho de higiene.<\/p>\n<p data-start=\"1554\" data-end=\"1594\">As suas vantagens num relance:<\/p>\n<ul>\n<li data-start=\"1554\" data-end=\"1594\">A\u00e7o inoxid\u00e1vel, rectificado e polido<\/li>\n<li data-start=\"1554\" data-end=\"1594\">Tampo de trabalho com isolamento ac\u00fastico e rebordo de gotejamento<\/li>\n<li data-start=\"1554\" data-end=\"1594\">Estrutura robusta com nivelamento do ch\u00e3o<\/li>\n<li data-start=\"1554\" data-end=\"1594\">Pode ser conduzido por baixo para maior flexibilidade<\/li>\n<li data-start=\"1554\" data-end=\"1594\">Dimens\u00f5es compactas: L 1000 x P 700 x A 850 mm<\/li>\n<li data-start=\"1554\" data-end=\"1594\">Perfeito como base para agitadores, balan\u00e7as, electrodom\u00e9sticos e muito mais.<\/li>\n<\/ul>","protected":false},"excerpt":{"rendered":"<p>Mesa compacta em a\u00e7o inoxid\u00e1vel que pode ser conduzida por baixo, com superf\u00edcie de trabalho que absorve o som, rebordo de gotejamento e estrutura robusta - ideal como base higi\u00e9nica para batedeiras e pequenos electrodom\u00e9sticos.<\/p>","protected":false},"featured_media":15527,"comment_status":"open","ping_status":"closed","template":"","meta":{"_acf_changed":false},"product_brand":[],"product_cat":[595,612,1421],"product_tag":[2694,2695,2696,2697,2698,2699,2689,2700,2690,2701,2691,2702,2692,2703,2693],"class_list":{"0":"post-13191","1":"product","2":"type-product","3":"status-publish","4":"has-post-thumbnail","6":"product_cat-ruehrwerkstechnik","7":"product_cat-kleingebinderuehrwerke","8":"product_cat-zubehoer-ruehrwerkstechnik","9":"product_tag-edelstahl-arbeitstisch-schalldaemmend","10":"product_tag-edelstahl-tisch-fuer-labor","11":"product_tag-edelstahltisch-mit-ausgleichsschrauben","12":"product_tag-rostfreier-edelstahltisch","13":"product_tag-kompakter-edelstahl-arbeitstisch","14":"product_tag-unterfahrbarer-edelstahltisch","15":"product_tag-edelstahltisch-untergestell","16":"product_tag-edelstahltisch-lebensmittelindustrie","17":"product_tag-arbeitstisch-edelstahl-1000-mm","18":"product_tag-edelstahltisch-pharmaindustrie","19":"product_tag-edelstahltisch-fuer-stativruehrwerke","20":"product_tag-edelstahl-untergestell-fuer-kleingebinde","21":"product_tag-hygienischer-edelstahltisch","22":"product_tag-stabiler-edelstahltisch-mit-tropfkante","23":"product_tag-edelstahltisch-mit-tropfkante","24":"product_shipping_class-europalette","26":"first","27":"instock","28":"taxable","29":"shipping-taxable","30":"purchasable","31":"product-type-simple"},"bundled_by":[],"bundle_stock_status":"instock","bundle_stock_quantity":null,"bundle_virtual":false,"bundle_layout":"","bundle_add_to_cart_form_location":"","bundle_editable_in_cart":false,"bundle_sold_individually_context":"","bundle_item_grouping":"","bundle_min_size":"","bundle_max_size":"","bundle_price":[],"bundled_items":[],"bundle_sell_ids":[],"exclude_global_add_ons":[],"addons":[],"acf":[],"_links":{"self":[{"href":"https:\/\/ptm-mechatronics.com\/pt\/wp-json\/wp\/v2\/product\/13191","targetHints":{"allow":["GET"]}}],"collection":[{"href":"https:\/\/ptm-mechatronics.com\/pt\/wp-json\/wp\/v2\/product"}],"about":[{"href":"https:\/\/ptm-mechatronics.com\/pt\/wp-json\/wp\/v2\/types\/product"}],"replies":[{"embeddable":true,"href":"https:\/\/ptm-mechatronics.com\/pt\/wp-json\/wp\/v2\/comments?post=13191"}],"wp:featuredmedia":[{"embeddable":true,"href":"https:\/\/ptm-mechatronics.com\/pt\/wp-json\/wp\/v2\/media\/15527"}],"wp:attachment":[{"href":"https:\/\/ptm-mechatronics.com\/pt\/wp-json\/wp\/v2\/media?parent=13191"}],"wp:term":[{"taxonomy":"product_brand","embeddable":true,"href":"https:\/\/ptm-mechatronics.com\/pt\/wp-json\/wp\/v2\/product_brand?post=13191"},{"taxonomy":"product_cat","embeddable":true,"href":"https:\/\/ptm-mechatronics.com\/pt\/wp-json\/wp\/v2\/product_cat?post=13191"},{"taxonomy":"product_tag","embeddable":true,"href":"https:\/\/ptm-mechatronics.com\/pt\/wp-json\/wp\/v2\/product_tag?post=13191"}],"curies":[{"name":"wp","href":"https:\/\/api.w.org\/{rel}","templated":true}]}}