{"id":13183,"date":"2025-03-25T10:36:17","date_gmt":"2025-03-25T09:36:17","guid":{"rendered":"https:\/\/ptm-mechatronics.com\/?post_type=product&#038;p=13183"},"modified":"2025-11-07T15:54:22","modified_gmt":"2025-11-07T14:54:22","slug":"ruehrwerksantrieb-eco-seal-g1-inox-mit-platzsparender-befestigung-und-gewindenabe","status":"publish","type":"product","link":"https:\/\/ptm-mechatronics.com\/pt\/product\/ruehrwerksantrieb-eco-seal-g1-inox-mit-platzsparender-befestigung-und-gewindenabe\/","title":{"rendered":"Acionamento do agitador eco-Seal G1\u2033 INOX com montagem economizadora de espa\u00e7o e cubo roscado"},"content":{"rendered":"<h2><span style=\"font-size: 75%;\">Acionamento do agitador ATEX para pequenos contentores e tanques pressurizados - Compacto, potente e \u00e0 prova de explos\u00e3o<\/span><\/h2>\n<p class=\"\" data-start=\"160\" data-end=\"631\">O acionamento do agitador, energeticamente eficiente e com certifica\u00e7\u00e3o ATEX, fabricado em a\u00e7o inoxid\u00e1vel V4A 1.4404 de alta qualidade, foi especialmente desenvolvido para utiliza\u00e7\u00e3o em pequenos contentores e tanques pressurizados e oferece uma solu\u00e7\u00e3o fi\u00e1vel para aplica\u00e7\u00f5es higi\u00e9nicas, potencialmente explosivas e cr\u00edticas em termos de espa\u00e7o. Gra\u00e7as \u00e0 inovadora flange de separa\u00e7\u00e3o de zonas, \u00e9 poss\u00edvel a opera\u00e7\u00e3o em zonas ATEX 0\/1 - ideal para aplica\u00e7\u00f5es nas ind\u00fastrias qu\u00edmica, alimentar ou farmac\u00eautica, onde se exige a m\u00e1xima seguran\u00e7a e higiene.<\/p>\n<h3 class=\"\" data-start=\"633\" data-end=\"712\"><span style=\"font-size: 75%;\">Poupan\u00e7a de espa\u00e7o e pot\u00eancia - especialmente concebida para pequenos contentores<\/span><\/h3>\n<p class=\"\" data-start=\"713\" data-end=\"987\">Com um di\u00e2metro de liga\u00e7\u00e3o de 35 a 50 mm, o atuador encaixa perfeitamente no orif\u00edcio padr\u00e3o dos tanques pressurizados. A porca de bloqueio em a\u00e7o inoxid\u00e1vel fornecida permite uma instala\u00e7\u00e3o simples e segura a partir de baixo, mesmo em espa\u00e7os confinados.<\/p>\n<p class=\"\" data-start=\"989\" data-end=\"1217\">Apesar do seu design compacto, o acionamento impressiona pelo seu elevado bin\u00e1rio e garante um resultado de agita\u00e7\u00e3o homog\u00e9neo, mesmo com meios altamente viscosos. As aplica\u00e7\u00f5es de sobrepress\u00e3o e v\u00e1cuo tamb\u00e9m podem ser efectuadas sem problemas.<\/p>\n<p class=\"\" data-start=\"1219\" data-end=\"1510\">A sua conce\u00e7\u00e3o puramente mec\u00e2nica assegura uma robustez extrema, \u00e9 de baixa manuten\u00e7\u00e3o e garante uma longa vida \u00fatil. O design silencioso e compacto torna-o a solu\u00e7\u00e3o ideal para processos de agita\u00e7\u00e3o compactos e higi\u00e9nicos em condi\u00e7\u00f5es exigentes.<\/p>\n<h3 class=\"\" data-start=\"1517\" data-end=\"1551\">Vantagens em resumo<\/h3>\n<ul>\n<li data-start=\"1554\" data-end=\"1585\">Adequado para zonas ATEX 0\/1<\/li>\n<li data-start=\"1554\" data-end=\"1585\">Compat\u00edvel com contentores pequenos (liga\u00e7\u00e3o 35-50 mm)<\/li>\n<li data-start=\"1554\" data-end=\"1585\">Fabricado em a\u00e7o inoxid\u00e1vel V4A de alta qualidade 1.4404<\/li>\n<li data-start=\"1554\" data-end=\"1585\">Para os mais elevados requisitos de higiene<\/li>\n<li data-start=\"1554\" data-end=\"1585\">Bin\u00e1rio elevado para meios altamente viscosos<\/li>\n<li data-start=\"1554\" data-end=\"1585\">Para press\u00e3o positiva e negativa<\/li>\n<li data-start=\"1554\" data-end=\"1585\">Baixo ru\u00eddo, economia de espa\u00e7o, robusto<\/li>\n<\/ul>","protected":false},"excerpt":{"rendered":"<p>Acionamento do agitador energeticamente eficiente, certificado pela ATEX, feito de a\u00e7o inoxid\u00e1vel V4A 1.4404 de alta qualidade para pequenos contentores e tanques pressurizados - design compacto, bin\u00e1rio elevado, adequado para zonas ATEX 0\/1, incluindo porca de bloqueio para f\u00e1cil instala\u00e7\u00e3o.<\/p>","protected":false},"featured_media":15525,"comment_status":"open","ping_status":"closed","template":"","meta":{"_acf_changed":false},"product_brand":[],"product_cat":[595,632],"product_tag":[2675,2687,2665,2676,2688,2666,2677,2667,2678,2668,2679,2669,2680,2670,2682,2671,2683,2672,2684,2673,2685,2674,2686],"class_list":{"0":"post-13183","1":"product","2":"type-product","3":"status-publish","4":"has-post-thumbnail","6":"product_cat-ruehrwerkstechnik","7":"product_cat-ruehrwerksantriebe","8":"product_tag-platzsparender-edelstahl-ruehrwerksmotor","9":"product_tag-sterilisierbarer-ruehrantrieb-1-4404","10":"product_tag-atex-ruehrwerksantrieb-v4a","11":"product_tag-geraeuscharmer-ruehrantrieb-v4a","12":"product_tag-reinraum-ruehrwerksmotor-din-14644","13":"product_tag-hygienischer-ruehrwerksmotor-edelstahl-1-4404","14":"product_tag-unterdruck-ruehrwerksmotor-edelstahl","15":"product_tag-ruehrwerksmotor-kleinbehaelter-edelstahl","16":"product_tag-ueberdruck-ruehrwerk-1-4404","17":"product_tag-ruehrwerksantrieb-drucktank-v4a","18":"product_tag-hygienischer-ruehrwerksantrieb-edelstahl","19":"product_tag-kompakter-ruehrwerksmotor-edelstahl","20":"product_tag-ruehrwerksantrieb-mit-kontermutter-v4a","21":"product_tag-explosionsgeschuetzter-ruehrwerksantrieb-1-4404","22":"product_tag-ruehrmotor-druckbehaelter-hygienisch","23":"product_tag-ruehrwerk-zone-0-edelstahl","24":"product_tag-kleiner-atex-ruehrantrieb-v4a","25":"product_tag-zonentrennflansch-ruehrantrieb-hygienisch","26":"product_tag-langlebiger-edelstahl-ruehrwerksmotor","27":"product_tag-v4a-edelstahl-ruehrwerksantrieb","28":"product_tag-ruehrwerksmotor-pharmaindustrie-edelstahl","29":"product_tag-ruehrwerk-fuer-hochviskose-medien-v4a","30":"product_tag-lebensmittelkonformer-ruehrwerksantrieb-v4a","31":"product_shipping_class-karton-paketversand","32":"pa_antriebsart-pneumatisch","33":"pa_antriebswelle-ptm-gewindenabe-m12","34":"pa_atex-zone-0-1","35":"pa_dichtung-ptfe","36":"pa_drehzahl-0-300-1-min","37":"pa_ex-gas-ex-ii-1-2-g-ex-h-iic-t5-ga-gb","38":"pa_ex-staub-ex-ii-1-2-d-ex-h-iiic-t100c-da-db","39":"pa_geraeuschpegel-75db","40":"pa_labs-oel-und-silikonfrei","41":"pa_material-gehaeuse-v4a-edelstahl-1-4404-elektropoliert","42":"pa_model-eco-seal-atex-zone-0-1-edelstahl","43":"pa_schutzart-ip67","44":"pa_steckverschraubung-abluft-schlauch-o10mm","45":"pa_steckverschraubung-zuluft-schlauch-o6mm","46":"pa_versorgung-5-6bar","48":"first","49":"instock","50":"taxable","51":"shipping-taxable","52":"purchasable","53":"product-type-variable"},"bundled_by":[],"bundle_stock_status":"instock","bundle_stock_quantity":null,"bundle_virtual":false,"bundle_layout":"","bundle_add_to_cart_form_location":"","bundle_editable_in_cart":false,"bundle_sold_individually_context":"","bundle_item_grouping":"","bundle_min_size":"","bundle_max_size":"","bundle_price":[],"bundled_items":[],"bundle_sell_ids":[],"exclude_global_add_ons":[],"addons":[],"acf":[],"_links":{"self":[{"href":"https:\/\/ptm-mechatronics.com\/pt\/wp-json\/wp\/v2\/product\/13183","targetHints":{"allow":["GET"]}}],"collection":[{"href":"https:\/\/ptm-mechatronics.com\/pt\/wp-json\/wp\/v2\/product"}],"about":[{"href":"https:\/\/ptm-mechatronics.com\/pt\/wp-json\/wp\/v2\/types\/product"}],"replies":[{"embeddable":true,"href":"https:\/\/ptm-mechatronics.com\/pt\/wp-json\/wp\/v2\/comments?post=13183"}],"wp:featuredmedia":[{"embeddable":true,"href":"https:\/\/ptm-mechatronics.com\/pt\/wp-json\/wp\/v2\/media\/15525"}],"wp:attachment":[{"href":"https:\/\/ptm-mechatronics.com\/pt\/wp-json\/wp\/v2\/media?parent=13183"}],"wp:term":[{"taxonomy":"product_brand","embeddable":true,"href":"https:\/\/ptm-mechatronics.com\/pt\/wp-json\/wp\/v2\/product_brand?post=13183"},{"taxonomy":"product_cat","embeddable":true,"href":"https:\/\/ptm-mechatronics.com\/pt\/wp-json\/wp\/v2\/product_cat?post=13183"},{"taxonomy":"product_tag","embeddable":true,"href":"https:\/\/ptm-mechatronics.com\/pt\/wp-json\/wp\/v2\/product_tag?post=13183"}],"curies":[{"name":"wp","href":"https:\/\/api.w.org\/{rel}","templated":true}]}}