{"id":13162,"date":"2025-03-25T09:37:01","date_gmt":"2025-03-25T08:37:01","guid":{"rendered":"https:\/\/ptm-mechatronics.com\/?post_type=product&#038;p=13162"},"modified":"2025-11-07T15:54:22","modified_gmt":"2025-11-07T14:54:22","slug":"ruehrwerksantrieb-eco-seal-inox-atex-zone-0-1-mit-schnellwechselsystem","status":"publish","type":"product","link":"https:\/\/ptm-mechatronics.com\/pt\/product\/ruehrwerksantrieb-eco-seal-inox-atex-zone-0-1-mit-schnellwechselsystem\/","title":{"rendered":"Acionamento do agitador eco-Seal INOX, ATEX Zona 0\/1, com sistema de troca r\u00e1pida"},"content":{"rendered":"<p><span style=\"font-size: 105%;\">Acionamento do agitador ATEX em a\u00e7o inoxid\u00e1vel V4A - adequado para salas limpas, produtos alimentares e farmac\u00eauticos, zona 0\/1<\/span><\/p>\n<p class=\"\" data-start=\"194\" data-end=\"618\">O acionamento do agitador, energeticamente eficiente e com certifica\u00e7\u00e3o ATEX, foi especialmente desenvolvido para processos de mistura industriais exigentes em \u00e1reas sens\u00edveis do ponto de vista higi\u00e9nico e potencialmente explosivas. Gra\u00e7as ao padr\u00e3o de perfura\u00e7\u00e3o PTM, o acionamento pode ser r\u00e1pida e facilmente integrado em sistemas existentes. Gra\u00e7as \u00e0 flange de separa\u00e7\u00e3o de zonas integrada, a opera\u00e7\u00e3o em zonas ATEX 0\/1 \u00e9 fi\u00e1vel e segura. O acionamento <a href=\"https:\/\/youtu.be\/TjagGW4DoyA?si=nim_aJO3gQNp4S_-\" target=\"_blank\" rel=\"noopener\">Sistema de troca r\u00e1pida eco-Quick<\/a> garante uma mudan\u00e7a descomplicada do veio agitador em segundos, sem ferramentas adicionais.<\/p>\n<p class=\"\" data-start=\"620\" data-end=\"1032\">Com o seu elevado bin\u00e1rio, o acionamento assegura um resultado de agita\u00e7\u00e3o uniforme e homog\u00e9neo, mesmo com meios altamente viscosos. O sistema tamb\u00e9m domina facilmente as aplica\u00e7\u00f5es em condi\u00e7\u00f5es de press\u00e3o positiva ou negativa. O design compacto e silencioso economiza espa\u00e7o e melhora o ambiente de trabalho, enquanto a constru\u00e7\u00e3o puramente mec\u00e2nica representa a m\u00e1xima robustez e aus\u00eancia de manuten\u00e7\u00e3o.<\/p>\n<p class=\"\" data-start=\"1034\" data-end=\"1090\">O atuador \u00e9 feito de a\u00e7o inoxid\u00e1vel V4A 1.4404:<\/p>\n<ul>\n<li data-start=\"1093\" data-end=\"1131\">conformidade com a ind\u00fastria farmac\u00eautica e alimentar,<\/li>\n<li data-start=\"1093\" data-end=\"1131\">resistente a \u00e1cidos e produtos qu\u00edmicos,<\/li>\n<li data-start=\"1093\" data-end=\"1131\">esteriliz\u00e1veis e<\/li>\n<li data-start=\"1093\" data-end=\"1131\">IP67 \u00e0 prova de \u00e1gua.<\/li>\n<\/ul>\n<p class=\"\" data-start=\"1225\" data-end=\"1652\">A superf\u00edcie \u00e9 electropolida para minimizar a ader\u00eancia de germes e permitir uma limpeza f\u00e1cil. A conce\u00e7\u00e3o inovadora da borda macia evita a sujidade nos cantos e cortes inferiores, cumprindo assim os mais elevados requisitos da tecnologia de salas limpas (classificadas de acordo com a norma DIN 14644). Para uma rotulagem permanentemente higi\u00e9nica, as etiquetas s\u00e3o gravadas a laser em vez de utilizar autocolantes convencionais.<\/p>\n<p class=\"\" data-start=\"1654\" data-end=\"1899\">Este acionamento do agitador \u00e9 a solu\u00e7\u00e3o ideal para ind\u00fastrias com as mais elevadas exig\u00eancias de seguran\u00e7a, higiene e efici\u00eancia - por exemplo, na ind\u00fastria farmac\u00eautica, produ\u00e7\u00e3o alimentar, fabrico de cosm\u00e9ticos ou engenharia de processos qu\u00edmicos.<\/p>","protected":false},"excerpt":{"rendered":"<p>Acionamento do agitador com efici\u00eancia energ\u00e9tica e certifica\u00e7\u00e3o ATEX, fabricado em a\u00e7o inoxid\u00e1vel V4A electropolido - higi\u00e9nico, robusto, silencioso e ideal para meios altamente viscosos, bem como para aplica\u00e7\u00f5es em salas limpas e zonas Ex.<\/p>","protected":false},"featured_media":15521,"comment_status":"open","ping_status":"closed","template":"","meta":{"_acf_changed":false},"product_brand":[],"product_cat":[595,632],"product_tag":[2649,2639,2640,2576,2641,2609,2642,2626,2643,2633,2644,2634,2645,2635,2646,2636,2647,2637,2648,2638],"class_list":{"0":"post-13162","1":"product","2":"type-product","3":"status-publish","4":"has-post-thumbnail","6":"product_cat-ruehrwerkstechnik","7":"product_cat-ruehrwerksantriebe","8":"product_tag-geraeuscharmer-ruehrantrieb","9":"product_tag-lebensmittelkonformer-ruehrwerksantrieb","10":"product_tag-pharma-ruehrwerk","11":"product_tag-energieeffizienter-ruehrwerksmotor","12":"product_tag-ip68-ruehrwerksmotor","13":"product_tag-ruehrwerksmotor-fuer-reinraeume","14":"product_tag-sterilisierbarer-ruehrantrieb","15":"product_tag-platzsparender-ruehrwerksmotor","16":"product_tag-chemikalienbestaendiger-antrieb","17":"product_tag-atex-ruehrwerksantrieb","18":"product_tag-elektropolierter-edelstahlmotor","19":"product_tag-explosionsgeschuetzter-antrieb","20":"product_tag-hygienischer-ruehrwerksantrieb","21":"product_tag-ruehrwerksmotor-zone-0","22":"product_tag-soft-edge-design-antrieb","23":"product_tag-zonentrennflansch-ruehrwerk","24":"product_tag-din-14644-ruehrwerk","25":"product_tag-ruehrwerk-fuer-hochviskose-medien","26":"product_tag-wartungsarmer-antrieb","27":"product_tag-v4a-edelstahl-ruehrwerksmotor","28":"product_shipping_class-karton-paketversand","29":"pa_antriebsart-pneumatisch","30":"pa_antriebswelle-eco-drive-450-900-eco-quick-v2","31":"pa_antriebswelle-eco-drive-450-900-eco-quick-v3","32":"pa_atex-zone-0-1","33":"pa_dichtung-ptfe-fda-konform","34":"pa_durchmesser-108mm","35":"pa_ex-gas-ex-ii-1-2-g-ex-h-iic-t5-ga-gb","36":"pa_ex-staub-ex-ii-1-2-d-ex-h-iiic-t100c-da-db","37":"pa_geraeuschpegel-75db","38":"pa_labs-oel-und-silikonfrei","39":"pa_material-gehaeuse-v4a-edelstahl-1-4404-elektropoliert","40":"pa_model-eco-seal-atex-zone-0-1-edelstahl","41":"pa_reinraumklassifizierung-iso1-nach-din14644","42":"pa_schutzart-ip67","43":"pa_steckverschraubung-abluft-schlauch-o10mm","44":"pa_steckverschraubung-zuluft-schlauch-o6mm","45":"pa_versorgung-5-6bar","47":"first","48":"instock","49":"taxable","50":"shipping-taxable","51":"purchasable","52":"product-type-variable"},"bundled_by":[],"bundle_stock_status":"instock","bundle_stock_quantity":null,"bundle_virtual":false,"bundle_layout":"","bundle_add_to_cart_form_location":"","bundle_editable_in_cart":false,"bundle_sold_individually_context":"","bundle_item_grouping":"","bundle_min_size":"","bundle_max_size":"","bundle_price":[],"bundled_items":[],"bundle_sell_ids":[],"exclude_global_add_ons":[],"addons":[],"acf":[],"_links":{"self":[{"href":"https:\/\/ptm-mechatronics.com\/pt\/wp-json\/wp\/v2\/product\/13162","targetHints":{"allow":["GET"]}}],"collection":[{"href":"https:\/\/ptm-mechatronics.com\/pt\/wp-json\/wp\/v2\/product"}],"about":[{"href":"https:\/\/ptm-mechatronics.com\/pt\/wp-json\/wp\/v2\/types\/product"}],"replies":[{"embeddable":true,"href":"https:\/\/ptm-mechatronics.com\/pt\/wp-json\/wp\/v2\/comments?post=13162"}],"wp:featuredmedia":[{"embeddable":true,"href":"https:\/\/ptm-mechatronics.com\/pt\/wp-json\/wp\/v2\/media\/15521"}],"wp:attachment":[{"href":"https:\/\/ptm-mechatronics.com\/pt\/wp-json\/wp\/v2\/media?parent=13162"}],"wp:term":[{"taxonomy":"product_brand","embeddable":true,"href":"https:\/\/ptm-mechatronics.com\/pt\/wp-json\/wp\/v2\/product_brand?post=13162"},{"taxonomy":"product_cat","embeddable":true,"href":"https:\/\/ptm-mechatronics.com\/pt\/wp-json\/wp\/v2\/product_cat?post=13162"},{"taxonomy":"product_tag","embeddable":true,"href":"https:\/\/ptm-mechatronics.com\/pt\/wp-json\/wp\/v2\/product_tag?post=13162"}],"curies":[{"name":"wp","href":"https:\/\/api.w.org\/{rel}","templated":true}]}}