{"id":13139,"date":"2025-03-24T10:52:35","date_gmt":"2025-03-24T09:52:35","guid":{"rendered":"https:\/\/ptm-mechatronics.com\/?post_type=product&#038;p=13139"},"modified":"2025-11-07T15:54:08","modified_gmt":"2025-11-07T14:54:08","slug":"ruehrwerksantrieb-eco-seal-atex-zone-0-1-mit-schnellwechselsystem","status":"publish","type":"product","link":"https:\/\/ptm-mechatronics.com\/pt\/product\/ruehrwerksantrieb-eco-seal-atex-zone-0-1-mit-schnellwechselsystem\/","title":{"rendered":"Acionamento do agitador eco-Seal, ATEX Zona 0\/1, com sistema de troca r\u00e1pida"},"content":{"rendered":"<h3 data-start=\"0\" data-end=\"106\">Acionamento do agitador com certifica\u00e7\u00e3o ATEX e efici\u00eancia energ\u00e9tica - Potente, seguro e sustent\u00e1vel<\/h3>\n<p data-start=\"108\" data-end=\"475\">O acionamento do agitador energeticamente eficiente, com certifica\u00e7\u00e3o ATEX, foi especialmente desenvolvido para utiliza\u00e7\u00e3o em atmosferas potencialmente explosivas e pode ser instalado f\u00e1cil e diretamente gra\u00e7as ao padr\u00e3o de perfura\u00e7\u00e3o PTM. Gra\u00e7as \u00e0 flange de separa\u00e7\u00e3o de zonas integrada, foi concebido para um funcionamento seguro nas zonas ATEX 0\/1 e cumpre as mais elevadas normas de seguran\u00e7a. Gra\u00e7as ao sistema integrado de troca r\u00e1pida eco-Quick, \u00e9 poss\u00edvel trocar os veios do agitador em segundos, com apenas um movimento e sem ferramentas adicionais.<\/p>\n<p data-start=\"477\" data-end=\"953\">Com o seu elevado bin\u00e1rio, o acionamento assegura um resultado de agita\u00e7\u00e3o homog\u00e9neo, mesmo com meios altamente viscosos. Tamb\u00e9m pode ser utilizado em aplica\u00e7\u00f5es de press\u00e3o positiva e negativa, o que o torna particularmente vers\u00e1til. O seu design silencioso e compacto garante uma \u00f3ptima integra\u00e7\u00e3o nos sistemas existentes, enquanto a constru\u00e7\u00e3o puramente mec\u00e2nica \u00e9 sin\u00f3nimo de excecional robustez, durabilidade e baixa manuten\u00e7\u00e3o.<\/p>\n<p data-start=\"955\" data-end=\"1102\">A sua elevada efici\u00eancia energ\u00e9tica reduz o consumo de energia, optimiza o funcionamento e contribui para processos de produ\u00e7\u00e3o sustent\u00e1veis.<\/p>\n<h3 data-start=\"1104\" data-end=\"1139\">Carater\u00edsticas e vantagens:<\/h3>\n<ul>\n<li data-start=\"1140\" data-end=\"1713\">Certifica\u00e7\u00e3o ATEX para zonas 0\/1 - seguran\u00e7a m\u00e1xima em ambientes potencialmente explosivos<\/li>\n<li data-start=\"1140\" data-end=\"1713\">Sistema de troca r\u00e1pida eco-Quick - troca r\u00e1pida e limpa do elemento agitador sem ferramentas<\/li>\n<li data-start=\"1140\" data-end=\"1713\">Efici\u00eancia energ\u00e9tica e pot\u00eancia - Alta efici\u00eancia para processos optimizados e consumo de energia reduzido<\/li>\n<li data-start=\"1140\" data-end=\"1713\">Bin\u00e1rio elevado - resultados perfeitos mesmo com meios altamente viscosos<\/li>\n<li data-start=\"1140\" data-end=\"1713\">Aplica\u00e7\u00f5es de press\u00e3o positiva e negativa - Utiliza\u00e7\u00e3o vers\u00e1til para diferentes requisitos de processo<\/li>\n<li data-start=\"1140\" data-end=\"1713\">Poupan\u00e7a de espa\u00e7o e baixo ru\u00eddo - Design compacto para f\u00e1cil integra\u00e7\u00e3o<\/li>\n<li data-start=\"1140\" data-end=\"1713\">Extremamente robusto e de baixa manuten\u00e7\u00e3o - conce\u00e7\u00e3o puramente mec\u00e2nica para m\u00e1xima fiabilidade<\/li>\n<\/ul>\n<p data-start=\"1715\" data-end=\"1892\">Este acionamento de agitador ATEX de alta qualidade e energeticamente eficiente \u00e9 a solu\u00e7\u00e3o ideal para aplica\u00e7\u00f5es industriais que exigem efici\u00eancia, seguran\u00e7a e sustentabilidade.<\/p>","protected":false},"excerpt":{"rendered":"<p>Acionamento do agitador potente e eficiente com flange de separa\u00e7\u00e3o de zonas para zonas ATEX 0\/1 para uma instala\u00e7\u00e3o f\u00e1cil em sistemas existentes<\/p>","protected":false},"featured_media":15516,"comment_status":"open","ping_status":"closed","template":"","meta":{"_acf_changed":false},"product_brand":[],"product_cat":[595,632],"product_tag":[2620,2631,2581,2621,2632,2585,2622,2588,2623,2599,2624,2600,2625,2626,2627,2628,2629,2575,2630,2576],"class_list":{"0":"post-13139","1":"product","2":"type-product","3":"status-publish","4":"has-post-thumbnail","6":"product_cat-ruehrwerkstechnik","7":"product_cat-ruehrwerksantriebe","8":"product_tag-ruehrwerksantrieb-fuer-zone-0-1","9":"product_tag-zuverlaessiger-ruehrwerksmotor-fuer-industrieanwendungen","10":"product_tag-geraeuscharmer-ruehrwerksantrieb","11":"product_tag-atex-ruehrwerksmotor-mit-zonentrennflansch","12":"product_tag-nachhaltiger-antrieb-fuer-ruehrwerke","13":"product_tag-langlebiger-ruehrwerksmotor","14":"product_tag-nachhaltiger-ruehrwerksmotor","15":"product_tag-leistungsstarker-ruehrwerksantrieb","16":"product_tag-ruehrwerksmotor-mit-optimiertem-energieverbrauch","17":"product_tag-explosionsgeschuetzter-ruehrwerksmotor","18":"product_tag-industrieller-ruehrwerksantrieb","19":"product_tag-ruehrwerksmotor-fuer-hochviskose-medien","20":"product_tag-robuster-ruehrwerksmotor","21":"product_tag-platzsparender-ruehrwerksmotor","22":"product_tag-ruehrwerksmotor-fuer-explosionsgefaehrdete-bereiche","23":"product_tag-ptm-bohrbild-ruehrwerksantrieb","24":"product_tag-ruehrwerksmotor-fuer-ueber-und-unterdruckanwendungen","25":"product_tag-atex-zertifizierter-ruehrwerksantrieb","26":"product_tag-wartungsarmer-ruehrwerksmotor","27":"product_tag-energieeffizienter-ruehrwerksmotor","28":"product_shipping_class-karton-paketversand","29":"pa_antriebsart-pneumatisch","30":"pa_antriebswelle-eco-drive-450-900-m12","31":"pa_antriebswelle-eco-drive-450-900-eco-quick-v3","32":"pa_atex-zone-0-1","33":"pa_dichtung-ptfe","34":"pa_durchmesser-108mm","35":"pa_ex-gas-ex-ii-1-2-g-ex-h-iic-t5-ga-gb","36":"pa_ex-staub-ex-ii-1-2-d-ex-h-iiic-t100c-da-db","37":"pa_geraeuschpegel-75db","38":"pa_labs-oel-und-silikonfrei","39":"pa_material-gehaeuse-aluminium-eloxiert","40":"pa_model-eco-seal-atex-zone-0-1","41":"pa_schutzart-ip67","42":"pa_steckverschraubung-abluft-eco-seal-1800-3600-schlauch-o12mm","43":"pa_steckverschraubung-abluft-eco-seal-450-900-schlauch-o10mm","44":"pa_steckverschraubung-zuluft-eco-seal-450-900-schlauch-o6mm","45":"pa_steckverschraubung-zuluft-eco-seal-1800-3600-schlauch-o8mm","46":"pa_versorgung-5-6bar","48":"first","49":"instock","50":"taxable","51":"shipping-taxable","52":"purchasable","53":"product-type-variable"},"bundled_by":[],"bundle_stock_status":"instock","bundle_stock_quantity":null,"bundle_virtual":false,"bundle_layout":"","bundle_add_to_cart_form_location":"","bundle_editable_in_cart":false,"bundle_sold_individually_context":"","bundle_item_grouping":"","bundle_min_size":"","bundle_max_size":"","bundle_price":[],"bundled_items":[],"bundle_sell_ids":[],"exclude_global_add_ons":[],"addons":[],"acf":[],"_links":{"self":[{"href":"https:\/\/ptm-mechatronics.com\/pt\/wp-json\/wp\/v2\/product\/13139","targetHints":{"allow":["GET"]}}],"collection":[{"href":"https:\/\/ptm-mechatronics.com\/pt\/wp-json\/wp\/v2\/product"}],"about":[{"href":"https:\/\/ptm-mechatronics.com\/pt\/wp-json\/wp\/v2\/types\/product"}],"replies":[{"embeddable":true,"href":"https:\/\/ptm-mechatronics.com\/pt\/wp-json\/wp\/v2\/comments?post=13139"}],"wp:featuredmedia":[{"embeddable":true,"href":"https:\/\/ptm-mechatronics.com\/pt\/wp-json\/wp\/v2\/media\/15516"}],"wp:attachment":[{"href":"https:\/\/ptm-mechatronics.com\/pt\/wp-json\/wp\/v2\/media?parent=13139"}],"wp:term":[{"taxonomy":"product_brand","embeddable":true,"href":"https:\/\/ptm-mechatronics.com\/pt\/wp-json\/wp\/v2\/product_brand?post=13139"},{"taxonomy":"product_cat","embeddable":true,"href":"https:\/\/ptm-mechatronics.com\/pt\/wp-json\/wp\/v2\/product_cat?post=13139"},{"taxonomy":"product_tag","embeddable":true,"href":"https:\/\/ptm-mechatronics.com\/pt\/wp-json\/wp\/v2\/product_tag?post=13139"}],"curies":[{"name":"wp","href":"https:\/\/api.w.org\/{rel}","templated":true}]}}