{"id":13105,"date":"2025-03-20T08:11:35","date_gmt":"2025-03-20T07:11:35","guid":{"rendered":"https:\/\/ptm-mechatronics.com\/?post_type=product&#038;p=13105"},"modified":"2025-11-07T15:53:57","modified_gmt":"2025-11-07T14:53:57","slug":"ruehrwerksantrieb-eco-drive-inox-mit-gewindenabe","status":"publish","type":"product","link":"https:\/\/ptm-mechatronics.com\/pt\/product\/ruehrwerksantrieb-eco-drive-inox-mit-gewindenabe\/","title":{"rendered":"Acionamento do agitador eco-Drive INOX, ATEX Zona 1, com cubo roscado"},"content":{"rendered":"<h3 data-start=\"0\" data-end=\"96\">Acionamento do agitador com certifica\u00e7\u00e3o ATEX - Higi\u00e9nico, potente e energeticamente eficiente<\/h3>\n<p data-start=\"98\" data-end=\"479\">O acionamento do agitador energeticamente eficiente, com certifica\u00e7\u00e3o ATEX, foi especialmente desenvolvido para processos exigentes de mistura, homogeneiza\u00e7\u00e3o e agita\u00e7\u00e3o em ambientes sens\u00edveis do ponto de vista higi\u00e9nico. Gra\u00e7as ao seu elevado bin\u00e1rio, o acionamento proporciona um resultado de agita\u00e7\u00e3o homog\u00e9neo, mesmo com meios altamente viscosos e em condi\u00e7\u00f5es extremas.<\/p>\n<p data-start=\"481\" data-end=\"749\">O padr\u00e3o de orif\u00edcios PTM permite que o variador seja montado diretamente, enquanto o seu design silencioso e economizador de espa\u00e7o permite uma integra\u00e7\u00e3o flex\u00edvel nos sistemas existentes. A sua conce\u00e7\u00e3o puramente mec\u00e2nica torna-o tamb\u00e9m extremamente robusto e de baixa manuten\u00e7\u00e3o.<\/p>\n<p data-start=\"751\" data-end=\"883\">Fabricado em a\u00e7o inoxid\u00e1vel V4A 1.4404 de alta qualidade, o acionamento do agitador cumpre as mais elevadas normas de higiene e seguran\u00e7a:<\/p>\n<ul>\n<li data-start=\"885\" data-end=\"1535\">Compat\u00edvel com produtos farmac\u00eauticos e alimentares - Perfeito para aplica\u00e7\u00f5es alimentares, farmac\u00eauticas e em salas limpas<\/li>\n<li data-start=\"885\" data-end=\"1535\">Resistente a \u00e1cidos e produtos qu\u00edmicos - Resistente a meios agressivos<\/li>\n<li data-start=\"885\" data-end=\"1535\">Esteriliz\u00e1vel e \u00e0 prova de \u00e1gua IP67 - Para m\u00e1xima higiene e durabilidade<\/li>\n<li data-start=\"885\" data-end=\"1535\">Classifica\u00e7\u00e3o da sala limpa de acordo com a norma DIN 14644 - Para os mais elevados requisitos de limpeza<\/li>\n<li data-start=\"885\" data-end=\"1535\">Design com bordas suaves - sem cantos sujos ou rebaixos para uma limpeza \u00f3ptima<\/li>\n<li data-start=\"885\" data-end=\"1535\">Superf\u00edcie electropolida - Minimiza a ader\u00eancia de germes e facilita a limpeza<\/li>\n<li data-start=\"885\" data-end=\"1535\">Grava\u00e7\u00e3o higi\u00e9nica a laser em vez de autocolantes - resistente \u00e0 abras\u00e3o e dur\u00e1vel, ideal para ambientes esterilizados<\/li>\n<\/ul>\n<p data-start=\"1537\" data-end=\"1717\">Este acionamento do agitador \u00e9 a solu\u00e7\u00e3o ideal para quem procura uma tecnologia de mistura de elevado desempenho, higi\u00e9nica e duradoura para aplica\u00e7\u00f5es higienicamente cr\u00edticas.<\/p>","protected":false},"excerpt":{"rendered":"<p>Acionamento do agitador com certifica\u00e7\u00e3o ATEX - a solu\u00e7\u00e3o potente, energeticamente eficiente e de baixa manuten\u00e7\u00e3o para processos de mistura industriais, ideal para meios altamente viscosos e atmosferas potencialmente explosivas.<\/p>","protected":false},"featured_media":15509,"comment_status":"open","ping_status":"closed","template":"","meta":{"_acf_changed":false},"product_brand":[],"product_cat":[595,632],"product_tag":[2597,2608,2598,2609,2599,2610,2600,2611,2575,2601,2612,2576,2602,2585,2603,2604,2594,2605,2595,2606,2596,2607],"class_list":{"0":"post-13105","1":"product","2":"type-product","3":"status-publish","4":"has-post-thumbnail","6":"product_cat-ruehrwerkstechnik","7":"product_cat-ruehrwerksantriebe","8":"product_tag-reinraum-ruehrwerksmotor-iso-1","9":"product_tag-soft-edge-design-ruehrwerksmotor","10":"product_tag-din-14644-ruehrwerksantrieb","11":"product_tag-ruehrwerksmotor-fuer-reinraeume","12":"product_tag-explosionsgeschuetzter-ruehrwerksmotor","13":"product_tag-hygienische-lasergravur-ruehrwerksmotor","14":"product_tag-ruehrwerksmotor-fuer-hochviskose-medien","15":"product_tag-edelstahl-ruehrwerksantrieb-fuer-reinraum","16":"product_tag-atex-zertifizierter-ruehrwerksantrieb","17":"product_tag-ruehrwerksmotor-fuer-lebensmittelindustrie","18":"product_tag-hygienischer-antrieb-fuer-pharmaindustrie","19":"product_tag-energieeffizienter-ruehrwerksmotor","20":"product_tag-ruehrwerksmotor-fuer-pharmaindustrie","21":"product_tag-langlebiger-ruehrwerksmotor","22":"product_tag-saeurebestaendiger-ruehrwerksmotor","23":"product_tag-chemikalienbestaendiger-ruehrwerksmotor","24":"product_tag-hygienischer-ruehrwerksmotor","25":"product_tag-ip68-wasserdichter-ruehrwerksmotor","26":"product_tag-ruehrwerksmotor-aus-v4a-edelstahl","27":"product_tag-sterilisierbarer-ruehrwerksmotor","28":"product_tag-elektropolierter-edelstahl-ruehrwerksmotor","29":"product_tag-vibrationsarmer-ruehrwerksantrieb","30":"product_shipping_class-karton-paketversand","31":"pa_antriebsart-pneumatisch","32":"pa_antriebswelle-eco-drive-450-900-m12","33":"pa_antriebswelle-eco-drive-1800-3600-m16","34":"pa_atex-zone-122122","35":"pa_dichtung-ptfe-fda-konform","36":"pa_durchmesser-eco-drive-450-900-108mm","37":"pa_durchmesser-eco-drive-1800-3600-169mm","38":"pa_ex-gas-ex-ii-2-g-ex-h-iic-t5-gb-x","39":"pa_ex-staub-ex-ii-2-d-ex-h-iiic-t100c-db-x","40":"pa_geraeuschpegel-75db","41":"pa_labs-oel-und-silikonfrei","42":"pa_material-gehaeuse-v4a-edelstahl-1-4404-elektropoliert","43":"pa_model-eco-drive-atex-zone-1-edelstahl","44":"pa_reinraumklassifizierung-iso1-nach-din14644","45":"pa_schutzart-ip67","46":"pa_steckverschraubung-abluft-eco-drive-450-900-schlauch-o10mm","47":"pa_steckverschraubung-abluft-eco-drive-1800-3600-schlauch-o12mm","48":"pa_steckverschraubung-zuluft-eco-drive-450-900-schlauch-o6mm","49":"pa_steckverschraubung-zuluft-eco-drive-1800-3600-schlauch-o8mm","50":"pa_versorgung-5-6bar","52":"first","53":"instock","54":"taxable","55":"shipping-taxable","56":"purchasable","57":"product-type-variable"},"bundled_by":[],"bundle_stock_status":"instock","bundle_stock_quantity":null,"bundle_virtual":false,"bundle_layout":"","bundle_add_to_cart_form_location":"","bundle_editable_in_cart":false,"bundle_sold_individually_context":"","bundle_item_grouping":"","bundle_min_size":"","bundle_max_size":"","bundle_price":[],"bundled_items":[],"bundle_sell_ids":[],"exclude_global_add_ons":[],"addons":[],"acf":[],"_links":{"self":[{"href":"https:\/\/ptm-mechatronics.com\/pt\/wp-json\/wp\/v2\/product\/13105","targetHints":{"allow":["GET"]}}],"collection":[{"href":"https:\/\/ptm-mechatronics.com\/pt\/wp-json\/wp\/v2\/product"}],"about":[{"href":"https:\/\/ptm-mechatronics.com\/pt\/wp-json\/wp\/v2\/types\/product"}],"replies":[{"embeddable":true,"href":"https:\/\/ptm-mechatronics.com\/pt\/wp-json\/wp\/v2\/comments?post=13105"}],"wp:featuredmedia":[{"embeddable":true,"href":"https:\/\/ptm-mechatronics.com\/pt\/wp-json\/wp\/v2\/media\/15509"}],"wp:attachment":[{"href":"https:\/\/ptm-mechatronics.com\/pt\/wp-json\/wp\/v2\/media?parent=13105"}],"wp:term":[{"taxonomy":"product_brand","embeddable":true,"href":"https:\/\/ptm-mechatronics.com\/pt\/wp-json\/wp\/v2\/product_brand?post=13105"},{"taxonomy":"product_cat","embeddable":true,"href":"https:\/\/ptm-mechatronics.com\/pt\/wp-json\/wp\/v2\/product_cat?post=13105"},{"taxonomy":"product_tag","embeddable":true,"href":"https:\/\/ptm-mechatronics.com\/pt\/wp-json\/wp\/v2\/product_tag?post=13105"}],"curies":[{"name":"wp","href":"https:\/\/api.w.org\/{rel}","templated":true}]}}