{"id":13073,"date":"2025-03-11T08:20:55","date_gmt":"2025-03-11T07:20:55","guid":{"rendered":"https:\/\/ptm-mechatronics.com\/?post_type=product&#038;p=13073"},"modified":"2026-04-30T17:04:27","modified_gmt":"2026-04-30T15:04:27","slug":"stativruehrwerk-pro-hygienic-design","status":"publish","type":"product","link":"https:\/\/ptm-mechatronics.com\/pt\/product\/stativruehrwerk-pro-hygienic-design\/","title":{"rendered":"Batedeira com design higi\u00e9nico"},"content":{"rendered":"<h1 data-start=\"100\" data-end=\"191\"><span style=\"font-size: 90%;\">Batedeira em a\u00e7o inoxid\u00e1vel - Design higi\u00e9nico para m\u00e1xima seguran\u00e7a alimentar<\/span><\/h1>\n<p data-start=\"193\" data-end=\"497\">A nossa batedeira em a\u00e7o inoxid\u00e1vel de alta qualidade foi especialmente desenvolvida para processos de mistura exigentes nas ind\u00fastrias alimentar, farmac\u00eautica e qu\u00edmica. Gra\u00e7as ao seu design higi\u00e9nico e \u00e0 sua constru\u00e7\u00e3o sem espa\u00e7o morto, garante a m\u00e1xima higiene e seguran\u00e7a alimentar.<\/p>\n<h4 data-start=\"499\" data-end=\"549\">Mistura perfeita com o m\u00e1ximo de higiene<\/h4>\n<p data-start=\"550\" data-end=\"827\">O agitador proporciona uma mistura potente e uniforme de l\u00edquidos, emuls\u00f5es e meios viscosos. Gra\u00e7as \u00e0s superf\u00edcies lisas em a\u00e7o inoxid\u00e1vel, \u00e9 f\u00e1cil de limpar e evita a contamina\u00e7\u00e3o do produto - ideal para aplica\u00e7\u00f5es cr\u00edticas em termos de higiene.<\/p>\n<h3 data-start=\"829\" data-end=\"869\">As suas vantagens num relance:<\/h3>\n<ul>\n<li data-start=\"870\" data-end=\"1412\">Design higi\u00e9nico - sem espa\u00e7o morto, f\u00e1cil de limpar, para os mais elevados requisitos de higiene<\/li>\n<li data-start=\"870\" data-end=\"1412\">Constru\u00e7\u00e3o em a\u00e7o inoxid\u00e1vel - resistente \u00e0 corros\u00e3o, robusto e duradouro<\/li>\n<li data-start=\"870\" data-end=\"1412\">Seguran\u00e7a alimentar - Materiais certificados para utiliza\u00e7\u00e3o na ind\u00fastria alimentar<\/li>\n<li data-start=\"870\" data-end=\"1412\">Acionamento \u00e0 sua escolha - el\u00e9trico ou pneum\u00e1tico, consoante as necessidades<\/li>\n<li data-start=\"870\" data-end=\"1412\">Certifica\u00e7\u00e3o ATEX - tamb\u00e9m adequado para utiliza\u00e7\u00e3o em atmosferas potencialmente explosivas<\/li>\n<li data-start=\"870\" data-end=\"1412\">Aplica\u00e7\u00e3o flex\u00edvel - Para diferentes tamanhos de contentores e processos de produ\u00e7\u00e3o, vasta gama de acess\u00f3rios<\/li>\n<\/ul>\n<h3 data-start=\"1414\" data-end=\"1440\">\u00c1reas de aplica\u00e7\u00e3o:<\/h3>\n<ul>\n<li data-start=\"1441\" data-end=\"1740\">Produ\u00e7\u00e3o alimentar (produtos l\u00e1cteos, molhos, bebidas)<\/li>\n<li data-start=\"1441\" data-end=\"1740\">Ind\u00fastria farmac\u00eautica (l\u00edquidos est\u00e9reis, cremes, pomadas)<\/li>\n<li data-start=\"1441\" data-end=\"1740\">Produ\u00e7\u00e3o de cosm\u00e9ticos (emuls\u00f5es, lo\u00e7\u00f5es, champ\u00f4s)<\/li>\n<li data-start=\"1441\" data-end=\"1740\">Ind\u00fastria qu\u00edmica (vernizes, tintas, solventes)<\/li>\n<li data-start=\"1441\" data-end=\"1740\">Zonas ATEX (atmosferas potencialmente explosivas)<\/li>\n<\/ul>\n<p data-start=\"1742\" data-end=\"1898\">Gra\u00e7as ao acabamento de alta qualidade e ao design sofisticado, a nossa batedeira cumpre todos os requisitos de higiene, efici\u00eancia e seguran\u00e7a.<\/p>\n<p data-start=\"1742\" data-end=\"1898\">A nossa batedeira em a\u00e7o inoxid\u00e1vel pode ser perfeitamente adaptada \u00e0s suas necessidades espec\u00edficas gra\u00e7as a uma vasta gama de op\u00e7\u00f5es e acess\u00f3rios - incluindo designs especiais para processos de mistura especiais.<\/p>","protected":false},"excerpt":{"rendered":"<p>Batedeira em a\u00e7o inoxid\u00e1vel com design higi\u00e9nico para m\u00e1xima seguran\u00e7a alimentar, dispon\u00edvel com acionamento el\u00e9trico ou pneum\u00e1tico, certificada pela ATEX, op\u00e7\u00f5es e acess\u00f3rios vers\u00e1teis<\/p>","protected":false},"featured_media":15501,"comment_status":"open","ping_status":"closed","template":"","meta":{"_acf_changed":false},"product_brand":[],"product_cat":[595,614],"product_tag":[2547,2558,2548,2559,2549,2560,2550,2561,2551,2562,2552,2553,2554,2544,2555,2545,2556,2546,2557],"class_list":{"0":"post-13073","1":"product","2":"type-product","3":"status-publish","4":"has-post-thumbnail","6":"product_cat-ruehrwerkstechnik","7":"product_cat-containerruehrwerke","8":"product_tag-lebensmittelsicherheit-ruehrwerk","9":"product_tag-lebensmittelruehrwerk-edelstahl","10":"product_tag-atex-ruehrwerk-edelstahl","11":"product_tag-pharma-ruehrwerk-edelstahl","12":"product_tag-pneumatisches-ruehrwerk-atex","13":"product_tag-chemie-ruehrwerk-edelstahl","14":"product_tag-elektrisches-stativruehrwerk","15":"product_tag-pneumatisches-ruehrwerk-fuer-lebensmittel","16":"product_tag-industrie-ruehrwerk-edelstahl","17":"product_tag-ruehrwerk-mit-drehzahlregelung","18":"product_tag-ruehrwerk-mit-hygienic-design","19":"product_tag-edelstahl-ruehrwerk-lebensmittel","20":"product_tag-ruehrwerk-atex-zertifiziert","21":"product_tag-stativruehrwerk-edelstahl","22":"product_tag-mischtechnik-edelstahl","23":"product_tag-hygienic-design-ruehrwerk","24":"product_tag-hygienisches-ruehrwerk","25":"product_tag-ruehrwerk-fuer-lebensmittelindustrie","26":"product_tag-edelstahlruehrwerk-mit-atex","27":"product_shipping_class-sonderpalette-speditionsversand","28":"pa_antriebsart-elektrisch","29":"pa_antriebsart-pneumatisch","30":"pa_atex-zone-0-1","31":"pa_atex-zone-122122","32":"pa_behaeltervolumen-60-liter","33":"pa_behaeltervolumen-30-liter","34":"pa_behaeltervolumen-100-liter","35":"pa_behaeltervolumen-200-liter","36":"pa_behaeltervolumen-ibc","37":"pa_dichtung-ptfe","38":"pa_ex-gas-ex-ii-2-g-ex-h-iic-t5-gb-x","39":"pa_ex-staub-ex-ii-2-d-ex-h-iiic-t100c-db-x","40":"pa_labs-oel-und-silikonfrei","41":"pa_material-deckel-v4a-edelstahl-1-4404","42":"pa_model-eco-station-pro","43":"pa_typ-stativruehrwerk","45":"first","46":"outofstock","47":"taxable","48":"shipping-taxable","49":"product-type-simple"},"bundled_by":[],"bundle_stock_status":"outofstock","bundle_stock_quantity":null,"bundle_virtual":false,"bundle_layout":"","bundle_add_to_cart_form_location":"","bundle_editable_in_cart":false,"bundle_sold_individually_context":"","bundle_item_grouping":"","bundle_min_size":"","bundle_max_size":"","bundle_price":[],"bundled_items":[],"bundle_sell_ids":[],"exclude_global_add_ons":[],"addons":[],"acf":[],"_links":{"self":[{"href":"https:\/\/ptm-mechatronics.com\/pt\/wp-json\/wp\/v2\/product\/13073","targetHints":{"allow":["GET"]}}],"collection":[{"href":"https:\/\/ptm-mechatronics.com\/pt\/wp-json\/wp\/v2\/product"}],"about":[{"href":"https:\/\/ptm-mechatronics.com\/pt\/wp-json\/wp\/v2\/types\/product"}],"replies":[{"embeddable":true,"href":"https:\/\/ptm-mechatronics.com\/pt\/wp-json\/wp\/v2\/comments?post=13073"}],"wp:featuredmedia":[{"embeddable":true,"href":"https:\/\/ptm-mechatronics.com\/pt\/wp-json\/wp\/v2\/media\/15501"}],"wp:attachment":[{"href":"https:\/\/ptm-mechatronics.com\/pt\/wp-json\/wp\/v2\/media?parent=13073"}],"wp:term":[{"taxonomy":"product_brand","embeddable":true,"href":"https:\/\/ptm-mechatronics.com\/pt\/wp-json\/wp\/v2\/product_brand?post=13073"},{"taxonomy":"product_cat","embeddable":true,"href":"https:\/\/ptm-mechatronics.com\/pt\/wp-json\/wp\/v2\/product_cat?post=13073"},{"taxonomy":"product_tag","embeddable":true,"href":"https:\/\/ptm-mechatronics.com\/pt\/wp-json\/wp\/v2\/product_tag?post=13073"}],"curies":[{"name":"wp","href":"https:\/\/api.w.org\/{rel}","templated":true}]}}