{"id":13051,"date":"2025-02-25T09:00:39","date_gmt":"2025-02-25T08:00:39","guid":{"rendered":"https:\/\/ptm-mechatronics.com\/?post_type=product&#038;p=13051"},"modified":"2025-11-07T15:53:43","modified_gmt":"2025-11-07T14:53:43","slug":"propeller-ptfe-mit-ruehrwelle","status":"publish","type":"product","link":"https:\/\/ptm-mechatronics.com\/pt\/product\/propeller-ptfe-mit-ruehrwelle\/","title":{"rendered":"H\u00e9lice em PTFE com veio agitador"},"content":{"rendered":"<p data-start=\"82\" data-end=\"587\">A h\u00e9lice de PTFE (politetrafluoroetileno) \u00e9 a solu\u00e7\u00e3o ideal para processos de agita\u00e7\u00e3o e mistura exigentes, especialmente nas ind\u00fastrias qu\u00edmica, farmac\u00eautica e biotecnol\u00f3gica. Gra\u00e7as \u00e0 sua excelente resist\u00eancia qu\u00edmica, \u00e9 perfeita para meios agressivos, aplica\u00e7\u00f5es de elevada pureza e subst\u00e2ncias sens\u00edveis. A geometria especial da h\u00e9lice assegura a gera\u00e7\u00e3o de um fluxo eficiente, pelo que os l\u00edquidos s\u00e3o misturados e homogeneizados de forma \u00f3ptima.<\/p>\n<h3 data-start=\"589\" data-end=\"624\">Carater\u00edsticas e vantagens:<\/h3>\n<ul data-start=\"625\" data-end=\"964\">\n<li data-start=\"625\" data-end=\"713\">Elevada resist\u00eancia qu\u00edmica - resistente a \u00e1cidos, \u00e1lcalis e solventes<\/li>\n<li data-start=\"714\" data-end=\"800\">Mistura \u00f3ptima - Gera\u00e7\u00e3o de fluxo eficiente para misturas homog\u00e9neas<\/li>\n<li data-start=\"801\" data-end=\"872\">Propriedades antiaderentes - Evita a ader\u00eancia e os dep\u00f3sitos<\/li>\n<li data-start=\"873\" data-end=\"964\">Sem corros\u00e3o e resistente \u00e0 temperatura - Ideal para processos agressivos ou de elevada pureza<\/li>\n<\/ul>\n<h3 data-start=\"966\" data-end=\"991\">Funcionalidade:<\/h3>\n<p data-start=\"992\" data-end=\"1288\">Gra\u00e7as \u00e0 sua geometria especial das p\u00e1s, a h\u00e9lice de PTFE gera um fluxo axial que assegura uma distribui\u00e7\u00e3o uniforme de l\u00edquidos e s\u00f3lidos. Gra\u00e7as ao baixo atrito e \u00e0s propriedades antiaderentes, o material permanece limpo e reduz os dep\u00f3sitos no processo de agita\u00e7\u00e3o.<\/p>\n<h3 data-start=\"1290\" data-end=\"1319\">\u00c1reas de aplica\u00e7\u00e3o:<\/h3>\n<ul data-start=\"1320\" data-end=\"1450\">\n<li data-start=\"1320\" data-end=\"1343\">Ind\u00fastria qu\u00edmica<\/li>\n<li data-start=\"1344\" data-end=\"1374\">Produ\u00e7\u00e3o farmac\u00eautica<\/li>\n<li data-start=\"1375\" data-end=\"1408\">Biotecnologia e Tecnologia Laboratorial<\/li>\n<li data-start=\"1409\" data-end=\"1450\">Produ\u00e7\u00e3o de alimentos e cosm\u00e9ticos<\/li>\n<\/ul>\n<p data-start=\"1452\" data-end=\"1612\">Com uma h\u00e9lice de PTFE, pode confiar numa ferramenta agitadora dur\u00e1vel e resistente a produtos qu\u00edmicos que cumpre os mais elevados padr\u00f5es de pureza e efici\u00eancia.<\/p>","protected":false},"excerpt":{"rendered":"<p>Agitador resistente a produtos qu\u00edmicos, fluxo axial para uma mistura eficaz e homog\u00e9nea.<\/p>","protected":false},"featured_media":15498,"comment_status":"open","ping_status":"closed","template":"","meta":{"_acf_changed":false},"product_brand":[],"product_cat":[595,596,1421],"product_tag":[2524,2525,2526,2527,2528,2529,2530,2531,2502,2532,2511,2533,2523,2534],"class_list":{"0":"post-13051","1":"product","2":"type-product","3":"status-publish","4":"has-post-thumbnail","6":"product_cat-ruehrwerkstechnik","7":"product_cat-laborruehrer","8":"product_cat-zubehoer-ruehrwerkstechnik","9":"product_tag-chemikalienbestaendiger-propeller","10":"product_tag-ptfe-ruehrwerk","11":"product_tag-axiale-stroemung","12":"product_tag-pharmaindustrie","13":"product_tag-labortechnik","14":"product_tag-biotechnologische-prozesse","15":"product_tag-aggressive-chemikalien","16":"product_tag-korrosionsfreier-propeller","17":"product_tag-mischtechnik","18":"product_tag-hochreine-anwendungen","19":"product_tag-ruehrwerk","20":"product_tag-industrielles-ruehrwerk","21":"product_tag-ptfe-propeller","22":"product_tag-ptfe-ruehrfluegel","23":"product_shipping_class-karton-paketversand","24":"pa_material-ex-ptfe-leitfaehig-1-000kohm","26":"first","27":"outofstock","28":"taxable","29":"shipping-taxable","30":"product-type-simple"},"bundled_by":[],"bundle_stock_status":"outofstock","bundle_stock_quantity":null,"bundle_virtual":false,"bundle_layout":"","bundle_add_to_cart_form_location":"","bundle_editable_in_cart":false,"bundle_sold_individually_context":"","bundle_item_grouping":"","bundle_min_size":"","bundle_max_size":"","bundle_price":[],"bundled_items":[],"bundle_sell_ids":[],"exclude_global_add_ons":[],"addons":[],"acf":[],"_links":{"self":[{"href":"https:\/\/ptm-mechatronics.com\/pt\/wp-json\/wp\/v2\/product\/13051","targetHints":{"allow":["GET"]}}],"collection":[{"href":"https:\/\/ptm-mechatronics.com\/pt\/wp-json\/wp\/v2\/product"}],"about":[{"href":"https:\/\/ptm-mechatronics.com\/pt\/wp-json\/wp\/v2\/types\/product"}],"replies":[{"embeddable":true,"href":"https:\/\/ptm-mechatronics.com\/pt\/wp-json\/wp\/v2\/comments?post=13051"}],"wp:featuredmedia":[{"embeddable":true,"href":"https:\/\/ptm-mechatronics.com\/pt\/wp-json\/wp\/v2\/media\/15498"}],"wp:attachment":[{"href":"https:\/\/ptm-mechatronics.com\/pt\/wp-json\/wp\/v2\/media?parent=13051"}],"wp:term":[{"taxonomy":"product_brand","embeddable":true,"href":"https:\/\/ptm-mechatronics.com\/pt\/wp-json\/wp\/v2\/product_brand?post=13051"},{"taxonomy":"product_cat","embeddable":true,"href":"https:\/\/ptm-mechatronics.com\/pt\/wp-json\/wp\/v2\/product_cat?post=13051"},{"taxonomy":"product_tag","embeddable":true,"href":"https:\/\/ptm-mechatronics.com\/pt\/wp-json\/wp\/v2\/product_tag?post=13051"}],"curies":[{"name":"wp","href":"https:\/\/api.w.org\/{rel}","templated":true}]}}