{"id":13049,"date":"2025-02-25T08:53:10","date_gmt":"2025-02-25T07:53:10","guid":{"rendered":"https:\/\/ptm-mechatronics.com\/?post_type=product&#038;p=13049"},"modified":"2025-11-07T15:53:41","modified_gmt":"2025-11-07T14:53:41","slug":"wendelruehrer-mit-ruehrwelle","status":"publish","type":"product","link":"https:\/\/ptm-mechatronics.com\/pt\/product\/wendelruehrer-mit-ruehrwelle\/","title":{"rendered":"Agitador em espiral com eixo de agita\u00e7\u00e3o"},"content":{"rendered":"<p data-start=\"74\" data-end=\"480\">O agitador em espiral \u00e9 uma poderosa ferramenta de agita\u00e7\u00e3o que foi especialmente desenvolvida para uma mistura suave mas eficaz de materiais altamente viscosos. A sua geometria em espiral assegura uma mistura uniforme e evita a forma\u00e7\u00e3o de bolsas de ar. Ideal para aplica\u00e7\u00f5es na ind\u00fastria qu\u00edmica, qu\u00edmica de constru\u00e7\u00e3o, produ\u00e7\u00e3o alimentar e fabrico de cosm\u00e9ticos.<\/p>\n<h3 data-start=\"482\" data-end=\"517\">Carater\u00edsticas e vantagens:<\/h3>\n<ul data-start=\"518\" data-end=\"846\">\n<li data-start=\"518\" data-end=\"594\">Mistura eficiente - Homogeneidade \u00f3ptima sem bolsas de ar<\/li>\n<li data-start=\"595\" data-end=\"671\">Processamento suave - Reduz as for\u00e7as de corte e o stress do material<\/li>\n<li data-start=\"672\" data-end=\"748\">Constru\u00e7\u00e3o robusta - materiais de alta qualidade para uma longa vida \u00fatil<\/li>\n<li data-start=\"749\" data-end=\"846\">Aplica\u00e7\u00f5es vers\u00e1teis - Ideal para l\u00edquidos altamente viscosos e subst\u00e2ncias pastosas<\/li>\n<\/ul>\n<h3 data-start=\"848\" data-end=\"873\">Funcionalidade:<\/h3>\n<p data-start=\"874\" data-end=\"1181\">O movimento em espiral do agitador espiral cria um fluxo vertical que conduz o material de baixo para cima. Isto assegura uma distribui\u00e7\u00e3o homog\u00e9nea e evita dep\u00f3sitos no fundo do recipiente. Particularmente adequado para meios viscosos, como resinas, adesivos, tintas e argamassa.<\/p>\n<h3 data-start=\"1183\" data-end=\"1212\">\u00c1reas de aplica\u00e7\u00e3o:<\/h3>\n<ul data-start=\"1213\" data-end=\"1326\">\n<li data-start=\"1213\" data-end=\"1236\">Ind\u00fastria qu\u00edmica<\/li>\n<li data-start=\"1237\" data-end=\"1275\">Produtos qu\u00edmicos para constru\u00e7\u00e3o (argamassa, compostos de nivelamento)<\/li>\n<li data-start=\"1276\" data-end=\"1302\">Produ\u00e7\u00e3o alimentar<\/li>\n<li data-start=\"1303\" data-end=\"1326\">Produ\u00e7\u00e3o de cosm\u00e9ticos<\/li>\n<\/ul>\n<p data-start=\"1328\" data-end=\"1462\">Com o agitador em espiral, pode otimizar os seus processos de mistura e obter um processamento uniforme e sem ar dos seus materiais.<\/p>","protected":false},"excerpt":{"rendered":"<p>Agitador em espiral com geometria em espiral para uma mistura eficiente e suave de materiais altamente viscosos.<\/p>","protected":false},"featured_media":15497,"comment_status":"open","ping_status":"closed","template":"","meta":{"_acf_changed":false},"product_brand":[],"product_cat":[596,1421,595],"product_tag":[2511,2515,2516,2518,2497,2519,2501,2520,2502,2521,2503,2522,2505,2507,2508],"class_list":{"0":"post-13049","1":"product","2":"type-product","3":"status-publish","4":"has-post-thumbnail","6":"product_cat-laborruehrer","7":"product_cat-zubehoer-ruehrwerkstechnik","8":"product_cat-ruehrwerkstechnik","9":"product_tag-ruehrwerk","10":"product_tag-lebensmittelproduktion","11":"product_tag-kosmetikherstellung","12":"product_tag-wendelruehrer","13":"product_tag-industriemischer","14":"product_tag-spachtelmassen","15":"product_tag-homogene-durchmischung","16":"product_tag-harze","17":"product_tag-mischtechnik","18":"product_tag-lacke","19":"product_tag-ruehrwerkzeug","20":"product_tag-klebstoffe","21":"product_tag-chemische-industrie","22":"product_tag-bauchemie","23":"product_tag-hochviskose-fluessigkeiten","24":"product_shipping_class-karton-paketversand","25":"pa_material-v4a-edelstahl-1-4404","27":"first","28":"outofstock","29":"taxable","30":"shipping-taxable","31":"product-type-simple"},"bundled_by":[],"bundle_stock_status":"outofstock","bundle_stock_quantity":null,"bundle_virtual":false,"bundle_layout":"","bundle_add_to_cart_form_location":"","bundle_editable_in_cart":false,"bundle_sold_individually_context":"","bundle_item_grouping":"","bundle_min_size":"","bundle_max_size":"","bundle_price":[],"bundled_items":[],"bundle_sell_ids":[],"exclude_global_add_ons":[],"addons":[],"acf":[],"_links":{"self":[{"href":"https:\/\/ptm-mechatronics.com\/pt\/wp-json\/wp\/v2\/product\/13049","targetHints":{"allow":["GET"]}}],"collection":[{"href":"https:\/\/ptm-mechatronics.com\/pt\/wp-json\/wp\/v2\/product"}],"about":[{"href":"https:\/\/ptm-mechatronics.com\/pt\/wp-json\/wp\/v2\/types\/product"}],"replies":[{"embeddable":true,"href":"https:\/\/ptm-mechatronics.com\/pt\/wp-json\/wp\/v2\/comments?post=13049"}],"wp:featuredmedia":[{"embeddable":true,"href":"https:\/\/ptm-mechatronics.com\/pt\/wp-json\/wp\/v2\/media\/15497"}],"wp:attachment":[{"href":"https:\/\/ptm-mechatronics.com\/pt\/wp-json\/wp\/v2\/media?parent=13049"}],"wp:term":[{"taxonomy":"product_brand","embeddable":true,"href":"https:\/\/ptm-mechatronics.com\/pt\/wp-json\/wp\/v2\/product_brand?post=13049"},{"taxonomy":"product_cat","embeddable":true,"href":"https:\/\/ptm-mechatronics.com\/pt\/wp-json\/wp\/v2\/product_cat?post=13049"},{"taxonomy":"product_tag","embeddable":true,"href":"https:\/\/ptm-mechatronics.com\/pt\/wp-json\/wp\/v2\/product_tag?post=13049"}],"curies":[{"name":"wp","href":"https:\/\/api.w.org\/{rel}","templated":true}]}}