{"id":13047,"date":"2025-02-25T08:42:33","date_gmt":"2025-02-25T07:42:33","guid":{"rendered":"https:\/\/ptm-mechatronics.com\/?post_type=product&#038;p=13047"},"modified":"2025-11-07T15:53:40","modified_gmt":"2025-11-07T14:53:40","slug":"scheibenruehrer-mit-ruehrwelle","status":"publish","type":"product","link":"https:\/\/ptm-mechatronics.com\/pt\/product\/scheibenruehrer-mit-ruehrwelle\/","title":{"rendered":"Agitador de discos com eixo de agita\u00e7\u00e3o"},"content":{"rendered":"<p data-start=\"76\" data-end=\"467\">O agitador de discos \u00e9 um dispositivo de agita\u00e7\u00e3o potente, ideal para dispersar, homogeneizar e emulsionar l\u00edquidos e s\u00f3lidos. Gra\u00e7as \u00e0 sua geometria especial, o agitador gera elevadas for\u00e7as de cisalhamento e assegura uma mistura uniforme na ind\u00fastria qu\u00edmica, na produ\u00e7\u00e3o de tintas e vernizes, bem como na produ\u00e7\u00e3o de alimentos e cosm\u00e9ticos.<\/p>\n<h3 data-start=\"469\" data-end=\"504\">Carater\u00edsticas e vantagens:<\/h3>\n<ul data-start=\"505\" data-end=\"958\">\n<li data-start=\"505\" data-end=\"591\">Elevado efeito de cisalhamento para uma \u00f3ptima cominui\u00e7\u00e3o e distribui\u00e7\u00e3o das part\u00edculas<\/li>\n<li data-start=\"592\" data-end=\"666\">Mistura eficiente de l\u00edquidos e pastas altamente viscosos<\/li>\n<li data-start=\"667\" data-end=\"764\">Constru\u00e7\u00e3o robusta em a\u00e7o inoxid\u00e1vel de alta qualidade para maior durabilidade e resist\u00eancia \u00e0 corros\u00e3o<\/li>\n<li data-start=\"765\" data-end=\"857\">Utiliza\u00e7\u00e3o vers\u00e1til nas ind\u00fastrias qu\u00edmica, farmac\u00eautica e cosm\u00e9tica<\/li>\n<li data-start=\"858\" data-end=\"958\">Personaliz\u00e1vel - diferentes di\u00e2metros e materiais para aplica\u00e7\u00f5es espec\u00edficas<\/li>\n<\/ul>\n<h3 data-start=\"960\" data-end=\"985\">Funcionalidade:<\/h3>\n<p data-start=\"986\" data-end=\"1264\">Com o seu disco rotativo, o agitador de discos gera uma turbul\u00eancia intensa que dispersa eficazmente os s\u00f3lidos e mistura homogeneamente os l\u00edquidos. Isto produz emuls\u00f5es extremamente finas e dispers\u00f5es uniformes que oferecem \u00f3ptimas propriedades de processamento.<\/p>\n<h3 data-start=\"1266\" data-end=\"1295\">\u00c1reas de aplica\u00e7\u00e3o:<\/h3>\n<ul data-start=\"1296\" data-end=\"1447\">\n<li data-start=\"1296\" data-end=\"1325\">Ind\u00fastria de tintas e vernizes<\/li>\n<li data-start=\"1326\" data-end=\"1370\">Produ\u00e7\u00e3o qu\u00edmica e farmac\u00eautica<\/li>\n<li data-start=\"1371\" data-end=\"1412\">Cosm\u00e9ticos e produ\u00e7\u00e3o alimentar<\/li>\n<li data-start=\"1413\" data-end=\"1447\">Qu\u00edmica da constru\u00e7\u00e3o e tecnologia de adesivos<\/li>\n<\/ul>\n<p data-start=\"1449\" data-end=\"1569\">Confie no agitador de discos para obter a m\u00e1xima efici\u00eancia e uma qualidade consistentemente elevada nos seus processos de mistura.<\/p>","protected":false},"excerpt":{"rendered":"<p>Agitador de disco com for\u00e7as de cisalhamento elevadas para uma dispers\u00e3o, homogeneiza\u00e7\u00e3o e emulsifica\u00e7\u00e3o eficientes.<\/p>","protected":false},"featured_media":15496,"comment_status":"open","ping_status":"closed","template":"","meta":{"_acf_changed":false},"product_brand":[],"product_cat":[595,596,1421],"product_tag":[2499,2516,2500,2517,2502,2505,2507,2510,2511,2512,2496,2513,2497,2514,2498,2515],"class_list":{"0":"post-13047","1":"product","2":"type-product","3":"status-publish","4":"has-post-thumbnail","6":"product_cat-ruehrwerkstechnik","7":"product_cat-laborruehrer","8":"product_cat-zubehoer-ruehrwerkstechnik","9":"product_tag-scherkraefte","10":"product_tag-kosmetikherstellung","11":"product_tag-dispergieren","12":"product_tag-edelstahl-ruehrwerk","13":"product_tag-mischtechnik","14":"product_tag-chemische-industrie","15":"product_tag-bauchemie","16":"product_tag-scheibenruehrer","17":"product_tag-ruehrwerk","18":"product_tag-homogenisieren","19":"product_tag-ruehrorgan","20":"product_tag-emulgieren","21":"product_tag-industriemischer","22":"product_tag-farben-und-lackherstellung","23":"product_tag-hochleistungsmischer","24":"product_tag-lebensmittelproduktion","25":"product_shipping_class-karton-paketversand","26":"pa_material-v4a-edelstahl-1-4404","28":"first","29":"outofstock","30":"taxable","31":"shipping-taxable","32":"product-type-simple"},"bundled_by":[],"bundle_stock_status":"outofstock","bundle_stock_quantity":null,"bundle_virtual":false,"bundle_layout":"","bundle_add_to_cart_form_location":"","bundle_editable_in_cart":false,"bundle_sold_individually_context":"","bundle_item_grouping":"","bundle_min_size":"","bundle_max_size":"","bundle_price":[],"bundled_items":[],"bundle_sell_ids":[],"exclude_global_add_ons":[],"addons":[],"acf":[],"_links":{"self":[{"href":"https:\/\/ptm-mechatronics.com\/pt\/wp-json\/wp\/v2\/product\/13047","targetHints":{"allow":["GET"]}}],"collection":[{"href":"https:\/\/ptm-mechatronics.com\/pt\/wp-json\/wp\/v2\/product"}],"about":[{"href":"https:\/\/ptm-mechatronics.com\/pt\/wp-json\/wp\/v2\/types\/product"}],"replies":[{"embeddable":true,"href":"https:\/\/ptm-mechatronics.com\/pt\/wp-json\/wp\/v2\/comments?post=13047"}],"wp:featuredmedia":[{"embeddable":true,"href":"https:\/\/ptm-mechatronics.com\/pt\/wp-json\/wp\/v2\/media\/15496"}],"wp:attachment":[{"href":"https:\/\/ptm-mechatronics.com\/pt\/wp-json\/wp\/v2\/media?parent=13047"}],"wp:term":[{"taxonomy":"product_brand","embeddable":true,"href":"https:\/\/ptm-mechatronics.com\/pt\/wp-json\/wp\/v2\/product_brand?post=13047"},{"taxonomy":"product_cat","embeddable":true,"href":"https:\/\/ptm-mechatronics.com\/pt\/wp-json\/wp\/v2\/product_cat?post=13047"},{"taxonomy":"product_tag","embeddable":true,"href":"https:\/\/ptm-mechatronics.com\/pt\/wp-json\/wp\/v2\/product_tag?post=13047"}],"curies":[{"name":"wp","href":"https:\/\/api.w.org\/{rel}","templated":true}]}}