{"id":13023,"date":"2025-02-12T09:52:34","date_gmt":"2025-02-12T08:52:34","guid":{"rendered":"https:\/\/ptm-mechatronics.com\/?post_type=product&#038;p=13023"},"modified":"2026-03-09T10:23:35","modified_gmt":"2026-03-09T09:23:35","slug":"hobbock-fixierung-fuer-kleingebindestative","status":"publish","type":"product","link":"https:\/\/ptm-mechatronics.com\/pt\/product\/hobbock-fixierung-fuer-kleingebindestative\/","title":{"rendered":"Fixa\u00e7\u00e3o Hobbock para suportes de encaderna\u00e7\u00e3o pequenos"},"content":{"rendered":"<h1 data-start=\"90\" data-end=\"188\"><span style=\"font-size: 90%;\">Fixa\u00e7\u00e3o universal para pequenas bancadas de aglutina\u00e7\u00e3o - Ideal para agitadores de bancadas PTM e laborat\u00f3rios<\/span><\/h1>\n<p data-start=\"190\" data-end=\"577\">M\u00e1xima flexibilidade para o seu agitador! A nossa fixa\u00e7\u00e3o de alta qualidade para pequenos suportes de aglutina\u00e7\u00e3o pode ser facilmente montada sob qualquer PTM <a href=\"https:\/\/ptm-mechatronics.com\/pt\/product\/stativruehrwerk-fuer-30-liter-fass-antrieb-atex-zone-1\/\" target=\"_blank\" rel=\"noopener\">Agitador de p\u00e9 para bid\u00f5es de 30 litros<\/a> ou <a href=\"https:\/\/ptm-mechatronics.com\/pt\/product\/stativruehrwerk-fuer-kleingebinde-antrieb-atex-zone-1\/\" target=\"_blank\" rel=\"noopener\">Batedeiras para pequenos recipientes e laborat\u00f3rio<\/a> mont\u00e1vel. Proporciona uma arruma\u00e7\u00e3o segura e est\u00e1vel para um m\u00e1ximo de tr\u00eas caixas de folha de Flandres ou blocos de placas pr\u00e9-definidos, permitindo-lhe trabalhar de forma eficiente e flex\u00edvel.<\/p>\n<p data-start=\"579\" data-end=\"759\">Gra\u00e7as ao suporte de fixa\u00e7\u00e3o preciso, os recipientes permanecem fixos de forma fi\u00e1vel no lugar - sem torcer ou escorregar. Ideal para aplica\u00e7\u00f5es industriais, laborat\u00f3rios e produ\u00e7\u00e3o.<\/p>\n<ul>\n<li data-start=\"761\" data-end=\"946\">Instala\u00e7\u00e3o simples e compatibilidade universal<\/li>\n<li data-start=\"761\" data-end=\"946\">Fixa\u00e7\u00e3o segura e \u00e0 prova de tor\u00e7\u00e3o para diferentes tamanhos de contentores<\/li>\n<li data-start=\"761\" data-end=\"946\">Perfeito para batedeiras PTM e utiliza\u00e7\u00e3o em laborat\u00f3rio<\/li>\n<\/ul>\n<p data-start=\"948\" data-end=\"1070\">Ap\u00f3s a compra, entraremos em contacto consigo para personalizar as dimens\u00f5es adequadas dos contentores.<\/p>\n<p data-start=\"948\" data-end=\"1070\">\u00c2mbito de fornecimento sem suporte\/batedeira<\/p>","protected":false},"excerpt":{"rendered":"<p>A fixa\u00e7\u00e3o para pequenos suportes de aglutina\u00e7\u00e3o protege at\u00e9 tr\u00eas recipientes contra a tor\u00e7\u00e3o e pode ser facilmente montada sob os misturadores de suporte PTM.<\/p>","protected":false},"featured_media":15493,"comment_status":"open","ping_status":"closed","template":"","meta":{"_acf_changed":false},"product_brand":[],"product_cat":[595,612],"product_tag":[2492,2493,2494,2489,2490,2491],"class_list":{"0":"post-13023","1":"product","2":"type-product","3":"status-publish","4":"has-post-thumbnail","6":"product_cat-ruehrwerkstechnik","7":"product_cat-kleingebinderuehrwerke","8":"product_tag-kleingebinde-ruehrwerk","9":"product_tag-laborruehrwerk-halterung","10":"product_tag-verdrehsichere-fixierung-behaelter","11":"product_tag-fixierung-fuer-kleingebindestative","12":"product_tag-stativruehrwerk-fixierung","13":"product_tag-ptm-stativruehrwerk-zubehoer","14":"product_shipping_class-europalette-speditionsversand","15":"pa_typ-stativruehrwerk","17":"first","18":"instock","19":"taxable","20":"shipping-taxable","21":"purchasable","22":"product-type-simple"},"bundled_by":[],"bundle_stock_status":"instock","bundle_stock_quantity":null,"bundle_virtual":false,"bundle_layout":"","bundle_add_to_cart_form_location":"","bundle_editable_in_cart":false,"bundle_sold_individually_context":"","bundle_item_grouping":"","bundle_min_size":"","bundle_max_size":"","bundle_price":[],"bundled_items":[],"bundle_sell_ids":[],"exclude_global_add_ons":[],"addons":[],"acf":[],"_links":{"self":[{"href":"https:\/\/ptm-mechatronics.com\/pt\/wp-json\/wp\/v2\/product\/13023","targetHints":{"allow":["GET"]}}],"collection":[{"href":"https:\/\/ptm-mechatronics.com\/pt\/wp-json\/wp\/v2\/product"}],"about":[{"href":"https:\/\/ptm-mechatronics.com\/pt\/wp-json\/wp\/v2\/types\/product"}],"replies":[{"embeddable":true,"href":"https:\/\/ptm-mechatronics.com\/pt\/wp-json\/wp\/v2\/comments?post=13023"}],"wp:featuredmedia":[{"embeddable":true,"href":"https:\/\/ptm-mechatronics.com\/pt\/wp-json\/wp\/v2\/media\/15493"}],"wp:attachment":[{"href":"https:\/\/ptm-mechatronics.com\/pt\/wp-json\/wp\/v2\/media?parent=13023"}],"wp:term":[{"taxonomy":"product_brand","embeddable":true,"href":"https:\/\/ptm-mechatronics.com\/pt\/wp-json\/wp\/v2\/product_brand?post=13023"},{"taxonomy":"product_cat","embeddable":true,"href":"https:\/\/ptm-mechatronics.com\/pt\/wp-json\/wp\/v2\/product_cat?post=13023"},{"taxonomy":"product_tag","embeddable":true,"href":"https:\/\/ptm-mechatronics.com\/pt\/wp-json\/wp\/v2\/product_tag?post=13023"}],"curies":[{"name":"wp","href":"https:\/\/api.w.org\/{rel}","templated":true}]}}