{"id":12842,"date":"2025-01-22T10:29:24","date_gmt":"2025-01-22T09:29:24","guid":{"rendered":"https:\/\/ptm-mechatronics.com\/?post_type=product&#038;p=12842"},"modified":"2026-03-09T11:15:52","modified_gmt":"2026-03-09T10:15:52","slug":"druckluftmotor-inox-pmo3600-mit-anschlussblock","status":"publish","type":"product","link":"https:\/\/ptm-mechatronics.com\/pt\/product\/druckluftmotor-inox-pmo3600-mit-anschlussblock\/","title":{"rendered":"Motor pneum\u00e1tico INOX, PMO3600 com bloco de liga\u00e7\u00e3o"},"content":{"rendered":"<div id=\"tab-description\" class=\"woocommerce-Tabs-panel woocommerce-Tabs-panel--description panel entry-content active\" role=\"tabpanel\" aria-labelledby=\"tab-title-description\">\n<div id=\"tab-description\" class=\"woocommerce-Tabs-panel woocommerce-Tabs-panel--description panel entry-content active\" role=\"tabpanel\" aria-labelledby=\"tab-title-description\">\n<div id=\"tab-description\" class=\"woocommerce-Tabs-panel woocommerce-Tabs-panel--description panel entry-content active\" role=\"tabpanel\" aria-labelledby=\"tab-title-description\">\n<h1><span style=\"font-size: 90%;\">Motores pneum\u00e1ticos PTM - Solu\u00e7\u00f5es de acionamento eficientes, duradouras e vers\u00e1teis<\/span><\/h1>\n<p>Os motores pneum\u00e1ticos PTM s\u00e3o sin\u00f3nimo de m\u00e1xima efici\u00eancia e desempenho excecional em aplica\u00e7\u00f5es industriais. Com o seu design robusto e puramente mec\u00e2nico e a inovadora tecnologia de pist\u00e3o radial, oferecem uma solu\u00e7\u00e3o fi\u00e1vel para accionamentos em m\u00e1quinas e sistemas, bem como para movimentos rotativos e girat\u00f3rios precisos. O bloco de terminais integrado garante uma vida \u00fatil mais longa do produto para aplica\u00e7\u00f5es num \u00fanico sentido de rota\u00e7\u00e3o (com o cubo virado para a esquerda).<\/p>\n<h4>Carater\u00edsticas importantes dos motores pneum\u00e1ticos PTM<\/h4>\n<ul>\n<li>Tecnologia eficiente: princ\u00edpio do pist\u00e3o radial para m\u00e1xima efici\u00eancia e consumo de ar minimizado.<\/li>\n<li>Elevada capacidade de carga: acion\u00e1vel em rota\u00e7\u00e3o hor\u00e1ria e anti-hor\u00e1ria, pode ser carregada at\u00e9 \u00e0 imobiliza\u00e7\u00e3o.<\/li>\n<li>Design compacto: F\u00e1cil de integrar, mesmo quando o espa\u00e7o \u00e9 limitado.<\/li>\n<li>Econ\u00f3mico: Uma alternativa moderna e econ\u00f3mica aos motores de palhetas convencionais.<\/li>\n<\/ul>\n<h3>Modelo INOX - especialmente para aplica\u00e7\u00f5es exigentes<\/h3>\n<p>O modelo INOX \u00e9 a vers\u00e3o premium para ambientes com requisitos rigorosos de seguran\u00e7a e higiene:<\/p>\n<ul>\n<li>Certifica\u00e7\u00e3o ATEX: Prote\u00e7\u00e3o contra explos\u00f5es para as zonas 1, 2, 21 e 22.<\/li>\n<li>Conformidade alimentar e farmac\u00eautica: Adequado para ind\u00fastrias com os mais elevados requisitos de higiene.<\/li>\n<li>Classe de sala limpa ISO1: Ideal para salas limpas em conformidade com a norma DIN 14644.<\/li>\n<li>Imperme\u00e1vel e resistente: Classe de prote\u00e7\u00e3o IP67, resistente a \u00e1cidos e produtos qu\u00edmicos.<\/li>\n<\/ul>\n<h4>Porqu\u00ea escolher os motores pneum\u00e1ticos PTM?<\/h4>\n<p>Os motores pneum\u00e1ticos PTM oferecem-lhe solu\u00e7\u00f5es potentes, duradouras e energeticamente eficientes que reduzem os custos e aumentam a produtividade. O modelo INOX \u00e9 particularmente impressionante em sectores como a produ\u00e7\u00e3o alimentar, a ind\u00fastria farmac\u00eautica e outras aplica\u00e7\u00f5es cr\u00edticas em termos de higiene.<\/p>\n<\/div>\n<\/div>\n<\/div>","protected":false},"excerpt":{"rendered":"<p>Potente, eficiente em termos energ\u00e9ticos e com um consumo de ar m\u00ednimo. Oferece uma elevada efici\u00eancia e um elevado bin\u00e1rio. Certificado pela ATEX, compat\u00edvel com produtos alimentares e farmac\u00eauticos, adequado para salas limpas de classe ISO1, resistente \u00e0 \u00e1gua at\u00e9 IP67 e resistente a \u00e1cidos e produtos qu\u00edmicos. A solu\u00e7\u00e3o ideal para aplica\u00e7\u00f5es exigentes com os mais elevados requisitos de higiene e desempenho. Equipado com bloco de liga\u00e7\u00e3o para um desempenho de longa dura\u00e7\u00e3o num s\u00f3 sentido de rota\u00e7\u00e3o.<\/p>","protected":false},"featured_media":15382,"comment_status":"open","ping_status":"closed","template":"","meta":{"_acf_changed":false},"product_brand":[],"product_cat":[428,560],"product_tag":[],"class_list":{"0":"post-12842","1":"product","2":"type-product","3":"status-publish","4":"has-post-thumbnail","6":"product_cat-antriebstechnik","7":"product_cat-druckluftmotor-inox","8":"product_shipping_class-karton-paketversand","9":"pa_antriebsart-pneumatisch","10":"pa_antriebswelle-edelstahl-o19mm-mit-passfeder-6n9","11":"pa_atex-zone-122122","12":"pa_dichtung-ptfe-fda-konform","13":"pa_ex-gas-ex-ii-2-g-ex-h-iic-t5-gb-x","14":"pa_ex-staub-ex-ii-2-d-ex-h-iiic-t100c-db-x","15":"pa_geraeuschpegel-75db","16":"pa_labs-oel-und-silikonfrei","17":"pa_material-gehaeuse-v4a-edelstahl-1-4404-elektropoliert","18":"pa_model-pmo-3600-inox","19":"pa_reinraumklassifizierung-iso1-nach-din14644","20":"pa_schutzart-ip67","21":"pa_steckverschraubung-abluft-schlauch-o12mm","22":"pa_steckverschraubung-zuluft-schlauch-o8mm","23":"pa_versorgung-5-6bar","25":"first","26":"instock","27":"taxable","28":"shipping-taxable","29":"purchasable","30":"product-type-variable"},"bundled_by":[],"bundle_stock_status":"instock","bundle_stock_quantity":null,"bundle_virtual":false,"bundle_layout":"","bundle_add_to_cart_form_location":"","bundle_editable_in_cart":false,"bundle_sold_individually_context":"","bundle_item_grouping":"","bundle_min_size":"","bundle_max_size":"","bundle_price":[],"bundled_items":[],"bundle_sell_ids":[],"exclude_global_add_ons":[],"addons":[],"acf":[],"_links":{"self":[{"href":"https:\/\/ptm-mechatronics.com\/pt\/wp-json\/wp\/v2\/product\/12842","targetHints":{"allow":["GET"]}}],"collection":[{"href":"https:\/\/ptm-mechatronics.com\/pt\/wp-json\/wp\/v2\/product"}],"about":[{"href":"https:\/\/ptm-mechatronics.com\/pt\/wp-json\/wp\/v2\/types\/product"}],"replies":[{"embeddable":true,"href":"https:\/\/ptm-mechatronics.com\/pt\/wp-json\/wp\/v2\/comments?post=12842"}],"wp:featuredmedia":[{"embeddable":true,"href":"https:\/\/ptm-mechatronics.com\/pt\/wp-json\/wp\/v2\/media\/15382"}],"wp:attachment":[{"href":"https:\/\/ptm-mechatronics.com\/pt\/wp-json\/wp\/v2\/media?parent=12842"}],"wp:term":[{"taxonomy":"product_brand","embeddable":true,"href":"https:\/\/ptm-mechatronics.com\/pt\/wp-json\/wp\/v2\/product_brand?post=12842"},{"taxonomy":"product_cat","embeddable":true,"href":"https:\/\/ptm-mechatronics.com\/pt\/wp-json\/wp\/v2\/product_cat?post=12842"},{"taxonomy":"product_tag","embeddable":true,"href":"https:\/\/ptm-mechatronics.com\/pt\/wp-json\/wp\/v2\/product_tag?post=12842"}],"curies":[{"name":"wp","href":"https:\/\/api.w.org\/{rel}","templated":true}]}}